{"id":4458,"date":"2020-04-06T07:50:26","date_gmt":"2020-04-06T07:50:26","guid":{"rendered":"http:\/\/controlmatik-abw.si\/?post_type=product&#038;p=4458"},"modified":"2024-03-13T07:48:30","modified_gmt":"2024-03-13T07:48:30","slug":"twinoxide-praskasti-klordioksid","status":"publish","type":"product","link":"https:\/\/controlmatik-abw.si\/sl\/products\/twinoxide-praskasti-klordioksid\/","title":{"rendered":"Twinoxide &#8211; v boj z legionelo"},"content":{"rendered":"<p style=\"text-align: center;\">15 let izku\u0161enj v boju z legionelo<\/p>\n<p class=\"p1\"><b>SPLO\u0160NO<\/b><\/p>\n<p>Legionela je vrsta bakterije, ki se pogosto nahaja v vodnih sistemih, kot so vodovodna omre\u017eja, hladilni stolpi in sistemi za ogrevanje vode. Te bakterije lahko povzro\u010dijo resno bolezen, imenovano legioneloza, zato je njihovo odstranjevanje iz vodovodnih omre\u017eij klju\u010dnega pomena za javno zdravje.<\/p>\n<p>Ena izmed naju\u010dinkovitej\u0161ih metod za boj proti legioneli je uporaba klorovega dioksida. Klorov dioksid je mo\u010dan oksidant, ki uni\u010duje legionelo tako, da napada njeno celi\u010dno steno in prepre\u010duje njeno razmno\u017eevanje. Prednost uporabe klorovega dioksida v primerjavi z drugimi dezinfekcijskimi sredstvi je v njegovi sposobnosti, da ostane u\u010dinkovit tudi pri visokih temperaturah in \u0161irokem razponu pH, kar je idealno za kompleksne vodovodne sisteme.<\/p>\n<p>Z uporabo klorovega dioksida za dezinfekcijo vodovodnih omre\u017eij lahko zagotovimo varno in \u010disto pitno vodo ter za\u0161\u010ditimo javno zdravje pred tveganjem oku\u017ebe z legionelo.<\/p>\n<p><b>RE\u0160ITEV<\/b><\/p>\n<p>TwinOxide je dvokomponentni pra\u0161kasti sistem za pripravo rastopine klordioksida.<\/p>\n<p>Sistem ponuja mo\u017enost dezinfekcije pitne vode v skladu s evropskim standardom kvalitete EN 12671 ter obenem ponuja nizke investicijske vlo\u017eke in stro\u0161kom uporabe. Nizki stro\u0161ki uporabe veljajo do dolo\u010denih koli\u010din pretokov. Pri vi\u0161jih pretokih je smiselno uporabiti druge sisteme za pridobivanje klordioksida, ki jih prav tako najdete na na\u0161i spletni strani.<\/p>\n<p>TwinOxid so dobavlja v obliki dveh komponent v obliki prahu, ki se lahko me\u0161ata in aktivirata glede na trenutne potrebe. Po 2 urah nastane 0,3% raztopina klordioksida, ki je pripravljena<br \/>\nza takoj\u0161njo uporabo ter z rokom uporabne 40 dni. TwinOxid dvokomponentni sistem ima v neraztopljeni obliki neomejen rok trajanja.<\/p>\n<p><strong>V Sloveniji smo na trgu prisotni \u017ee ve\u010d kot 16 let, v tem \u010dasu so nam dezinfekcijo vode zaupali:<\/strong><\/p>\n<ul>\n<li><strong>hoteli<\/strong><\/li>\n<li><strong>bolni\u0161nice<\/strong><\/li>\n<li><strong>domovi za upokojence<\/strong><\/li>\n<li><strong>\u0161portni objekti<\/strong><\/li>\n<li><strong>industrija<\/strong><\/li>\n<\/ul>\n<div id=\"attachment_4468\" style=\"width: 420px\" class=\"wp-caption aligncenter\"><a href=\"http:\/\/controlmatik-abw.si\/wp-content\/uploads\/2020\/04\/P1040012-rotated-e1586162214356.jpg\"><img loading=\"lazy\" decoding=\"async\" aria-describedby=\"caption-attachment-4468\" class=\" wp-image-4468\" src=\"http:\/\/controlmatik-abw.si\/wp-content\/uploads\/2020\/04\/P1040012-rotated-e1586162214356-225x300.jpg\" alt=\"Doziranje klordioksida\" width=\"410\" height=\"547\" srcset=\"https:\/\/controlmatik-abw.si\/wp-content\/uploads\/2020\/04\/P1040012-rotated-e1586162214356-225x300.jpg 225w, https:\/\/controlmatik-abw.si\/wp-content\/uploads\/2020\/04\/P1040012-rotated-e1586162214356-768x1024.jpg 768w, https:\/\/controlmatik-abw.si\/wp-content\/uploads\/2020\/04\/P1040012-rotated-e1586162214356-1152x1536.jpg 1152w, https:\/\/controlmatik-abw.si\/wp-content\/uploads\/2020\/04\/P1040012-rotated-e1586162214356-1536x2048.jpg 1536w, https:\/\/controlmatik-abw.si\/wp-content\/uploads\/2020\/04\/P1040012-rotated-e1586162214356-600x800.jpg 600w, https:\/\/controlmatik-abw.si\/wp-content\/uploads\/2020\/04\/P1040012-rotated-e1586162214356.jpg 1728w\" sizes=\"auto, (max-width: 410px) 100vw, 410px\" \/><\/a><p id=\"caption-attachment-4468\" class=\"wp-caption-text\">Doziranje klordioksida<\/p><\/div>\n<p>&nbsp;<\/p>\n<p>Komponenti in razstopina sta prijavljena slovenskem registru biocidov.<\/p>\n<p><span style=\"color: #000000;\"><strong><span style=\"color: #000000;\">Kontaktirajte nas na <span style=\"color: #33cccc;\"><a style=\"color: #33cccc;\" href=\"mailto:info@controlmatik.eu\"><span style=\"color: #ff0000;\">info@controlmatik.eu<\/span><\/a> <\/span>za ve\u010d informacij<\/span>.<\/strong><\/span><\/p>\n<p>&nbsp;<\/p>\n<p>&nbsp;<\/p>\n<p>&nbsp;<\/p>\n","protected":false},"excerpt":{"rendered":"<p>&nbsp;<\/p>\n<p>&nbsp;<\/p>\n<p>&nbsp;<\/p>\n","protected":false},"featured_media":4973,"template":"","meta":{"_acf_changed":false,"inline_featured_image":false},"product_brand":[],"product_cat":[157],"product_tag":[],"class_list":{"0":"post-4458","1":"product","2":"type-product","3":"status-publish","4":"has-post-thumbnail","6":"product_cat-klordioksid","8":"first","9":"instock","10":"shipping-taxable","11":"purchasable","12":"product-type-simple"},"acf":[],"yoast_head":"<!-- This site is optimized with the Yoast SEO plugin v27.4 - https:\/\/yoast.com\/product\/yoast-seo-wordpress\/ -->\n<title>Twinoxide - v boj z legionelo - Controlmatik ABW<\/title>\n<meta name=\"robots\" content=\"index, follow, max-snippet:-1, max-image-preview:large, max-video-preview:-1\" \/>\n<link rel=\"canonical\" href=\"https:\/\/controlmatik-abw.si\/sl\/products\/twinoxide-praskasti-klordioksid\/\" \/>\n<meta property=\"og:locale\" content=\"sl_SI\" \/>\n<meta property=\"og:type\" content=\"article\" \/>\n<meta property=\"og:title\" content=\"Twinoxide - v boj z legionelo - Controlmatik ABW\" \/>\n<meta property=\"og:description\" content=\"&nbsp;  &nbsp;  &nbsp;\" \/>\n<meta property=\"og:url\" content=\"https:\/\/controlmatik-abw.si\/sl\/products\/twinoxide-praskasti-klordioksid\/\" \/>\n<meta property=\"og:site_name\" content=\"Controlmatik ABW\" \/>\n<meta property=\"article:modified_time\" content=\"2024-03-13T07:48:30+00:00\" \/>\n<meta property=\"og:image\" content=\"https:\/\/controlmatik-abw.si\/wp-content\/uploads\/2020\/04\/twinoxide-legionela-1.jpg\" \/>\n\t<meta property=\"og:image:width\" content=\"560\" \/>\n\t<meta property=\"og:image:height\" content=\"517\" \/>\n\t<meta property=\"og:image:type\" content=\"image\/jpeg\" \/>\n<meta name=\"twitter:card\" content=\"summary_large_image\" \/>\n<meta name=\"twitter:label1\" content=\"Est. reading time\" \/>\n\t<meta name=\"twitter:data1\" content=\"2 minuti\" \/>\n<script type=\"application\/ld+json\" class=\"yoast-schema-graph\">{\"@context\":\"https:\\\/\\\/schema.org\",\"@graph\":[{\"@type\":\"WebPage\",\"@id\":\"https:\\\/\\\/controlmatik-abw.si\\\/sl\\\/products\\\/twinoxide-praskasti-klordioksid\\\/\",\"url\":\"https:\\\/\\\/controlmatik-abw.si\\\/sl\\\/products\\\/twinoxide-praskasti-klordioksid\\\/\",\"name\":\"Twinoxide - v boj z legionelo - Controlmatik ABW\",\"isPartOf\":{\"@id\":\"https:\\\/\\\/controlmatik-abw.si\\\/#website\"},\"primaryImageOfPage\":{\"@id\":\"https:\\\/\\\/controlmatik-abw.si\\\/sl\\\/products\\\/twinoxide-praskasti-klordioksid\\\/#primaryimage\"},\"image\":{\"@id\":\"https:\\\/\\\/controlmatik-abw.si\\\/sl\\\/products\\\/twinoxide-praskasti-klordioksid\\\/#primaryimage\"},\"thumbnailUrl\":\"https:\\\/\\\/controlmatik-abw.si\\\/wp-content\\\/uploads\\\/2020\\\/04\\\/twinoxide-legionela-1.jpg\",\"datePublished\":\"2020-04-06T07:50:26+00:00\",\"dateModified\":\"2024-03-13T07:48:30+00:00\",\"breadcrumb\":{\"@id\":\"https:\\\/\\\/controlmatik-abw.si\\\/sl\\\/products\\\/twinoxide-praskasti-klordioksid\\\/#breadcrumb\"},\"inLanguage\":\"sl-SI\",\"potentialAction\":[{\"@type\":\"ReadAction\",\"target\":[\"https:\\\/\\\/controlmatik-abw.si\\\/sl\\\/products\\\/twinoxide-praskasti-klordioksid\\\/\"]}]},{\"@type\":\"ImageObject\",\"inLanguage\":\"sl-SI\",\"@id\":\"https:\\\/\\\/controlmatik-abw.si\\\/sl\\\/products\\\/twinoxide-praskasti-klordioksid\\\/#primaryimage\",\"url\":\"https:\\\/\\\/controlmatik-abw.si\\\/wp-content\\\/uploads\\\/2020\\\/04\\\/twinoxide-legionela-1.jpg\",\"contentUrl\":\"https:\\\/\\\/controlmatik-abw.si\\\/wp-content\\\/uploads\\\/2020\\\/04\\\/twinoxide-legionela-1.jpg\",\"width\":560,\"height\":517,\"caption\":\"Lagionela odstranjevanje\"},{\"@type\":\"BreadcrumbList\",\"@id\":\"https:\\\/\\\/controlmatik-abw.si\\\/sl\\\/products\\\/twinoxide-praskasti-klordioksid\\\/#breadcrumb\",\"itemListElement\":[{\"@type\":\"ListItem\",\"position\":1,\"name\":\"Home\",\"item\":\"https:\\\/\\\/controlmatik-abw.si\\\/sl\\\/\"},{\"@type\":\"ListItem\",\"position\":2,\"name\":\"Trgovina\",\"item\":\"https:\\\/\\\/controlmatik-abw.si\\\/sl\\\/trgovina\\\/\"},{\"@type\":\"ListItem\",\"position\":3,\"name\":\"Twinoxide &#8211; v boj z legionelo\"}]},{\"@type\":\"WebSite\",\"@id\":\"https:\\\/\\\/controlmatik-abw.si\\\/#website\",\"url\":\"https:\\\/\\\/controlmatik-abw.si\\\/\",\"name\":\"Controlmatik ABW\",\"description\":\"\",\"potentialAction\":[{\"@type\":\"SearchAction\",\"target\":{\"@type\":\"EntryPoint\",\"urlTemplate\":\"https:\\\/\\\/controlmatik-abw.si\\\/?s={search_term_string}\"},\"query-input\":{\"@type\":\"PropertyValueSpecification\",\"valueRequired\":true,\"valueName\":\"search_term_string\"}}],\"inLanguage\":\"sl-SI\"}]}<\/script>\n<!-- \/ Yoast SEO plugin. -->","yoast_head_json":{"title":"Twinoxide - v boj z legionelo - Controlmatik ABW","robots":{"index":"index","follow":"follow","max-snippet":"max-snippet:-1","max-image-preview":"max-image-preview:large","max-video-preview":"max-video-preview:-1"},"canonical":"https:\/\/controlmatik-abw.si\/sl\/products\/twinoxide-praskasti-klordioksid\/","og_locale":"sl_SI","og_type":"article","og_title":"Twinoxide - v boj z legionelo - Controlmatik ABW","og_description":"&nbsp;  &nbsp;  &nbsp;","og_url":"https:\/\/controlmatik-abw.si\/sl\/products\/twinoxide-praskasti-klordioksid\/","og_site_name":"Controlmatik ABW","article_modified_time":"2024-03-13T07:48:30+00:00","og_image":[{"width":560,"height":517,"url":"https:\/\/controlmatik-abw.si\/wp-content\/uploads\/2020\/04\/twinoxide-legionela-1.jpg","type":"image\/jpeg"}],"twitter_card":"summary_large_image","twitter_misc":{"Est. reading time":"2 minuti"},"schema":{"@context":"https:\/\/schema.org","@graph":[{"@type":"WebPage","@id":"https:\/\/controlmatik-abw.si\/sl\/products\/twinoxide-praskasti-klordioksid\/","url":"https:\/\/controlmatik-abw.si\/sl\/products\/twinoxide-praskasti-klordioksid\/","name":"Twinoxide - v boj z legionelo - Controlmatik ABW","isPartOf":{"@id":"https:\/\/controlmatik-abw.si\/#website"},"primaryImageOfPage":{"@id":"https:\/\/controlmatik-abw.si\/sl\/products\/twinoxide-praskasti-klordioksid\/#primaryimage"},"image":{"@id":"https:\/\/controlmatik-abw.si\/sl\/products\/twinoxide-praskasti-klordioksid\/#primaryimage"},"thumbnailUrl":"https:\/\/controlmatik-abw.si\/wp-content\/uploads\/2020\/04\/twinoxide-legionela-1.jpg","datePublished":"2020-04-06T07:50:26+00:00","dateModified":"2024-03-13T07:48:30+00:00","breadcrumb":{"@id":"https:\/\/controlmatik-abw.si\/sl\/products\/twinoxide-praskasti-klordioksid\/#breadcrumb"},"inLanguage":"sl-SI","potentialAction":[{"@type":"ReadAction","target":["https:\/\/controlmatik-abw.si\/sl\/products\/twinoxide-praskasti-klordioksid\/"]}]},{"@type":"ImageObject","inLanguage":"sl-SI","@id":"https:\/\/controlmatik-abw.si\/sl\/products\/twinoxide-praskasti-klordioksid\/#primaryimage","url":"https:\/\/controlmatik-abw.si\/wp-content\/uploads\/2020\/04\/twinoxide-legionela-1.jpg","contentUrl":"https:\/\/controlmatik-abw.si\/wp-content\/uploads\/2020\/04\/twinoxide-legionela-1.jpg","width":560,"height":517,"caption":"Lagionela odstranjevanje"},{"@type":"BreadcrumbList","@id":"https:\/\/controlmatik-abw.si\/sl\/products\/twinoxide-praskasti-klordioksid\/#breadcrumb","itemListElement":[{"@type":"ListItem","position":1,"name":"Home","item":"https:\/\/controlmatik-abw.si\/sl\/"},{"@type":"ListItem","position":2,"name":"Trgovina","item":"https:\/\/controlmatik-abw.si\/sl\/trgovina\/"},{"@type":"ListItem","position":3,"name":"Twinoxide &#8211; v boj z legionelo"}]},{"@type":"WebSite","@id":"https:\/\/controlmatik-abw.si\/#website","url":"https:\/\/controlmatik-abw.si\/","name":"Controlmatik ABW","description":"","potentialAction":[{"@type":"SearchAction","target":{"@type":"EntryPoint","urlTemplate":"https:\/\/controlmatik-abw.si\/?s={search_term_string}"},"query-input":{"@type":"PropertyValueSpecification","valueRequired":true,"valueName":"search_term_string"}}],"inLanguage":"sl-SI"}]}},"_links":{"self":[{"href":"https:\/\/controlmatik-abw.si\/sl\/wp-json\/wp\/v2\/product\/4458","targetHints":{"allow":["GET"]}}],"collection":[{"href":"https:\/\/controlmatik-abw.si\/sl\/wp-json\/wp\/v2\/product"}],"about":[{"href":"https:\/\/controlmatik-abw.si\/sl\/wp-json\/wp\/v2\/types\/product"}],"wp:featuredmedia":[{"embeddable":true,"href":"https:\/\/controlmatik-abw.si\/sl\/wp-json\/wp\/v2\/media\/4973"}],"wp:attachment":[{"href":"https:\/\/controlmatik-abw.si\/sl\/wp-json\/wp\/v2\/media?parent=4458"}],"wp:term":[{"taxonomy":"product_brand","embeddable":true,"href":"https:\/\/controlmatik-abw.si\/sl\/wp-json\/wp\/v2\/product_brand?post=4458"},{"taxonomy":"product_cat","embeddable":true,"href":"https:\/\/controlmatik-abw.si\/sl\/wp-json\/wp\/v2\/product_cat?post=4458"},{"taxonomy":"product_tag","embeddable":true,"href":"https:\/\/controlmatik-abw.si\/sl\/wp-json\/wp\/v2\/product_tag?post=4458"}],"curies":[{"name":"wp","href":"https:\/\/api.w.org\/{rel}","templated":true}]}}