{"id":3838,"date":"2019-11-22T14:42:20","date_gmt":"2019-11-22T14:42:20","guid":{"rendered":"http:\/\/controlmatic.com.dev.cj.si\/?post_type=product&#038;p=3838"},"modified":"2019-11-22T15:28:55","modified_gmt":"2019-11-22T15:28:55","slug":"ultrafiltracijski-sistem-dulcoclean-uf","status":"publish","type":"product","link":"https:\/\/controlmatik-abw.si\/sl\/products\/ultrafiltracijski-sistem-dulcoclean-uf\/","title":{"rendered":"Ultrafiltracijski sistem Dulcoclean\u00ae UF"},"content":{"rendered":"<p><strong>8 &#8211; 75 m3 \/ h filtrata<\/strong><\/p>\n<p>Ultrafiltracijski sistem Dulcoclean\u00ae UF je zanesljiva in varna membranska tehnologija za odstranjevanje motnosti, delcev in mikrobiolo\u0161ke kontaminacije.<\/p>\n<p><b>Vedno kristalno \u010dista pitna voda<\/b><\/p>\n<p>Sistem ultrafiltracije Dulcoclean\u00ae UF se uporablja pri \u010di\u0161\u010denju vode za lo\u010devanje najmanj\u0161ih delcev in motnosti. Membrane zagotavljajo sterilno pregrado, tako da se bakterije, zajedavci in virusi varno odstranijo iz vode &#8211; tudi s spreminjajo\u010do se kakovostjo vode, ki se lahko pojavi po mo\u010dnih padavinah. Kakovost filtrata ostaja konstantno dobra! Pri \u010di\u0161\u010denju pitne vode je postopek filtracije idealno uporabljen pred kon\u010dno dezinfekcijo.<\/p>\n<p>V rednih ciklih se izvajajo povratna spiranja, da se prepre\u010di zama\u0161itev modulov. \u010ci\u0161\u010denje je podprto z dodatkom kemikalij, kjer je to potrebno.<\/p>\n<p><b>Prednosti<\/b><\/p>\n<p>Zelo visoke stopnje zadr\u017eevanja bakterij in virusov (na osnovi faz MS2) 99,999% in \/ ali 99,99%<\/p>\n<p>Minimalna poraba energije in vode<\/p>\n<p>Najve\u010dja obratovalna zanesljivost zaradi popolnoma avtomatiziranega krmiljenja sistema s PLC-jem in shranjevanjem podatkov ter uporabnikom prijaznim zaslonom na dotik z jasno vizualizacijo procesa.<\/p>\n<p>Vsi pomembni dogodki so z elektronsko optimizacijo sistema zapisani v elektronski obliki in jih je mogo\u010de enostavno oceniti.<\/p>\n<p>Konstantni izhod filtrata in u\u010dinkovito povratno pranje s pomo\u010djo povratne \u010drpalkez in nadzorom hitrosti filtracije.<\/p>\n<p>Celovite re\u0161itve usklajene z ostaslimi procesi \u010di\u0161\u010denja vode in \u010di\u0161\u010denje odpadne vode<\/p>\n<p><strong>Aplikacije<\/strong><\/p>\n<p>\u010ci\u0161\u010denje komunalne pitne vode: pitna voda se proizvaja iz povr\u0161inske, izvirske ali podtalne vode.<\/p>\n<p>Industrija hrane in pija\u010d: izbolj\u0161ana kakovost vode.<\/p>\n<p>Razsoljevanje vode: Predobdelava za naprave za razsoljevanje vode (RO, NF ali ionska izmenjava)<\/p>\n","protected":false},"excerpt":{"rendered":"<p>8 &#8211; 75 m3 \/ h filtrata<\/p>\n<p>Ultrafiltracijski sistem Dulcoclean\u00ae UF je zanesljiva in varna membranska tehnologija za odstranjevanje motnosti, delcev in mikrobiolo\u0161ke kontaminacije.<\/p>\n","protected":false},"featured_media":3839,"template":"","meta":{"_acf_changed":false,"inline_featured_image":false},"product_brand":[],"product_cat":[158,164],"product_tag":[],"class_list":{"0":"post-3838","1":"product","2":"type-product","3":"status-publish","4":"has-post-thumbnail","6":"product_cat-filtracija","7":"product_cat-ultrafiltracija","9":"first","10":"instock","11":"virtual","12":"purchasable","13":"product-type-simple"},"acf":[],"yoast_head":"<!-- This site is optimized with the Yoast SEO plugin v27.5 - https:\/\/yoast.com\/product\/yoast-seo-wordpress\/ -->\n<title>Ultrafiltracijski sistem Dulcoclean\u00ae UF - Controlmatik ABW<\/title>\n<meta name=\"robots\" content=\"index, follow, max-snippet:-1, max-image-preview:large, max-video-preview:-1\" \/>\n<link rel=\"canonical\" href=\"https:\/\/controlmatik-abw.si\/sl\/products\/ultrafiltracijski-sistem-dulcoclean-uf\/\" \/>\n<meta property=\"og:locale\" content=\"sl_SI\" \/>\n<meta property=\"og:type\" content=\"article\" \/>\n<meta property=\"og:title\" content=\"Ultrafiltracijski sistem Dulcoclean\u00ae UF - Controlmatik ABW\" \/>\n<meta property=\"og:description\" content=\"8 - 75 m3 \/ h filtrata  Ultrafiltracijski sistem Dulcoclean\u00ae UF je zanesljiva in varna membranska tehnologija za odstranjevanje motnosti, delcev in mikrobiolo\u0161ke kontaminacije.\" \/>\n<meta property=\"og:url\" content=\"https:\/\/controlmatik-abw.si\/sl\/products\/ultrafiltracijski-sistem-dulcoclean-uf\/\" \/>\n<meta property=\"og:site_name\" content=\"Controlmatik ABW\" \/>\n<meta property=\"article:modified_time\" content=\"2019-11-22T15:28:55+00:00\" \/>\n<meta property=\"og:image\" content=\"https:\/\/controlmatik-abw.si\/wp-content\/uploads\/2019\/11\/Ultrafiltration.png\" \/>\n\t<meta property=\"og:image:width\" content=\"790\" \/>\n\t<meta property=\"og:image:height\" content=\"533\" \/>\n\t<meta property=\"og:image:type\" content=\"image\/png\" \/>\n<meta name=\"twitter:card\" content=\"summary_large_image\" \/>\n<meta name=\"twitter:label1\" content=\"Est. reading time\" \/>\n\t<meta name=\"twitter:data1\" content=\"1 minuta\" \/>\n<script type=\"application\/ld+json\" class=\"yoast-schema-graph\">{\"@context\":\"https:\\\/\\\/schema.org\",\"@graph\":[{\"@type\":\"WebPage\",\"@id\":\"https:\\\/\\\/controlmatik-abw.si\\\/sl\\\/products\\\/ultrafiltracijski-sistem-dulcoclean-uf\\\/\",\"url\":\"https:\\\/\\\/controlmatik-abw.si\\\/sl\\\/products\\\/ultrafiltracijski-sistem-dulcoclean-uf\\\/\",\"name\":\"Ultrafiltracijski sistem Dulcoclean\u00ae UF - Controlmatik ABW\",\"isPartOf\":{\"@id\":\"https:\\\/\\\/controlmatik-abw.si\\\/#website\"},\"primaryImageOfPage\":{\"@id\":\"https:\\\/\\\/controlmatik-abw.si\\\/sl\\\/products\\\/ultrafiltracijski-sistem-dulcoclean-uf\\\/#primaryimage\"},\"image\":{\"@id\":\"https:\\\/\\\/controlmatik-abw.si\\\/sl\\\/products\\\/ultrafiltracijski-sistem-dulcoclean-uf\\\/#primaryimage\"},\"thumbnailUrl\":\"https:\\\/\\\/controlmatik-abw.si\\\/wp-content\\\/uploads\\\/2019\\\/11\\\/Ultrafiltration.png\",\"datePublished\":\"2019-11-22T14:42:20+00:00\",\"dateModified\":\"2019-11-22T15:28:55+00:00\",\"breadcrumb\":{\"@id\":\"https:\\\/\\\/controlmatik-abw.si\\\/sl\\\/products\\\/ultrafiltracijski-sistem-dulcoclean-uf\\\/#breadcrumb\"},\"inLanguage\":\"sl-SI\",\"potentialAction\":[{\"@type\":\"ReadAction\",\"target\":[\"https:\\\/\\\/controlmatik-abw.si\\\/sl\\\/products\\\/ultrafiltracijski-sistem-dulcoclean-uf\\\/\"]}]},{\"@type\":\"ImageObject\",\"inLanguage\":\"sl-SI\",\"@id\":\"https:\\\/\\\/controlmatik-abw.si\\\/sl\\\/products\\\/ultrafiltracijski-sistem-dulcoclean-uf\\\/#primaryimage\",\"url\":\"https:\\\/\\\/controlmatik-abw.si\\\/wp-content\\\/uploads\\\/2019\\\/11\\\/Ultrafiltration.png\",\"contentUrl\":\"https:\\\/\\\/controlmatik-abw.si\\\/wp-content\\\/uploads\\\/2019\\\/11\\\/Ultrafiltration.png\",\"width\":790,\"height\":533},{\"@type\":\"BreadcrumbList\",\"@id\":\"https:\\\/\\\/controlmatik-abw.si\\\/sl\\\/products\\\/ultrafiltracijski-sistem-dulcoclean-uf\\\/#breadcrumb\",\"itemListElement\":[{\"@type\":\"ListItem\",\"position\":1,\"name\":\"Home\",\"item\":\"https:\\\/\\\/controlmatik-abw.si\\\/sl\\\/\"},{\"@type\":\"ListItem\",\"position\":2,\"name\":\"Trgovina\",\"item\":\"https:\\\/\\\/controlmatik-abw.si\\\/sl\\\/trgovina\\\/\"},{\"@type\":\"ListItem\",\"position\":3,\"name\":\"Ultrafiltracijski sistem Dulcoclean\u00ae UF\"}]},{\"@type\":\"WebSite\",\"@id\":\"https:\\\/\\\/controlmatik-abw.si\\\/#website\",\"url\":\"https:\\\/\\\/controlmatik-abw.si\\\/\",\"name\":\"Controlmatik ABW\",\"description\":\"\",\"potentialAction\":[{\"@type\":\"SearchAction\",\"target\":{\"@type\":\"EntryPoint\",\"urlTemplate\":\"https:\\\/\\\/controlmatik-abw.si\\\/?s={search_term_string}\"},\"query-input\":{\"@type\":\"PropertyValueSpecification\",\"valueRequired\":true,\"valueName\":\"search_term_string\"}}],\"inLanguage\":\"sl-SI\"}]}<\/script>\n<!-- \/ Yoast SEO plugin. -->","yoast_head_json":{"title":"Ultrafiltracijski sistem Dulcoclean\u00ae UF - Controlmatik ABW","robots":{"index":"index","follow":"follow","max-snippet":"max-snippet:-1","max-image-preview":"max-image-preview:large","max-video-preview":"max-video-preview:-1"},"canonical":"https:\/\/controlmatik-abw.si\/sl\/products\/ultrafiltracijski-sistem-dulcoclean-uf\/","og_locale":"sl_SI","og_type":"article","og_title":"Ultrafiltracijski sistem Dulcoclean\u00ae UF - Controlmatik ABW","og_description":"8 - 75 m3 \/ h filtrata  Ultrafiltracijski sistem Dulcoclean\u00ae UF je zanesljiva in varna membranska tehnologija za odstranjevanje motnosti, delcev in mikrobiolo\u0161ke kontaminacije.","og_url":"https:\/\/controlmatik-abw.si\/sl\/products\/ultrafiltracijski-sistem-dulcoclean-uf\/","og_site_name":"Controlmatik ABW","article_modified_time":"2019-11-22T15:28:55+00:00","og_image":[{"width":790,"height":533,"url":"https:\/\/controlmatik-abw.si\/wp-content\/uploads\/2019\/11\/Ultrafiltration.png","type":"image\/png"}],"twitter_card":"summary_large_image","twitter_misc":{"Est. reading time":"1 minuta"},"schema":{"@context":"https:\/\/schema.org","@graph":[{"@type":"WebPage","@id":"https:\/\/controlmatik-abw.si\/sl\/products\/ultrafiltracijski-sistem-dulcoclean-uf\/","url":"https:\/\/controlmatik-abw.si\/sl\/products\/ultrafiltracijski-sistem-dulcoclean-uf\/","name":"Ultrafiltracijski sistem Dulcoclean\u00ae UF - Controlmatik ABW","isPartOf":{"@id":"https:\/\/controlmatik-abw.si\/#website"},"primaryImageOfPage":{"@id":"https:\/\/controlmatik-abw.si\/sl\/products\/ultrafiltracijski-sistem-dulcoclean-uf\/#primaryimage"},"image":{"@id":"https:\/\/controlmatik-abw.si\/sl\/products\/ultrafiltracijski-sistem-dulcoclean-uf\/#primaryimage"},"thumbnailUrl":"https:\/\/controlmatik-abw.si\/wp-content\/uploads\/2019\/11\/Ultrafiltration.png","datePublished":"2019-11-22T14:42:20+00:00","dateModified":"2019-11-22T15:28:55+00:00","breadcrumb":{"@id":"https:\/\/controlmatik-abw.si\/sl\/products\/ultrafiltracijski-sistem-dulcoclean-uf\/#breadcrumb"},"inLanguage":"sl-SI","potentialAction":[{"@type":"ReadAction","target":["https:\/\/controlmatik-abw.si\/sl\/products\/ultrafiltracijski-sistem-dulcoclean-uf\/"]}]},{"@type":"ImageObject","inLanguage":"sl-SI","@id":"https:\/\/controlmatik-abw.si\/sl\/products\/ultrafiltracijski-sistem-dulcoclean-uf\/#primaryimage","url":"https:\/\/controlmatik-abw.si\/wp-content\/uploads\/2019\/11\/Ultrafiltration.png","contentUrl":"https:\/\/controlmatik-abw.si\/wp-content\/uploads\/2019\/11\/Ultrafiltration.png","width":790,"height":533},{"@type":"BreadcrumbList","@id":"https:\/\/controlmatik-abw.si\/sl\/products\/ultrafiltracijski-sistem-dulcoclean-uf\/#breadcrumb","itemListElement":[{"@type":"ListItem","position":1,"name":"Home","item":"https:\/\/controlmatik-abw.si\/sl\/"},{"@type":"ListItem","position":2,"name":"Trgovina","item":"https:\/\/controlmatik-abw.si\/sl\/trgovina\/"},{"@type":"ListItem","position":3,"name":"Ultrafiltracijski sistem Dulcoclean\u00ae UF"}]},{"@type":"WebSite","@id":"https:\/\/controlmatik-abw.si\/#website","url":"https:\/\/controlmatik-abw.si\/","name":"Controlmatik ABW","description":"","potentialAction":[{"@type":"SearchAction","target":{"@type":"EntryPoint","urlTemplate":"https:\/\/controlmatik-abw.si\/?s={search_term_string}"},"query-input":{"@type":"PropertyValueSpecification","valueRequired":true,"valueName":"search_term_string"}}],"inLanguage":"sl-SI"}]}},"_links":{"self":[{"href":"https:\/\/controlmatik-abw.si\/sl\/wp-json\/wp\/v2\/product\/3838","targetHints":{"allow":["GET"]}}],"collection":[{"href":"https:\/\/controlmatik-abw.si\/sl\/wp-json\/wp\/v2\/product"}],"about":[{"href":"https:\/\/controlmatik-abw.si\/sl\/wp-json\/wp\/v2\/types\/product"}],"wp:featuredmedia":[{"embeddable":true,"href":"https:\/\/controlmatik-abw.si\/sl\/wp-json\/wp\/v2\/media\/3839"}],"wp:attachment":[{"href":"https:\/\/controlmatik-abw.si\/sl\/wp-json\/wp\/v2\/media?parent=3838"}],"wp:term":[{"taxonomy":"product_brand","embeddable":true,"href":"https:\/\/controlmatik-abw.si\/sl\/wp-json\/wp\/v2\/product_brand?post=3838"},{"taxonomy":"product_cat","embeddable":true,"href":"https:\/\/controlmatik-abw.si\/sl\/wp-json\/wp\/v2\/product_cat?post=3838"},{"taxonomy":"product_tag","embeddable":true,"href":"https:\/\/controlmatik-abw.si\/sl\/wp-json\/wp\/v2\/product_tag?post=3838"}],"curies":[{"name":"wp","href":"https:\/\/api.w.org\/{rel}","templated":true}]}}