{"id":3610,"date":"2019-06-18T11:51:52","date_gmt":"2019-06-18T11:51:52","guid":{"rendered":"http:\/\/controlmatic.com.dev.cj.si\/?post_type=product&#038;p=3610"},"modified":"2019-12-13T14:30:34","modified_gmt":"2019-12-13T14:30:34","slug":"procesna-membranska-dozirna-crpalka-zentriplex","status":"publish","type":"product","link":"https:\/\/controlmatik-abw.si\/sl\/products\/procesna-membranska-dozirna-crpalka-zentriplex\/","title":{"rendered":"Procesna membranska dozirna \u010drpalka Zentriplex"},"content":{"rendered":"<p class=\"p1\"><b>SPLO\u0160NO<\/b><\/p>\n<p>Zentriplex zagotavlja odli\u010dno obratovanje in nudi izjemno u\u010dinkovitost kot nihajna tripleksna procesna membranska dozirna \u010drpalka, ki zavzame zelo malo prostora po zaslugi oblike pogonske enote in same \u010drpalke. Izpostavimo lahko tudi njeno u\u010dinkovitost, saj so zahteve po materialu in delu povsem minimalne.<\/p>\n","protected":false},"excerpt":{"rendered":"<p>Zentriplex zagotavlja odli\u010dno obratovanje in nudi izjemno u\u010dinkovitost kot nihajna tripleksna procesna membranska dozirna \u010drpalka, ki zavzame zelo malo prostora po zaslugi oblike pogonske enote in same \u010drpalke.<\/p>\n","protected":false},"featured_media":3611,"template":"","meta":{"_acf_changed":false,"inline_featured_image":false},"product_brand":[],"product_cat":[153,163],"product_tag":[],"class_list":{"0":"post-3610","1":"product","2":"type-product","3":"status-publish","4":"has-post-thumbnail","6":"product_cat-doziranje-tekocin","7":"product_cat-procesne-dozirne-crpalke","9":"first","10":"instock","11":"virtual","12":"purchasable","13":"product-type-simple"},"acf":[],"yoast_head":"<!-- This site is optimized with the Yoast SEO plugin v27.5 - https:\/\/yoast.com\/product\/yoast-seo-wordpress\/ -->\n<title>Procesna membranska dozirna \u010drpalka Zentriplex - Controlmatik ABW<\/title>\n<meta name=\"robots\" content=\"index, follow, max-snippet:-1, max-image-preview:large, max-video-preview:-1\" \/>\n<link rel=\"canonical\" href=\"https:\/\/controlmatik-abw.si\/sl\/products\/procesna-membranska-dozirna-crpalka-zentriplex\/\" \/>\n<meta property=\"og:locale\" content=\"sl_SI\" \/>\n<meta property=\"og:type\" content=\"article\" \/>\n<meta property=\"og:title\" content=\"Procesna membranska dozirna \u010drpalka Zentriplex - Controlmatik ABW\" \/>\n<meta property=\"og:description\" content=\"Zentriplex zagotavlja odli\u010dno obratovanje in nudi izjemno u\u010dinkovitost kot nihajna tripleksna procesna membranska dozirna \u010drpalka, ki zavzame zelo malo prostora po zaslugi oblike pogonske enote in same \u010drpalke.\" \/>\n<meta property=\"og:url\" content=\"https:\/\/controlmatik-abw.si\/sl\/products\/procesna-membranska-dozirna-crpalka-zentriplex\/\" \/>\n<meta property=\"og:site_name\" content=\"Controlmatik ABW\" \/>\n<meta property=\"article:modified_time\" content=\"2019-12-13T14:30:34+00:00\" \/>\n<meta property=\"og:image\" content=\"https:\/\/controlmatik-abw.si\/wp-content\/uploads\/2019\/06\/Process-diaphragm-metering-pump-Zentriplex-API.jpg\" \/>\n\t<meta property=\"og:image:width\" content=\"540\" \/>\n\t<meta property=\"og:image:height\" content=\"305\" \/>\n\t<meta property=\"og:image:type\" content=\"image\/jpeg\" \/>\n<meta name=\"twitter:card\" content=\"summary_large_image\" \/>\n<script type=\"application\/ld+json\" class=\"yoast-schema-graph\">{\"@context\":\"https:\\\/\\\/schema.org\",\"@graph\":[{\"@type\":\"WebPage\",\"@id\":\"https:\\\/\\\/controlmatik-abw.si\\\/sl\\\/products\\\/procesna-membranska-dozirna-crpalka-zentriplex\\\/\",\"url\":\"https:\\\/\\\/controlmatik-abw.si\\\/sl\\\/products\\\/procesna-membranska-dozirna-crpalka-zentriplex\\\/\",\"name\":\"Procesna membranska dozirna \u010drpalka Zentriplex - Controlmatik ABW\",\"isPartOf\":{\"@id\":\"https:\\\/\\\/controlmatik-abw.si\\\/#website\"},\"primaryImageOfPage\":{\"@id\":\"https:\\\/\\\/controlmatik-abw.si\\\/sl\\\/products\\\/procesna-membranska-dozirna-crpalka-zentriplex\\\/#primaryimage\"},\"image\":{\"@id\":\"https:\\\/\\\/controlmatik-abw.si\\\/sl\\\/products\\\/procesna-membranska-dozirna-crpalka-zentriplex\\\/#primaryimage\"},\"thumbnailUrl\":\"https:\\\/\\\/controlmatik-abw.si\\\/wp-content\\\/uploads\\\/2019\\\/06\\\/Process-diaphragm-metering-pump-Zentriplex-API.jpg\",\"datePublished\":\"2019-06-18T11:51:52+00:00\",\"dateModified\":\"2019-12-13T14:30:34+00:00\",\"breadcrumb\":{\"@id\":\"https:\\\/\\\/controlmatik-abw.si\\\/sl\\\/products\\\/procesna-membranska-dozirna-crpalka-zentriplex\\\/#breadcrumb\"},\"inLanguage\":\"sl-SI\",\"potentialAction\":[{\"@type\":\"ReadAction\",\"target\":[\"https:\\\/\\\/controlmatik-abw.si\\\/sl\\\/products\\\/procesna-membranska-dozirna-crpalka-zentriplex\\\/\"]}]},{\"@type\":\"ImageObject\",\"inLanguage\":\"sl-SI\",\"@id\":\"https:\\\/\\\/controlmatik-abw.si\\\/sl\\\/products\\\/procesna-membranska-dozirna-crpalka-zentriplex\\\/#primaryimage\",\"url\":\"https:\\\/\\\/controlmatik-abw.si\\\/wp-content\\\/uploads\\\/2019\\\/06\\\/Process-diaphragm-metering-pump-Zentriplex-API.jpg\",\"contentUrl\":\"https:\\\/\\\/controlmatik-abw.si\\\/wp-content\\\/uploads\\\/2019\\\/06\\\/Process-diaphragm-metering-pump-Zentriplex-API.jpg\",\"width\":540,\"height\":305},{\"@type\":\"BreadcrumbList\",\"@id\":\"https:\\\/\\\/controlmatik-abw.si\\\/sl\\\/products\\\/procesna-membranska-dozirna-crpalka-zentriplex\\\/#breadcrumb\",\"itemListElement\":[{\"@type\":\"ListItem\",\"position\":1,\"name\":\"Home\",\"item\":\"https:\\\/\\\/controlmatik-abw.si\\\/sl\\\/\"},{\"@type\":\"ListItem\",\"position\":2,\"name\":\"Trgovina\",\"item\":\"https:\\\/\\\/controlmatik-abw.si\\\/sl\\\/trgovina\\\/\"},{\"@type\":\"ListItem\",\"position\":3,\"name\":\"Procesna membranska dozirna \u010drpalka Zentriplex\"}]},{\"@type\":\"WebSite\",\"@id\":\"https:\\\/\\\/controlmatik-abw.si\\\/#website\",\"url\":\"https:\\\/\\\/controlmatik-abw.si\\\/\",\"name\":\"Controlmatik ABW\",\"description\":\"\",\"potentialAction\":[{\"@type\":\"SearchAction\",\"target\":{\"@type\":\"EntryPoint\",\"urlTemplate\":\"https:\\\/\\\/controlmatik-abw.si\\\/?s={search_term_string}\"},\"query-input\":{\"@type\":\"PropertyValueSpecification\",\"valueRequired\":true,\"valueName\":\"search_term_string\"}}],\"inLanguage\":\"sl-SI\"}]}<\/script>\n<!-- \/ Yoast SEO plugin. -->","yoast_head_json":{"title":"Procesna membranska dozirna \u010drpalka Zentriplex - Controlmatik ABW","robots":{"index":"index","follow":"follow","max-snippet":"max-snippet:-1","max-image-preview":"max-image-preview:large","max-video-preview":"max-video-preview:-1"},"canonical":"https:\/\/controlmatik-abw.si\/sl\/products\/procesna-membranska-dozirna-crpalka-zentriplex\/","og_locale":"sl_SI","og_type":"article","og_title":"Procesna membranska dozirna \u010drpalka Zentriplex - Controlmatik ABW","og_description":"Zentriplex zagotavlja odli\u010dno obratovanje in nudi izjemno u\u010dinkovitost kot nihajna tripleksna procesna membranska dozirna \u010drpalka, ki zavzame zelo malo prostora po zaslugi oblike pogonske enote in same \u010drpalke.","og_url":"https:\/\/controlmatik-abw.si\/sl\/products\/procesna-membranska-dozirna-crpalka-zentriplex\/","og_site_name":"Controlmatik ABW","article_modified_time":"2019-12-13T14:30:34+00:00","og_image":[{"width":540,"height":305,"url":"https:\/\/controlmatik-abw.si\/wp-content\/uploads\/2019\/06\/Process-diaphragm-metering-pump-Zentriplex-API.jpg","type":"image\/jpeg"}],"twitter_card":"summary_large_image","schema":{"@context":"https:\/\/schema.org","@graph":[{"@type":"WebPage","@id":"https:\/\/controlmatik-abw.si\/sl\/products\/procesna-membranska-dozirna-crpalka-zentriplex\/","url":"https:\/\/controlmatik-abw.si\/sl\/products\/procesna-membranska-dozirna-crpalka-zentriplex\/","name":"Procesna membranska dozirna \u010drpalka Zentriplex - Controlmatik ABW","isPartOf":{"@id":"https:\/\/controlmatik-abw.si\/#website"},"primaryImageOfPage":{"@id":"https:\/\/controlmatik-abw.si\/sl\/products\/procesna-membranska-dozirna-crpalka-zentriplex\/#primaryimage"},"image":{"@id":"https:\/\/controlmatik-abw.si\/sl\/products\/procesna-membranska-dozirna-crpalka-zentriplex\/#primaryimage"},"thumbnailUrl":"https:\/\/controlmatik-abw.si\/wp-content\/uploads\/2019\/06\/Process-diaphragm-metering-pump-Zentriplex-API.jpg","datePublished":"2019-06-18T11:51:52+00:00","dateModified":"2019-12-13T14:30:34+00:00","breadcrumb":{"@id":"https:\/\/controlmatik-abw.si\/sl\/products\/procesna-membranska-dozirna-crpalka-zentriplex\/#breadcrumb"},"inLanguage":"sl-SI","potentialAction":[{"@type":"ReadAction","target":["https:\/\/controlmatik-abw.si\/sl\/products\/procesna-membranska-dozirna-crpalka-zentriplex\/"]}]},{"@type":"ImageObject","inLanguage":"sl-SI","@id":"https:\/\/controlmatik-abw.si\/sl\/products\/procesna-membranska-dozirna-crpalka-zentriplex\/#primaryimage","url":"https:\/\/controlmatik-abw.si\/wp-content\/uploads\/2019\/06\/Process-diaphragm-metering-pump-Zentriplex-API.jpg","contentUrl":"https:\/\/controlmatik-abw.si\/wp-content\/uploads\/2019\/06\/Process-diaphragm-metering-pump-Zentriplex-API.jpg","width":540,"height":305},{"@type":"BreadcrumbList","@id":"https:\/\/controlmatik-abw.si\/sl\/products\/procesna-membranska-dozirna-crpalka-zentriplex\/#breadcrumb","itemListElement":[{"@type":"ListItem","position":1,"name":"Home","item":"https:\/\/controlmatik-abw.si\/sl\/"},{"@type":"ListItem","position":2,"name":"Trgovina","item":"https:\/\/controlmatik-abw.si\/sl\/trgovina\/"},{"@type":"ListItem","position":3,"name":"Procesna membranska dozirna \u010drpalka Zentriplex"}]},{"@type":"WebSite","@id":"https:\/\/controlmatik-abw.si\/#website","url":"https:\/\/controlmatik-abw.si\/","name":"Controlmatik ABW","description":"","potentialAction":[{"@type":"SearchAction","target":{"@type":"EntryPoint","urlTemplate":"https:\/\/controlmatik-abw.si\/?s={search_term_string}"},"query-input":{"@type":"PropertyValueSpecification","valueRequired":true,"valueName":"search_term_string"}}],"inLanguage":"sl-SI"}]}},"_links":{"self":[{"href":"https:\/\/controlmatik-abw.si\/sl\/wp-json\/wp\/v2\/product\/3610","targetHints":{"allow":["GET"]}}],"collection":[{"href":"https:\/\/controlmatik-abw.si\/sl\/wp-json\/wp\/v2\/product"}],"about":[{"href":"https:\/\/controlmatik-abw.si\/sl\/wp-json\/wp\/v2\/types\/product"}],"wp:featuredmedia":[{"embeddable":true,"href":"https:\/\/controlmatik-abw.si\/sl\/wp-json\/wp\/v2\/media\/3611"}],"wp:attachment":[{"href":"https:\/\/controlmatik-abw.si\/sl\/wp-json\/wp\/v2\/media?parent=3610"}],"wp:term":[{"taxonomy":"product_brand","embeddable":true,"href":"https:\/\/controlmatik-abw.si\/sl\/wp-json\/wp\/v2\/product_brand?post=3610"},{"taxonomy":"product_cat","embeddable":true,"href":"https:\/\/controlmatik-abw.si\/sl\/wp-json\/wp\/v2\/product_cat?post=3610"},{"taxonomy":"product_tag","embeddable":true,"href":"https:\/\/controlmatik-abw.si\/sl\/wp-json\/wp\/v2\/product_tag?post=3610"}],"curies":[{"name":"wp","href":"https:\/\/api.w.org\/{rel}","templated":true}]}}