{"id":3522,"date":"2019-06-18T11:14:38","date_gmt":"2019-06-18T11:14:38","guid":{"rendered":"http:\/\/controlmatic.com.dev.cj.si\/?post_type=product&#038;p=3522"},"modified":"2019-12-17T10:03:16","modified_gmt":"2019-12-17T10:03:16","slug":"peristalticna-crpalka-dulcoflex-dfba","status":"publish","type":"product","link":"https:\/\/controlmatik-abw.si\/sl\/products\/peristalticna-crpalka-dulcoflex-dfba\/","title":{"rendered":"Peristalti\u010dna \u010drpalka DULCO\u00aeflex DFBa"},"content":{"rendered":"<p class=\"p1\"><b>SPLO\u0160NO<\/b><\/p>\n<p>Peristalti\u010dna \u010drpalka DULCO\u00aeflex DFBa (izdelana kot nizkotla\u010dna \u010drpalka) je primerna za doziranje najmanj\u0161ih volumnov v laboratorijih.<\/p>\n","protected":false},"excerpt":{"rendered":"<p>Peristalti\u010dna \u010drpalka DULCO\u00aeflex DFBa (izdelana kot nizkotla\u010dna \u010drpalka) je primerna za doziranje najmanj\u0161ih volumnov v laboratorijih.<\/p>\n","protected":false},"featured_media":3523,"template":"","meta":{"_acf_changed":false,"inline_featured_image":false},"product_brand":[],"product_cat":[153,161],"product_tag":[],"class_list":{"0":"post-3522","1":"product","2":"type-product","3":"status-publish","4":"has-post-thumbnail","6":"product_cat-doziranje-tekocin","7":"product_cat-peristalticne-crpalke","9":"first","10":"instock","11":"virtual","12":"purchasable","13":"product-type-simple"},"acf":[],"yoast_head":"<!-- This site is optimized with the Yoast SEO plugin v27.5 - https:\/\/yoast.com\/product\/yoast-seo-wordpress\/ -->\n<title>Peristalti\u010dna \u010drpalka DULCO\u00aeflex DFBa - Controlmatik ABW<\/title>\n<meta name=\"robots\" content=\"index, follow, max-snippet:-1, max-image-preview:large, max-video-preview:-1\" \/>\n<link rel=\"canonical\" href=\"https:\/\/controlmatik-abw.si\/sl\/products\/peristalticna-crpalka-dulcoflex-dfba\/\" \/>\n<meta property=\"og:locale\" content=\"sl_SI\" \/>\n<meta property=\"og:type\" content=\"article\" \/>\n<meta property=\"og:title\" content=\"Peristalti\u010dna \u010drpalka DULCO\u00aeflex DFBa - Controlmatik ABW\" \/>\n<meta property=\"og:description\" content=\"Peristalti\u010dna \u010drpalka DULCO\u00aeflex DFBa (izdelana kot nizkotla\u010dna \u010drpalka) je primerna za doziranje najmanj\u0161ih volumnov v laboratorijih.\" \/>\n<meta property=\"og:url\" content=\"https:\/\/controlmatik-abw.si\/sl\/products\/peristalticna-crpalka-dulcoflex-dfba\/\" \/>\n<meta property=\"og:site_name\" content=\"Controlmatik ABW\" \/>\n<meta property=\"article:modified_time\" content=\"2019-12-17T10:03:16+00:00\" \/>\n<meta property=\"og:image\" content=\"https:\/\/controlmatik-abw.si\/wp-content\/uploads\/2019\/06\/Peristaltic-pump-DULCOflex-DFBa.jpg\" \/>\n\t<meta property=\"og:image:width\" content=\"540\" \/>\n\t<meta property=\"og:image:height\" content=\"305\" \/>\n\t<meta property=\"og:image:type\" content=\"image\/jpeg\" \/>\n<meta name=\"twitter:card\" content=\"summary_large_image\" \/>\n<script type=\"application\/ld+json\" class=\"yoast-schema-graph\">{\"@context\":\"https:\\\/\\\/schema.org\",\"@graph\":[{\"@type\":\"WebPage\",\"@id\":\"https:\\\/\\\/controlmatik-abw.si\\\/sl\\\/products\\\/peristalticna-crpalka-dulcoflex-dfba\\\/\",\"url\":\"https:\\\/\\\/controlmatik-abw.si\\\/sl\\\/products\\\/peristalticna-crpalka-dulcoflex-dfba\\\/\",\"name\":\"Peristalti\u010dna \u010drpalka DULCO\u00aeflex DFBa - Controlmatik ABW\",\"isPartOf\":{\"@id\":\"https:\\\/\\\/controlmatik-abw.si\\\/#website\"},\"primaryImageOfPage\":{\"@id\":\"https:\\\/\\\/controlmatik-abw.si\\\/sl\\\/products\\\/peristalticna-crpalka-dulcoflex-dfba\\\/#primaryimage\"},\"image\":{\"@id\":\"https:\\\/\\\/controlmatik-abw.si\\\/sl\\\/products\\\/peristalticna-crpalka-dulcoflex-dfba\\\/#primaryimage\"},\"thumbnailUrl\":\"https:\\\/\\\/controlmatik-abw.si\\\/wp-content\\\/uploads\\\/2019\\\/06\\\/Peristaltic-pump-DULCOflex-DFBa.jpg\",\"datePublished\":\"2019-06-18T11:14:38+00:00\",\"dateModified\":\"2019-12-17T10:03:16+00:00\",\"breadcrumb\":{\"@id\":\"https:\\\/\\\/controlmatik-abw.si\\\/sl\\\/products\\\/peristalticna-crpalka-dulcoflex-dfba\\\/#breadcrumb\"},\"inLanguage\":\"sl-SI\",\"potentialAction\":[{\"@type\":\"ReadAction\",\"target\":[\"https:\\\/\\\/controlmatik-abw.si\\\/sl\\\/products\\\/peristalticna-crpalka-dulcoflex-dfba\\\/\"]}]},{\"@type\":\"ImageObject\",\"inLanguage\":\"sl-SI\",\"@id\":\"https:\\\/\\\/controlmatik-abw.si\\\/sl\\\/products\\\/peristalticna-crpalka-dulcoflex-dfba\\\/#primaryimage\",\"url\":\"https:\\\/\\\/controlmatik-abw.si\\\/wp-content\\\/uploads\\\/2019\\\/06\\\/Peristaltic-pump-DULCOflex-DFBa.jpg\",\"contentUrl\":\"https:\\\/\\\/controlmatik-abw.si\\\/wp-content\\\/uploads\\\/2019\\\/06\\\/Peristaltic-pump-DULCOflex-DFBa.jpg\",\"width\":540,\"height\":305},{\"@type\":\"BreadcrumbList\",\"@id\":\"https:\\\/\\\/controlmatik-abw.si\\\/sl\\\/products\\\/peristalticna-crpalka-dulcoflex-dfba\\\/#breadcrumb\",\"itemListElement\":[{\"@type\":\"ListItem\",\"position\":1,\"name\":\"Home\",\"item\":\"https:\\\/\\\/controlmatik-abw.si\\\/sl\\\/\"},{\"@type\":\"ListItem\",\"position\":2,\"name\":\"Trgovina\",\"item\":\"https:\\\/\\\/controlmatik-abw.si\\\/sl\\\/trgovina\\\/\"},{\"@type\":\"ListItem\",\"position\":3,\"name\":\"Peristalti\u010dna \u010drpalka DULCO\u00aeflex DFBa\"}]},{\"@type\":\"WebSite\",\"@id\":\"https:\\\/\\\/controlmatik-abw.si\\\/#website\",\"url\":\"https:\\\/\\\/controlmatik-abw.si\\\/\",\"name\":\"Controlmatik ABW\",\"description\":\"\",\"potentialAction\":[{\"@type\":\"SearchAction\",\"target\":{\"@type\":\"EntryPoint\",\"urlTemplate\":\"https:\\\/\\\/controlmatik-abw.si\\\/?s={search_term_string}\"},\"query-input\":{\"@type\":\"PropertyValueSpecification\",\"valueRequired\":true,\"valueName\":\"search_term_string\"}}],\"inLanguage\":\"sl-SI\"}]}<\/script>\n<!-- \/ Yoast SEO plugin. -->","yoast_head_json":{"title":"Peristalti\u010dna \u010drpalka DULCO\u00aeflex DFBa - Controlmatik ABW","robots":{"index":"index","follow":"follow","max-snippet":"max-snippet:-1","max-image-preview":"max-image-preview:large","max-video-preview":"max-video-preview:-1"},"canonical":"https:\/\/controlmatik-abw.si\/sl\/products\/peristalticna-crpalka-dulcoflex-dfba\/","og_locale":"sl_SI","og_type":"article","og_title":"Peristalti\u010dna \u010drpalka DULCO\u00aeflex DFBa - Controlmatik ABW","og_description":"Peristalti\u010dna \u010drpalka DULCO\u00aeflex DFBa (izdelana kot nizkotla\u010dna \u010drpalka) je primerna za doziranje najmanj\u0161ih volumnov v laboratorijih.","og_url":"https:\/\/controlmatik-abw.si\/sl\/products\/peristalticna-crpalka-dulcoflex-dfba\/","og_site_name":"Controlmatik ABW","article_modified_time":"2019-12-17T10:03:16+00:00","og_image":[{"width":540,"height":305,"url":"https:\/\/controlmatik-abw.si\/wp-content\/uploads\/2019\/06\/Peristaltic-pump-DULCOflex-DFBa.jpg","type":"image\/jpeg"}],"twitter_card":"summary_large_image","schema":{"@context":"https:\/\/schema.org","@graph":[{"@type":"WebPage","@id":"https:\/\/controlmatik-abw.si\/sl\/products\/peristalticna-crpalka-dulcoflex-dfba\/","url":"https:\/\/controlmatik-abw.si\/sl\/products\/peristalticna-crpalka-dulcoflex-dfba\/","name":"Peristalti\u010dna \u010drpalka DULCO\u00aeflex DFBa - Controlmatik ABW","isPartOf":{"@id":"https:\/\/controlmatik-abw.si\/#website"},"primaryImageOfPage":{"@id":"https:\/\/controlmatik-abw.si\/sl\/products\/peristalticna-crpalka-dulcoflex-dfba\/#primaryimage"},"image":{"@id":"https:\/\/controlmatik-abw.si\/sl\/products\/peristalticna-crpalka-dulcoflex-dfba\/#primaryimage"},"thumbnailUrl":"https:\/\/controlmatik-abw.si\/wp-content\/uploads\/2019\/06\/Peristaltic-pump-DULCOflex-DFBa.jpg","datePublished":"2019-06-18T11:14:38+00:00","dateModified":"2019-12-17T10:03:16+00:00","breadcrumb":{"@id":"https:\/\/controlmatik-abw.si\/sl\/products\/peristalticna-crpalka-dulcoflex-dfba\/#breadcrumb"},"inLanguage":"sl-SI","potentialAction":[{"@type":"ReadAction","target":["https:\/\/controlmatik-abw.si\/sl\/products\/peristalticna-crpalka-dulcoflex-dfba\/"]}]},{"@type":"ImageObject","inLanguage":"sl-SI","@id":"https:\/\/controlmatik-abw.si\/sl\/products\/peristalticna-crpalka-dulcoflex-dfba\/#primaryimage","url":"https:\/\/controlmatik-abw.si\/wp-content\/uploads\/2019\/06\/Peristaltic-pump-DULCOflex-DFBa.jpg","contentUrl":"https:\/\/controlmatik-abw.si\/wp-content\/uploads\/2019\/06\/Peristaltic-pump-DULCOflex-DFBa.jpg","width":540,"height":305},{"@type":"BreadcrumbList","@id":"https:\/\/controlmatik-abw.si\/sl\/products\/peristalticna-crpalka-dulcoflex-dfba\/#breadcrumb","itemListElement":[{"@type":"ListItem","position":1,"name":"Home","item":"https:\/\/controlmatik-abw.si\/sl\/"},{"@type":"ListItem","position":2,"name":"Trgovina","item":"https:\/\/controlmatik-abw.si\/sl\/trgovina\/"},{"@type":"ListItem","position":3,"name":"Peristalti\u010dna \u010drpalka DULCO\u00aeflex DFBa"}]},{"@type":"WebSite","@id":"https:\/\/controlmatik-abw.si\/#website","url":"https:\/\/controlmatik-abw.si\/","name":"Controlmatik ABW","description":"","potentialAction":[{"@type":"SearchAction","target":{"@type":"EntryPoint","urlTemplate":"https:\/\/controlmatik-abw.si\/?s={search_term_string}"},"query-input":{"@type":"PropertyValueSpecification","valueRequired":true,"valueName":"search_term_string"}}],"inLanguage":"sl-SI"}]}},"_links":{"self":[{"href":"https:\/\/controlmatik-abw.si\/sl\/wp-json\/wp\/v2\/product\/3522","targetHints":{"allow":["GET"]}}],"collection":[{"href":"https:\/\/controlmatik-abw.si\/sl\/wp-json\/wp\/v2\/product"}],"about":[{"href":"https:\/\/controlmatik-abw.si\/sl\/wp-json\/wp\/v2\/types\/product"}],"wp:featuredmedia":[{"embeddable":true,"href":"https:\/\/controlmatik-abw.si\/sl\/wp-json\/wp\/v2\/media\/3523"}],"wp:attachment":[{"href":"https:\/\/controlmatik-abw.si\/sl\/wp-json\/wp\/v2\/media?parent=3522"}],"wp:term":[{"taxonomy":"product_brand","embeddable":true,"href":"https:\/\/controlmatik-abw.si\/sl\/wp-json\/wp\/v2\/product_brand?post=3522"},{"taxonomy":"product_cat","embeddable":true,"href":"https:\/\/controlmatik-abw.si\/sl\/wp-json\/wp\/v2\/product_cat?post=3522"},{"taxonomy":"product_tag","embeddable":true,"href":"https:\/\/controlmatik-abw.si\/sl\/wp-json\/wp\/v2\/product_tag?post=3522"}],"curies":[{"name":"wp","href":"https:\/\/api.w.org\/{rel}","templated":true}]}}