{"id":3481,"date":"2019-06-18T10:54:50","date_gmt":"2019-06-18T10:54:50","guid":{"rendered":"http:\/\/controlmatic.com.dev.cj.si\/?post_type=product&#038;p=3481"},"modified":"2019-12-17T10:33:19","modified_gmt":"2019-12-17T10:33:19","slug":"merilec-pretoka-dulcoflow","status":"publish","type":"product","link":"https:\/\/controlmatik-abw.si\/sl\/products\/merilec-pretoka-dulcoflow\/","title":{"rendered":"Merilec pretoka DulcoFlow\u00ae"},"content":{"rendered":"<p class=\"p1\"><b>SPLO\u0160NO<\/b><\/p>\n<p>Merilec pretoka DulcoFlow<strong>\u00ae<\/strong> zanesljivo meri pulzni tok nad 0.03 ml\/udarec, in sicer po principu merjenja ultrazvoka. Merilec pretoka dose\u017ee maksimalno kemi\u010dno odpornost, saj so vsi deli, ki se lahko zmo\u010dijo, narejeni iz PVDF in PTFE.<\/p>\n","protected":false},"excerpt":{"rendered":"<p>Merilec pretoka DulcoFlow zanesljivo meri pulzni tok nad 0.03 ml\/udarec, in sicer po principu merjenja ultrazvoka. Merilec pretoka dose\u017ee maksimalno kemi\u010dno odpornost, saj so vsi deli, ki se lahko zmo\u010dijo, narejeni iz PVDF in PTFE.<\/p>\n","protected":false},"featured_media":3482,"template":"","meta":{"_acf_changed":false,"inline_featured_image":false},"product_brand":[],"product_cat":[153,159],"product_tag":[],"class_list":{"0":"post-3481","1":"product","2":"type-product","3":"status-publish","4":"has-post-thumbnail","6":"product_cat-doziranje-tekocin","7":"product_cat-nizkotlacne-dozirne-crpalke","9":"first","10":"instock","11":"virtual","12":"purchasable","13":"product-type-simple"},"acf":[],"yoast_head":"<!-- This site is optimized with the Yoast SEO plugin v27.5 - https:\/\/yoast.com\/product\/yoast-seo-wordpress\/ -->\n<title>Merilec pretoka DulcoFlow\u00ae - Controlmatik ABW<\/title>\n<meta name=\"robots\" content=\"index, follow, max-snippet:-1, max-image-preview:large, max-video-preview:-1\" \/>\n<link rel=\"canonical\" href=\"https:\/\/controlmatik-abw.si\/sl\/products\/merilec-pretoka-dulcoflow\/\" \/>\n<meta property=\"og:locale\" content=\"sl_SI\" \/>\n<meta property=\"og:type\" content=\"article\" \/>\n<meta property=\"og:title\" content=\"Merilec pretoka DulcoFlow\u00ae - Controlmatik ABW\" \/>\n<meta property=\"og:description\" content=\"Merilec pretoka DulcoFlow zanesljivo meri pulzni tok nad 0.03 ml\/udarec, in sicer po principu merjenja ultrazvoka. Merilec pretoka dose\u017ee maksimalno kemi\u010dno odpornost, saj so vsi deli, ki se lahko zmo\u010dijo, narejeni iz PVDF in PTFE.\" \/>\n<meta property=\"og:url\" content=\"https:\/\/controlmatik-abw.si\/sl\/products\/merilec-pretoka-dulcoflow\/\" \/>\n<meta property=\"og:site_name\" content=\"Controlmatik ABW\" \/>\n<meta property=\"article:modified_time\" content=\"2019-12-17T10:33:19+00:00\" \/>\n<meta property=\"og:image\" content=\"https:\/\/controlmatik-abw.si\/wp-content\/uploads\/2019\/06\/Flowmeter-dulcoflow.jpg\" \/>\n\t<meta property=\"og:image:width\" content=\"540\" \/>\n\t<meta property=\"og:image:height\" content=\"305\" \/>\n\t<meta property=\"og:image:type\" content=\"image\/jpeg\" \/>\n<meta name=\"twitter:card\" content=\"summary_large_image\" \/>\n<script type=\"application\/ld+json\" class=\"yoast-schema-graph\">{\"@context\":\"https:\\\/\\\/schema.org\",\"@graph\":[{\"@type\":\"WebPage\",\"@id\":\"https:\\\/\\\/controlmatik-abw.si\\\/sl\\\/products\\\/merilec-pretoka-dulcoflow\\\/\",\"url\":\"https:\\\/\\\/controlmatik-abw.si\\\/sl\\\/products\\\/merilec-pretoka-dulcoflow\\\/\",\"name\":\"Merilec pretoka DulcoFlow\u00ae - Controlmatik ABW\",\"isPartOf\":{\"@id\":\"https:\\\/\\\/controlmatik-abw.si\\\/#website\"},\"primaryImageOfPage\":{\"@id\":\"https:\\\/\\\/controlmatik-abw.si\\\/sl\\\/products\\\/merilec-pretoka-dulcoflow\\\/#primaryimage\"},\"image\":{\"@id\":\"https:\\\/\\\/controlmatik-abw.si\\\/sl\\\/products\\\/merilec-pretoka-dulcoflow\\\/#primaryimage\"},\"thumbnailUrl\":\"https:\\\/\\\/controlmatik-abw.si\\\/wp-content\\\/uploads\\\/2019\\\/06\\\/Flowmeter-dulcoflow.jpg\",\"datePublished\":\"2019-06-18T10:54:50+00:00\",\"dateModified\":\"2019-12-17T10:33:19+00:00\",\"breadcrumb\":{\"@id\":\"https:\\\/\\\/controlmatik-abw.si\\\/sl\\\/products\\\/merilec-pretoka-dulcoflow\\\/#breadcrumb\"},\"inLanguage\":\"sl-SI\",\"potentialAction\":[{\"@type\":\"ReadAction\",\"target\":[\"https:\\\/\\\/controlmatik-abw.si\\\/sl\\\/products\\\/merilec-pretoka-dulcoflow\\\/\"]}]},{\"@type\":\"ImageObject\",\"inLanguage\":\"sl-SI\",\"@id\":\"https:\\\/\\\/controlmatik-abw.si\\\/sl\\\/products\\\/merilec-pretoka-dulcoflow\\\/#primaryimage\",\"url\":\"https:\\\/\\\/controlmatik-abw.si\\\/wp-content\\\/uploads\\\/2019\\\/06\\\/Flowmeter-dulcoflow.jpg\",\"contentUrl\":\"https:\\\/\\\/controlmatik-abw.si\\\/wp-content\\\/uploads\\\/2019\\\/06\\\/Flowmeter-dulcoflow.jpg\",\"width\":540,\"height\":305},{\"@type\":\"BreadcrumbList\",\"@id\":\"https:\\\/\\\/controlmatik-abw.si\\\/sl\\\/products\\\/merilec-pretoka-dulcoflow\\\/#breadcrumb\",\"itemListElement\":[{\"@type\":\"ListItem\",\"position\":1,\"name\":\"Home\",\"item\":\"https:\\\/\\\/controlmatik-abw.si\\\/sl\\\/\"},{\"@type\":\"ListItem\",\"position\":2,\"name\":\"Trgovina\",\"item\":\"https:\\\/\\\/controlmatik-abw.si\\\/sl\\\/trgovina\\\/\"},{\"@type\":\"ListItem\",\"position\":3,\"name\":\"Merilec pretoka DulcoFlow\u00ae\"}]},{\"@type\":\"WebSite\",\"@id\":\"https:\\\/\\\/controlmatik-abw.si\\\/#website\",\"url\":\"https:\\\/\\\/controlmatik-abw.si\\\/\",\"name\":\"Controlmatik ABW\",\"description\":\"\",\"potentialAction\":[{\"@type\":\"SearchAction\",\"target\":{\"@type\":\"EntryPoint\",\"urlTemplate\":\"https:\\\/\\\/controlmatik-abw.si\\\/?s={search_term_string}\"},\"query-input\":{\"@type\":\"PropertyValueSpecification\",\"valueRequired\":true,\"valueName\":\"search_term_string\"}}],\"inLanguage\":\"sl-SI\"}]}<\/script>\n<!-- \/ Yoast SEO plugin. -->","yoast_head_json":{"title":"Merilec pretoka DulcoFlow\u00ae - Controlmatik ABW","robots":{"index":"index","follow":"follow","max-snippet":"max-snippet:-1","max-image-preview":"max-image-preview:large","max-video-preview":"max-video-preview:-1"},"canonical":"https:\/\/controlmatik-abw.si\/sl\/products\/merilec-pretoka-dulcoflow\/","og_locale":"sl_SI","og_type":"article","og_title":"Merilec pretoka DulcoFlow\u00ae - Controlmatik ABW","og_description":"Merilec pretoka DulcoFlow zanesljivo meri pulzni tok nad 0.03 ml\/udarec, in sicer po principu merjenja ultrazvoka. Merilec pretoka dose\u017ee maksimalno kemi\u010dno odpornost, saj so vsi deli, ki se lahko zmo\u010dijo, narejeni iz PVDF in PTFE.","og_url":"https:\/\/controlmatik-abw.si\/sl\/products\/merilec-pretoka-dulcoflow\/","og_site_name":"Controlmatik ABW","article_modified_time":"2019-12-17T10:33:19+00:00","og_image":[{"width":540,"height":305,"url":"https:\/\/controlmatik-abw.si\/wp-content\/uploads\/2019\/06\/Flowmeter-dulcoflow.jpg","type":"image\/jpeg"}],"twitter_card":"summary_large_image","schema":{"@context":"https:\/\/schema.org","@graph":[{"@type":"WebPage","@id":"https:\/\/controlmatik-abw.si\/sl\/products\/merilec-pretoka-dulcoflow\/","url":"https:\/\/controlmatik-abw.si\/sl\/products\/merilec-pretoka-dulcoflow\/","name":"Merilec pretoka DulcoFlow\u00ae - Controlmatik ABW","isPartOf":{"@id":"https:\/\/controlmatik-abw.si\/#website"},"primaryImageOfPage":{"@id":"https:\/\/controlmatik-abw.si\/sl\/products\/merilec-pretoka-dulcoflow\/#primaryimage"},"image":{"@id":"https:\/\/controlmatik-abw.si\/sl\/products\/merilec-pretoka-dulcoflow\/#primaryimage"},"thumbnailUrl":"https:\/\/controlmatik-abw.si\/wp-content\/uploads\/2019\/06\/Flowmeter-dulcoflow.jpg","datePublished":"2019-06-18T10:54:50+00:00","dateModified":"2019-12-17T10:33:19+00:00","breadcrumb":{"@id":"https:\/\/controlmatik-abw.si\/sl\/products\/merilec-pretoka-dulcoflow\/#breadcrumb"},"inLanguage":"sl-SI","potentialAction":[{"@type":"ReadAction","target":["https:\/\/controlmatik-abw.si\/sl\/products\/merilec-pretoka-dulcoflow\/"]}]},{"@type":"ImageObject","inLanguage":"sl-SI","@id":"https:\/\/controlmatik-abw.si\/sl\/products\/merilec-pretoka-dulcoflow\/#primaryimage","url":"https:\/\/controlmatik-abw.si\/wp-content\/uploads\/2019\/06\/Flowmeter-dulcoflow.jpg","contentUrl":"https:\/\/controlmatik-abw.si\/wp-content\/uploads\/2019\/06\/Flowmeter-dulcoflow.jpg","width":540,"height":305},{"@type":"BreadcrumbList","@id":"https:\/\/controlmatik-abw.si\/sl\/products\/merilec-pretoka-dulcoflow\/#breadcrumb","itemListElement":[{"@type":"ListItem","position":1,"name":"Home","item":"https:\/\/controlmatik-abw.si\/sl\/"},{"@type":"ListItem","position":2,"name":"Trgovina","item":"https:\/\/controlmatik-abw.si\/sl\/trgovina\/"},{"@type":"ListItem","position":3,"name":"Merilec pretoka DulcoFlow\u00ae"}]},{"@type":"WebSite","@id":"https:\/\/controlmatik-abw.si\/#website","url":"https:\/\/controlmatik-abw.si\/","name":"Controlmatik ABW","description":"","potentialAction":[{"@type":"SearchAction","target":{"@type":"EntryPoint","urlTemplate":"https:\/\/controlmatik-abw.si\/?s={search_term_string}"},"query-input":{"@type":"PropertyValueSpecification","valueRequired":true,"valueName":"search_term_string"}}],"inLanguage":"sl-SI"}]}},"_links":{"self":[{"href":"https:\/\/controlmatik-abw.si\/sl\/wp-json\/wp\/v2\/product\/3481","targetHints":{"allow":["GET"]}}],"collection":[{"href":"https:\/\/controlmatik-abw.si\/sl\/wp-json\/wp\/v2\/product"}],"about":[{"href":"https:\/\/controlmatik-abw.si\/sl\/wp-json\/wp\/v2\/types\/product"}],"wp:featuredmedia":[{"embeddable":true,"href":"https:\/\/controlmatik-abw.si\/sl\/wp-json\/wp\/v2\/media\/3482"}],"wp:attachment":[{"href":"https:\/\/controlmatik-abw.si\/sl\/wp-json\/wp\/v2\/media?parent=3481"}],"wp:term":[{"taxonomy":"product_brand","embeddable":true,"href":"https:\/\/controlmatik-abw.si\/sl\/wp-json\/wp\/v2\/product_brand?post=3481"},{"taxonomy":"product_cat","embeddable":true,"href":"https:\/\/controlmatik-abw.si\/sl\/wp-json\/wp\/v2\/product_cat?post=3481"},{"taxonomy":"product_tag","embeddable":true,"href":"https:\/\/controlmatik-abw.si\/sl\/wp-json\/wp\/v2\/product_tag?post=3481"}],"curies":[{"name":"wp","href":"https:\/\/api.w.org\/{rel}","templated":true}]}}