{"id":3403,"date":"2019-05-21T08:20:39","date_gmt":"2019-05-21T08:20:39","guid":{"rendered":"http:\/\/controlmatic.com.dev.cj.si\/products\/import-placeholder-for-1634\/"},"modified":"2019-12-18T12:46:43","modified_gmt":"2019-12-18T12:46:43","slug":"elektricni-zaporni-sistem-serije-m-3800-epess","status":"publish","type":"product","link":"https:\/\/controlmatik-abw.si\/sl\/products\/elektricni-zaporni-sistem-serije-m-3800-epess\/","title":{"rendered":"Elektri\u010dni zaporni sistem serije M 3800 EPESS"},"content":{"rendered":"<p class=\"p1\"><b>KLJU\u010cNE LASTNOSTI<\/b><\/p>\n<p class=\"p1\">Elektri\u010dni pogon<\/p>\n<p class=\"p1\">Rezervna baterija<\/p>\n<p class=\"p1\">Monta\u017ea direktno na ventil jeklenke ali na kontejner klora<\/p>\n<p class=\"p1\">Enostavna namestitev in odstranitev sistema, brez orodja<\/p>\n<p class=\"p1\">Nastavljivost vrednosti navora<\/p>\n<p class=\"p1\">\u010cas zapiranja ventila manj kot 4 sekunde<\/p>\n<p class=\"p1\">Visoko kakovostni materiali, odporni na korozivna okolja<\/p>\n<p class=\"p1\"><b>SPLO\u0160NO<\/b><\/p>\n<p class=\"p1\">Zaporni sistem M 3800 EPESS zagotavlja varno zaprtje ventilov na jeklenkah ali kontejnerjih klora v primeru uhajanja klora.<br \/>\nDelovanje \u201cM 3800 EPESS\u201d je povezano z drugimi napravami za zaznavanje klora. Ko detektor klora v zraku zazna prisotnost klora, po\u0161lje elektri\u010dni signal nadzorni plo\u0161\u010di zapornega sistema. Nadzorna plo\u0161\u010da nato spro\u017ei elektri\u010dni pogon, ki je montiran direktno na ventil jeklenke ali kontejnerja. \u010cas zapiranja je 3-4 sekunde.<br \/>\nSistem se lahko spro\u017ei tudi ro\u010dno, preko stikala name\u0161\u010denega zunaj prostora, kjer se skladi\u0161\u010di klor. Po zaprtju ventilov lahko upravljalec varno vstopi v prostor.<br \/>\nZa ponastavitev sistema upravljalec ro\u010dno odpre ventile in nastavi nadzorno plo\u0161\u010do v \u201cready mode\u201d oziroma \u201cstanje pripravljenosti\u201d. Sistem ima zelo preprost na\u010din monta\u017ee in se lahko uporablja na razli\u010dnih enotah (ventili jeklenk ali kontejnerjev). Sistem za pogon uporablja elektri\u010dno energijo, zato je opremljen tudi z rezervno baterijo v primeru izpada elektri\u010dne energije.<\/p>\n<p class=\"p1\"><b>Standardna oprema<\/b><\/p>\n<p class=\"p1\">M 3800 EPESS-EA Elektri\u010dni pogon in 10 m kabla za povezavo med nadzorno enoto in pogonom.<\/p>\n<p class=\"p1\">M 3800 EPESS-CP Nadzorna plo\u0161\u010da z rezervno baterijo, nadzorno enoto in napajanjem za nadzor do 6-ih pogonov.<\/p>\n<p class=\"p1\"><b>DELOVANJE<\/b><\/p>\n<p class=\"p1\">Zaporni sistem M 3800 EPESS je deluje tako, da v primeru uhajanja plinskega klora zapre ventile jeklenk ali kontejnerjev. Zasnovan je le za zapiranje in NE za odpiranje ventilov. Ventili se morajo odpreti ro\u010dno s klju\u010dem. Pred ponovno namestitvijo zapornega sistema je potrebno preveriti tesnost ventilov. Ko je sistem name\u0161\u010den, je potrebno preveriti navor pogona. V nujnem primeru bo pogon spro\u017een s strani ro\u010dnega stikala, nadzorne plo\u0161\u010de ali kak\u0161nega dugega avtomatskega spro\u017eilca.<\/p>\n","protected":false},"excerpt":{"rendered":"<p class=\"p1\">Zaporni sistem M 3800 EPESS zagotavlja varno zaprtje ventilov na jeklenkah ali kontejnerjih klora v primeru uhajanja klora.<\/p>\n","protected":false},"featured_media":1694,"template":"","meta":{"_acf_changed":false,"inline_featured_image":false},"product_brand":[],"product_cat":[137],"product_tag":[],"class_list":{"0":"post-3403","1":"product","2":"type-product","3":"status-publish","4":"has-post-thumbnail","6":"product_cat-varnost","8":"first","9":"instock","10":"virtual","11":"purchasable","12":"product-type-simple"},"acf":[],"yoast_head":"<!-- This site is optimized with the Yoast SEO plugin v27.5 - https:\/\/yoast.com\/product\/yoast-seo-wordpress\/ -->\n<title>Elektri\u010dni zaporni sistem serije M 3800 EPESS - Controlmatik ABW<\/title>\n<meta name=\"robots\" content=\"index, follow, max-snippet:-1, max-image-preview:large, max-video-preview:-1\" \/>\n<link rel=\"canonical\" href=\"https:\/\/controlmatik-abw.si\/sl\/products\/elektricni-zaporni-sistem-serije-m-3800-epess\/\" \/>\n<meta property=\"og:locale\" content=\"sl_SI\" \/>\n<meta property=\"og:type\" content=\"article\" \/>\n<meta property=\"og:title\" content=\"Elektri\u010dni zaporni sistem serije M 3800 EPESS - Controlmatik ABW\" \/>\n<meta property=\"og:description\" content=\"Zaporni sistem M 3800 EPESS zagotavlja varno zaprtje ventilov na jeklenkah ali kontejnerjih klora v primeru uhajanja klora.\" \/>\n<meta property=\"og:url\" content=\"https:\/\/controlmatik-abw.si\/sl\/products\/elektricni-zaporni-sistem-serije-m-3800-epess\/\" \/>\n<meta property=\"og:site_name\" content=\"Controlmatik ABW\" \/>\n<meta property=\"article:modified_time\" content=\"2019-12-18T12:46:43+00:00\" \/>\n<meta property=\"og:image\" content=\"https:\/\/controlmatik-abw.si\/wp-content\/uploads\/2018\/10\/electric-power-emergency-shut-down-system-M-3800-EPESS.jpg\" \/>\n\t<meta property=\"og:image:width\" content=\"800\" \/>\n\t<meta property=\"og:image:height\" content=\"533\" \/>\n\t<meta property=\"og:image:type\" content=\"image\/jpeg\" \/>\n<meta name=\"twitter:card\" content=\"summary_large_image\" \/>\n<meta name=\"twitter:label1\" content=\"Est. reading time\" \/>\n\t<meta name=\"twitter:data1\" content=\"2 minuti\" \/>\n<script type=\"application\/ld+json\" class=\"yoast-schema-graph\">{\"@context\":\"https:\\\/\\\/schema.org\",\"@graph\":[{\"@type\":\"WebPage\",\"@id\":\"https:\\\/\\\/controlmatik-abw.si\\\/sl\\\/products\\\/elektricni-zaporni-sistem-serije-m-3800-epess\\\/\",\"url\":\"https:\\\/\\\/controlmatik-abw.si\\\/sl\\\/products\\\/elektricni-zaporni-sistem-serije-m-3800-epess\\\/\",\"name\":\"Elektri\u010dni zaporni sistem serije M 3800 EPESS - Controlmatik ABW\",\"isPartOf\":{\"@id\":\"https:\\\/\\\/controlmatik-abw.si\\\/#website\"},\"primaryImageOfPage\":{\"@id\":\"https:\\\/\\\/controlmatik-abw.si\\\/sl\\\/products\\\/elektricni-zaporni-sistem-serije-m-3800-epess\\\/#primaryimage\"},\"image\":{\"@id\":\"https:\\\/\\\/controlmatik-abw.si\\\/sl\\\/products\\\/elektricni-zaporni-sistem-serije-m-3800-epess\\\/#primaryimage\"},\"thumbnailUrl\":\"https:\\\/\\\/controlmatik-abw.si\\\/wp-content\\\/uploads\\\/2018\\\/10\\\/electric-power-emergency-shut-down-system-M-3800-EPESS.jpg\",\"datePublished\":\"2019-05-21T08:20:39+00:00\",\"dateModified\":\"2019-12-18T12:46:43+00:00\",\"breadcrumb\":{\"@id\":\"https:\\\/\\\/controlmatik-abw.si\\\/sl\\\/products\\\/elektricni-zaporni-sistem-serije-m-3800-epess\\\/#breadcrumb\"},\"inLanguage\":\"sl-SI\",\"potentialAction\":[{\"@type\":\"ReadAction\",\"target\":[\"https:\\\/\\\/controlmatik-abw.si\\\/sl\\\/products\\\/elektricni-zaporni-sistem-serije-m-3800-epess\\\/\"]}]},{\"@type\":\"ImageObject\",\"inLanguage\":\"sl-SI\",\"@id\":\"https:\\\/\\\/controlmatik-abw.si\\\/sl\\\/products\\\/elektricni-zaporni-sistem-serije-m-3800-epess\\\/#primaryimage\",\"url\":\"https:\\\/\\\/controlmatik-abw.si\\\/wp-content\\\/uploads\\\/2018\\\/10\\\/electric-power-emergency-shut-down-system-M-3800-EPESS.jpg\",\"contentUrl\":\"https:\\\/\\\/controlmatik-abw.si\\\/wp-content\\\/uploads\\\/2018\\\/10\\\/electric-power-emergency-shut-down-system-M-3800-EPESS.jpg\",\"width\":800,\"height\":533},{\"@type\":\"BreadcrumbList\",\"@id\":\"https:\\\/\\\/controlmatik-abw.si\\\/sl\\\/products\\\/elektricni-zaporni-sistem-serije-m-3800-epess\\\/#breadcrumb\",\"itemListElement\":[{\"@type\":\"ListItem\",\"position\":1,\"name\":\"Home\",\"item\":\"https:\\\/\\\/controlmatik-abw.si\\\/sl\\\/\"},{\"@type\":\"ListItem\",\"position\":2,\"name\":\"Trgovina\",\"item\":\"https:\\\/\\\/controlmatik-abw.si\\\/sl\\\/trgovina\\\/\"},{\"@type\":\"ListItem\",\"position\":3,\"name\":\"Elektri\u010dni zaporni sistem serije M 3800 EPESS\"}]},{\"@type\":\"WebSite\",\"@id\":\"https:\\\/\\\/controlmatik-abw.si\\\/#website\",\"url\":\"https:\\\/\\\/controlmatik-abw.si\\\/\",\"name\":\"Controlmatik ABW\",\"description\":\"\",\"potentialAction\":[{\"@type\":\"SearchAction\",\"target\":{\"@type\":\"EntryPoint\",\"urlTemplate\":\"https:\\\/\\\/controlmatik-abw.si\\\/?s={search_term_string}\"},\"query-input\":{\"@type\":\"PropertyValueSpecification\",\"valueRequired\":true,\"valueName\":\"search_term_string\"}}],\"inLanguage\":\"sl-SI\"}]}<\/script>\n<!-- \/ Yoast SEO plugin. -->","yoast_head_json":{"title":"Elektri\u010dni zaporni sistem serije M 3800 EPESS - Controlmatik ABW","robots":{"index":"index","follow":"follow","max-snippet":"max-snippet:-1","max-image-preview":"max-image-preview:large","max-video-preview":"max-video-preview:-1"},"canonical":"https:\/\/controlmatik-abw.si\/sl\/products\/elektricni-zaporni-sistem-serije-m-3800-epess\/","og_locale":"sl_SI","og_type":"article","og_title":"Elektri\u010dni zaporni sistem serije M 3800 EPESS - Controlmatik ABW","og_description":"Zaporni sistem M 3800 EPESS zagotavlja varno zaprtje ventilov na jeklenkah ali kontejnerjih klora v primeru uhajanja klora.","og_url":"https:\/\/controlmatik-abw.si\/sl\/products\/elektricni-zaporni-sistem-serije-m-3800-epess\/","og_site_name":"Controlmatik ABW","article_modified_time":"2019-12-18T12:46:43+00:00","og_image":[{"width":800,"height":533,"url":"https:\/\/controlmatik-abw.si\/wp-content\/uploads\/2018\/10\/electric-power-emergency-shut-down-system-M-3800-EPESS.jpg","type":"image\/jpeg"}],"twitter_card":"summary_large_image","twitter_misc":{"Est. reading time":"2 minuti"},"schema":{"@context":"https:\/\/schema.org","@graph":[{"@type":"WebPage","@id":"https:\/\/controlmatik-abw.si\/sl\/products\/elektricni-zaporni-sistem-serije-m-3800-epess\/","url":"https:\/\/controlmatik-abw.si\/sl\/products\/elektricni-zaporni-sistem-serije-m-3800-epess\/","name":"Elektri\u010dni zaporni sistem serije M 3800 EPESS - Controlmatik ABW","isPartOf":{"@id":"https:\/\/controlmatik-abw.si\/#website"},"primaryImageOfPage":{"@id":"https:\/\/controlmatik-abw.si\/sl\/products\/elektricni-zaporni-sistem-serije-m-3800-epess\/#primaryimage"},"image":{"@id":"https:\/\/controlmatik-abw.si\/sl\/products\/elektricni-zaporni-sistem-serije-m-3800-epess\/#primaryimage"},"thumbnailUrl":"https:\/\/controlmatik-abw.si\/wp-content\/uploads\/2018\/10\/electric-power-emergency-shut-down-system-M-3800-EPESS.jpg","datePublished":"2019-05-21T08:20:39+00:00","dateModified":"2019-12-18T12:46:43+00:00","breadcrumb":{"@id":"https:\/\/controlmatik-abw.si\/sl\/products\/elektricni-zaporni-sistem-serije-m-3800-epess\/#breadcrumb"},"inLanguage":"sl-SI","potentialAction":[{"@type":"ReadAction","target":["https:\/\/controlmatik-abw.si\/sl\/products\/elektricni-zaporni-sistem-serije-m-3800-epess\/"]}]},{"@type":"ImageObject","inLanguage":"sl-SI","@id":"https:\/\/controlmatik-abw.si\/sl\/products\/elektricni-zaporni-sistem-serije-m-3800-epess\/#primaryimage","url":"https:\/\/controlmatik-abw.si\/wp-content\/uploads\/2018\/10\/electric-power-emergency-shut-down-system-M-3800-EPESS.jpg","contentUrl":"https:\/\/controlmatik-abw.si\/wp-content\/uploads\/2018\/10\/electric-power-emergency-shut-down-system-M-3800-EPESS.jpg","width":800,"height":533},{"@type":"BreadcrumbList","@id":"https:\/\/controlmatik-abw.si\/sl\/products\/elektricni-zaporni-sistem-serije-m-3800-epess\/#breadcrumb","itemListElement":[{"@type":"ListItem","position":1,"name":"Home","item":"https:\/\/controlmatik-abw.si\/sl\/"},{"@type":"ListItem","position":2,"name":"Trgovina","item":"https:\/\/controlmatik-abw.si\/sl\/trgovina\/"},{"@type":"ListItem","position":3,"name":"Elektri\u010dni zaporni sistem serije M 3800 EPESS"}]},{"@type":"WebSite","@id":"https:\/\/controlmatik-abw.si\/#website","url":"https:\/\/controlmatik-abw.si\/","name":"Controlmatik ABW","description":"","potentialAction":[{"@type":"SearchAction","target":{"@type":"EntryPoint","urlTemplate":"https:\/\/controlmatik-abw.si\/?s={search_term_string}"},"query-input":{"@type":"PropertyValueSpecification","valueRequired":true,"valueName":"search_term_string"}}],"inLanguage":"sl-SI"}]}},"_links":{"self":[{"href":"https:\/\/controlmatik-abw.si\/sl\/wp-json\/wp\/v2\/product\/3403","targetHints":{"allow":["GET"]}}],"collection":[{"href":"https:\/\/controlmatik-abw.si\/sl\/wp-json\/wp\/v2\/product"}],"about":[{"href":"https:\/\/controlmatik-abw.si\/sl\/wp-json\/wp\/v2\/types\/product"}],"wp:featuredmedia":[{"embeddable":true,"href":"https:\/\/controlmatik-abw.si\/sl\/wp-json\/wp\/v2\/media\/1694"}],"wp:attachment":[{"href":"https:\/\/controlmatik-abw.si\/sl\/wp-json\/wp\/v2\/media?parent=3403"}],"wp:term":[{"taxonomy":"product_brand","embeddable":true,"href":"https:\/\/controlmatik-abw.si\/sl\/wp-json\/wp\/v2\/product_brand?post=3403"},{"taxonomy":"product_cat","embeddable":true,"href":"https:\/\/controlmatik-abw.si\/sl\/wp-json\/wp\/v2\/product_cat?post=3403"},{"taxonomy":"product_tag","embeddable":true,"href":"https:\/\/controlmatik-abw.si\/sl\/wp-json\/wp\/v2\/product_tag?post=3403"}],"curies":[{"name":"wp","href":"https:\/\/api.w.org\/{rel}","templated":true}]}}