{"id":3401,"date":"2019-05-21T08:20:38","date_gmt":"2019-05-21T08:20:38","guid":{"rendered":"http:\/\/controlmatic.com.dev.cj.si\/products\/import-placeholder-for-1630\/"},"modified":"2022-05-17T10:01:38","modified_gmt":"2022-05-17T10:01:38","slug":"kompaktna-merilno-regulacijska-enota-za-bazene-serije-m-5265-c","status":"publish","type":"product","link":"https:\/\/controlmatik-abw.si\/sl\/products\/kompaktna-merilno-regulacijska-enota-za-bazene-serije-m-5265-c\/","title":{"rendered":"Kompaktna merilno-regulacijska enota za bazene serije M 5265 C"},"content":{"rendered":"<p class=\"p1\"><b>KLJU\u010cNE LASTNOSTI<\/b><\/p>\n<ul>\n<li class=\"p1\">3<span class=\"Apple-converted-space\">\u00a0 <\/span>merilne elektrode: platina\/platina + referen\u010dna elektroda<\/li>\n<li class=\"p1\">Kontinuirana meritev: prosti klor, pH, Redox, klor dioksid, temperatura<\/li>\n<li class=\"p1\">2 analogna in 3 Digitalni izhodi za dozirne \u010drpalke in motorni ventil<\/li>\n<li class=\"p1\">Stabilna meritev\u2014 odprta preto\u010dna merilna celica s konstantnim pretokom<\/li>\n<li class=\"p1\">Kontinuirano \u010di\u0161\u010denje merilnih elektrod s kora\u010dnim motorjem<\/li>\n<li class=\"p1\">Vpogled v parametre merilne celice za hitro odkrivanje vpliva mote\u010dih elementov<\/li>\n<li class=\"p1\">Modularna izvedba merilnih elektronik (enostavno servisiranje)<\/li>\n<li class=\"p1\">Alarm napake merilne celice ali reguliranja<\/li>\n<li class=\"p1\">Canbus komunikacija za enostavno povezovanje ve\u010d enot na nadzorno enoto<\/li>\n<li class=\"p1\">Pregleden grafi\u010dni prikaz vseh merjenih parametrov<\/li>\n<li class=\"p1\">Galvansko lo\u010deni tokovni izhodi<\/li>\n<\/ul>\n<p class=\"p1\"><b>SPLO\u0160NO<\/b><\/p>\n<p class=\"p1\">Merilna enota M 5265C je namenjena meritvam in kontrolnim procesom na bazenskih vodah.<\/p>\n<p class=\"p1\">Osnovni merjeni parametri so prosti klor, klor dioksid, pH, redox in temperatura.<\/p>\n<p class=\"p1\">Enota omogo\u010da kombiniranje merilno regulacijskih modulov, lahko je samo merilec <span class=\"Apple-converted-space\">\u00a0<\/span>parameter (klora, ph vrednosti, redox potenciala), ali kombinacija na\u0161tetih merilno regulacijskih modulov.<\/p>\n<p class=\"p1\">Amperometri\u010dna merilna metoda merilnika klora z dvema elektrodama in dodatno tretjo referen\u010dno elektrodo zagotavlja konstantno in neprekinjeno meritev.<\/p>\n<p class=\"p1\">Enoto sestavljajo slede\u010di podsklopi:<\/p>\n<p class=\"p2\">\u00b7\u00a0mehanski filter vzorca<\/p>\n<p class=\"p2\">\u00b7\u00a0indikator pretoka vzorca<\/p>\n<p class=\"p2\">\u00b7\u00a0samo\u010distilna merilna celica klora<\/p>\n<p class=\"p2\">\u00b7\u00a0ph in redox elektrodi<\/p>\n<p class=\"p2\">\u00b7\u00a0merilno regulacijski moduli<\/p>\n<p class=\"p2\">\u00b7\u00a0pokrov<\/p>\n<p class=\"p1\">Uporabni\u0161ki vmesniki za parametriranje in kalibracijo so izvedeni preko grafi\u010dnih LCD prikazovalnikov, za vsak merjeni parameter posebej.<\/p>\n<p class=\"p1\">Krmiljenje, regulacijo in nadzor dezinfekcijskih procesov omogo\u010dajo analogni in digitalni izhodi ter canbus digitalna komunikacija. Regulacijski moduli podpirajo priklop aktuatorjev &#8211; dozirne \u010drpalke z analognimi in digitalnimi vhodi ter elektromagnetni in elektromotorni ventili &#8211; za dvoto\u010dkovna in zvezna doziranja.<\/p>\n<p class=\"p1\">Programska zasnova regulacijskih modulov vsebuje ve\u010d varovalnih mehanizmov proti predoziranju.<\/p>\n","protected":false},"excerpt":{"rendered":"<p class=\"p1\">Merilna enota M 5265C je namenjena meritvam in kontrolnim procesom na bazenskih vodah.<\/p>\n<p class=\"p1\">Osnovni merjeni parametri so prosti klor, klor dioksid, pH, redox in temperatura.<\/p>\n","protected":false},"featured_media":1729,"template":"","meta":{"_acf_changed":false,"inline_featured_image":false},"product_brand":[],"product_cat":[129,139],"product_tag":[],"class_list":{"0":"post-3401","1":"product","2":"type-product","3":"status-publish","4":"has-post-thumbnail","6":"product_cat-meritve","7":"product_cat-regulacija","9":"first","10":"instock","11":"virtual","12":"purchasable","13":"product-type-simple"},"acf":[],"yoast_head":"<!-- This site is optimized with the Yoast SEO plugin v27.5 - https:\/\/yoast.com\/product\/yoast-seo-wordpress\/ -->\n<title>Kompaktna merilno-regulacijska enota za bazene serije M 5265 C - Controlmatik ABW<\/title>\n<meta name=\"robots\" content=\"index, follow, max-snippet:-1, max-image-preview:large, max-video-preview:-1\" \/>\n<link rel=\"canonical\" href=\"https:\/\/controlmatik-abw.si\/sl\/products\/kompaktna-merilno-regulacijska-enota-za-bazene-serije-m-5265-c\/\" \/>\n<meta property=\"og:locale\" content=\"sl_SI\" \/>\n<meta property=\"og:type\" content=\"article\" \/>\n<meta property=\"og:title\" content=\"Kompaktna merilno-regulacijska enota za bazene serije M 5265 C - Controlmatik ABW\" \/>\n<meta property=\"og:description\" content=\"Merilna enota M 5265C je namenjena meritvam in kontrolnim procesom na bazenskih vodah. Osnovni merjeni parametri so prosti klor, klor dioksid, pH, redox in temperatura.\" \/>\n<meta property=\"og:url\" content=\"https:\/\/controlmatik-abw.si\/sl\/products\/kompaktna-merilno-regulacijska-enota-za-bazene-serije-m-5265-c\/\" \/>\n<meta property=\"og:site_name\" content=\"Controlmatik ABW\" \/>\n<meta property=\"article:modified_time\" content=\"2022-05-17T10:01:38+00:00\" \/>\n<meta property=\"og:image\" content=\"https:\/\/controlmatik-abw.si\/wp-content\/uploads\/2018\/10\/compact-swimming-pool-measurement-and-regulation-unit-M-5265-C.png\" \/>\n\t<meta property=\"og:image:width\" content=\"800\" \/>\n\t<meta property=\"og:image:height\" content=\"533\" \/>\n\t<meta property=\"og:image:type\" content=\"image\/png\" \/>\n<meta name=\"twitter:card\" content=\"summary_large_image\" \/>\n<meta name=\"twitter:label1\" content=\"Est. reading time\" \/>\n\t<meta name=\"twitter:data1\" content=\"1 minuta\" \/>\n<script type=\"application\/ld+json\" class=\"yoast-schema-graph\">{\"@context\":\"https:\\\/\\\/schema.org\",\"@graph\":[{\"@type\":\"WebPage\",\"@id\":\"https:\\\/\\\/controlmatik-abw.si\\\/sl\\\/products\\\/kompaktna-merilno-regulacijska-enota-za-bazene-serije-m-5265-c\\\/\",\"url\":\"https:\\\/\\\/controlmatik-abw.si\\\/sl\\\/products\\\/kompaktna-merilno-regulacijska-enota-za-bazene-serije-m-5265-c\\\/\",\"name\":\"Kompaktna merilno-regulacijska enota za bazene serije M 5265 C - Controlmatik ABW\",\"isPartOf\":{\"@id\":\"https:\\\/\\\/controlmatik-abw.si\\\/#website\"},\"primaryImageOfPage\":{\"@id\":\"https:\\\/\\\/controlmatik-abw.si\\\/sl\\\/products\\\/kompaktna-merilno-regulacijska-enota-za-bazene-serije-m-5265-c\\\/#primaryimage\"},\"image\":{\"@id\":\"https:\\\/\\\/controlmatik-abw.si\\\/sl\\\/products\\\/kompaktna-merilno-regulacijska-enota-za-bazene-serije-m-5265-c\\\/#primaryimage\"},\"thumbnailUrl\":\"https:\\\/\\\/controlmatik-abw.si\\\/wp-content\\\/uploads\\\/2018\\\/10\\\/compact-swimming-pool-measurement-and-regulation-unit-M-5265-C.png\",\"datePublished\":\"2019-05-21T08:20:38+00:00\",\"dateModified\":\"2022-05-17T10:01:38+00:00\",\"breadcrumb\":{\"@id\":\"https:\\\/\\\/controlmatik-abw.si\\\/sl\\\/products\\\/kompaktna-merilno-regulacijska-enota-za-bazene-serije-m-5265-c\\\/#breadcrumb\"},\"inLanguage\":\"sl-SI\",\"potentialAction\":[{\"@type\":\"ReadAction\",\"target\":[\"https:\\\/\\\/controlmatik-abw.si\\\/sl\\\/products\\\/kompaktna-merilno-regulacijska-enota-za-bazene-serije-m-5265-c\\\/\"]}]},{\"@type\":\"ImageObject\",\"inLanguage\":\"sl-SI\",\"@id\":\"https:\\\/\\\/controlmatik-abw.si\\\/sl\\\/products\\\/kompaktna-merilno-regulacijska-enota-za-bazene-serije-m-5265-c\\\/#primaryimage\",\"url\":\"https:\\\/\\\/controlmatik-abw.si\\\/wp-content\\\/uploads\\\/2018\\\/10\\\/compact-swimming-pool-measurement-and-regulation-unit-M-5265-C.png\",\"contentUrl\":\"https:\\\/\\\/controlmatik-abw.si\\\/wp-content\\\/uploads\\\/2018\\\/10\\\/compact-swimming-pool-measurement-and-regulation-unit-M-5265-C.png\",\"width\":800,\"height\":533},{\"@type\":\"BreadcrumbList\",\"@id\":\"https:\\\/\\\/controlmatik-abw.si\\\/sl\\\/products\\\/kompaktna-merilno-regulacijska-enota-za-bazene-serije-m-5265-c\\\/#breadcrumb\",\"itemListElement\":[{\"@type\":\"ListItem\",\"position\":1,\"name\":\"Home\",\"item\":\"https:\\\/\\\/controlmatik-abw.si\\\/sl\\\/\"},{\"@type\":\"ListItem\",\"position\":2,\"name\":\"Trgovina\",\"item\":\"https:\\\/\\\/controlmatik-abw.si\\\/sl\\\/trgovina\\\/\"},{\"@type\":\"ListItem\",\"position\":3,\"name\":\"Kompaktna merilno-regulacijska enota za bazene serije M 5265 C\"}]},{\"@type\":\"WebSite\",\"@id\":\"https:\\\/\\\/controlmatik-abw.si\\\/#website\",\"url\":\"https:\\\/\\\/controlmatik-abw.si\\\/\",\"name\":\"Controlmatik ABW\",\"description\":\"\",\"potentialAction\":[{\"@type\":\"SearchAction\",\"target\":{\"@type\":\"EntryPoint\",\"urlTemplate\":\"https:\\\/\\\/controlmatik-abw.si\\\/?s={search_term_string}\"},\"query-input\":{\"@type\":\"PropertyValueSpecification\",\"valueRequired\":true,\"valueName\":\"search_term_string\"}}],\"inLanguage\":\"sl-SI\"}]}<\/script>\n<!-- \/ Yoast SEO plugin. -->","yoast_head_json":{"title":"Kompaktna merilno-regulacijska enota za bazene serije M 5265 C - Controlmatik ABW","robots":{"index":"index","follow":"follow","max-snippet":"max-snippet:-1","max-image-preview":"max-image-preview:large","max-video-preview":"max-video-preview:-1"},"canonical":"https:\/\/controlmatik-abw.si\/sl\/products\/kompaktna-merilno-regulacijska-enota-za-bazene-serije-m-5265-c\/","og_locale":"sl_SI","og_type":"article","og_title":"Kompaktna merilno-regulacijska enota za bazene serije M 5265 C - Controlmatik ABW","og_description":"Merilna enota M 5265C je namenjena meritvam in kontrolnim procesom na bazenskih vodah. Osnovni merjeni parametri so prosti klor, klor dioksid, pH, redox in temperatura.","og_url":"https:\/\/controlmatik-abw.si\/sl\/products\/kompaktna-merilno-regulacijska-enota-za-bazene-serije-m-5265-c\/","og_site_name":"Controlmatik ABW","article_modified_time":"2022-05-17T10:01:38+00:00","og_image":[{"width":800,"height":533,"url":"https:\/\/controlmatik-abw.si\/wp-content\/uploads\/2018\/10\/compact-swimming-pool-measurement-and-regulation-unit-M-5265-C.png","type":"image\/png"}],"twitter_card":"summary_large_image","twitter_misc":{"Est. reading time":"1 minuta"},"schema":{"@context":"https:\/\/schema.org","@graph":[{"@type":"WebPage","@id":"https:\/\/controlmatik-abw.si\/sl\/products\/kompaktna-merilno-regulacijska-enota-za-bazene-serije-m-5265-c\/","url":"https:\/\/controlmatik-abw.si\/sl\/products\/kompaktna-merilno-regulacijska-enota-za-bazene-serije-m-5265-c\/","name":"Kompaktna merilno-regulacijska enota za bazene serije M 5265 C - Controlmatik ABW","isPartOf":{"@id":"https:\/\/controlmatik-abw.si\/#website"},"primaryImageOfPage":{"@id":"https:\/\/controlmatik-abw.si\/sl\/products\/kompaktna-merilno-regulacijska-enota-za-bazene-serije-m-5265-c\/#primaryimage"},"image":{"@id":"https:\/\/controlmatik-abw.si\/sl\/products\/kompaktna-merilno-regulacijska-enota-za-bazene-serije-m-5265-c\/#primaryimage"},"thumbnailUrl":"https:\/\/controlmatik-abw.si\/wp-content\/uploads\/2018\/10\/compact-swimming-pool-measurement-and-regulation-unit-M-5265-C.png","datePublished":"2019-05-21T08:20:38+00:00","dateModified":"2022-05-17T10:01:38+00:00","breadcrumb":{"@id":"https:\/\/controlmatik-abw.si\/sl\/products\/kompaktna-merilno-regulacijska-enota-za-bazene-serije-m-5265-c\/#breadcrumb"},"inLanguage":"sl-SI","potentialAction":[{"@type":"ReadAction","target":["https:\/\/controlmatik-abw.si\/sl\/products\/kompaktna-merilno-regulacijska-enota-za-bazene-serije-m-5265-c\/"]}]},{"@type":"ImageObject","inLanguage":"sl-SI","@id":"https:\/\/controlmatik-abw.si\/sl\/products\/kompaktna-merilno-regulacijska-enota-za-bazene-serije-m-5265-c\/#primaryimage","url":"https:\/\/controlmatik-abw.si\/wp-content\/uploads\/2018\/10\/compact-swimming-pool-measurement-and-regulation-unit-M-5265-C.png","contentUrl":"https:\/\/controlmatik-abw.si\/wp-content\/uploads\/2018\/10\/compact-swimming-pool-measurement-and-regulation-unit-M-5265-C.png","width":800,"height":533},{"@type":"BreadcrumbList","@id":"https:\/\/controlmatik-abw.si\/sl\/products\/kompaktna-merilno-regulacijska-enota-za-bazene-serije-m-5265-c\/#breadcrumb","itemListElement":[{"@type":"ListItem","position":1,"name":"Home","item":"https:\/\/controlmatik-abw.si\/sl\/"},{"@type":"ListItem","position":2,"name":"Trgovina","item":"https:\/\/controlmatik-abw.si\/sl\/trgovina\/"},{"@type":"ListItem","position":3,"name":"Kompaktna merilno-regulacijska enota za bazene serije M 5265 C"}]},{"@type":"WebSite","@id":"https:\/\/controlmatik-abw.si\/#website","url":"https:\/\/controlmatik-abw.si\/","name":"Controlmatik ABW","description":"","potentialAction":[{"@type":"SearchAction","target":{"@type":"EntryPoint","urlTemplate":"https:\/\/controlmatik-abw.si\/?s={search_term_string}"},"query-input":{"@type":"PropertyValueSpecification","valueRequired":true,"valueName":"search_term_string"}}],"inLanguage":"sl-SI"}]}},"_links":{"self":[{"href":"https:\/\/controlmatik-abw.si\/sl\/wp-json\/wp\/v2\/product\/3401","targetHints":{"allow":["GET"]}}],"collection":[{"href":"https:\/\/controlmatik-abw.si\/sl\/wp-json\/wp\/v2\/product"}],"about":[{"href":"https:\/\/controlmatik-abw.si\/sl\/wp-json\/wp\/v2\/types\/product"}],"wp:featuredmedia":[{"embeddable":true,"href":"https:\/\/controlmatik-abw.si\/sl\/wp-json\/wp\/v2\/media\/1729"}],"wp:attachment":[{"href":"https:\/\/controlmatik-abw.si\/sl\/wp-json\/wp\/v2\/media?parent=3401"}],"wp:term":[{"taxonomy":"product_brand","embeddable":true,"href":"https:\/\/controlmatik-abw.si\/sl\/wp-json\/wp\/v2\/product_brand?post=3401"},{"taxonomy":"product_cat","embeddable":true,"href":"https:\/\/controlmatik-abw.si\/sl\/wp-json\/wp\/v2\/product_cat?post=3401"},{"taxonomy":"product_tag","embeddable":true,"href":"https:\/\/controlmatik-abw.si\/sl\/wp-json\/wp\/v2\/product_tag?post=3401"}],"curies":[{"name":"wp","href":"https:\/\/api.w.org\/{rel}","templated":true}]}}