{"id":3397,"date":"2019-05-21T08:20:13","date_gmt":"2019-05-21T08:20:13","guid":{"rendered":"http:\/\/controlmatic.com.dev.cj.si\/products\/import-placeholder-for-1622\/"},"modified":"2019-12-17T12:34:10","modified_gmt":"2019-12-17T12:34:10","slug":"analizator-prostega-klora-serije-m-1036-c","status":"publish","type":"product","link":"https:\/\/controlmatik-abw.si\/sl\/products\/analizator-prostega-klora-serije-m-1036-c\/","title":{"rendered":"Analizator prostega klora serije M 1036 C"},"content":{"rendered":"<p class=\"p1\">Merilno obmo\u010dje 0 &#8211; 5 mg\/l<\/p>\n<p class=\"p1\"><b>KLJU\u010cNE LASTNOSTI<\/b><\/p>\n<ul>\n<li class=\"p1\">3 merilne elektrode: platina\/platina + referen\u010dna elektroda<\/li>\n<li class=\"p1\">Kontinuirana meritev: prosti klor<\/li>\n<li class=\"p1\">Stabilna meritev\u2014 odprta preto\u010dna merilna celica s konstantnim pretokom<\/li>\n<li class=\"p1\">Kontinuirano \u010di\u0161\u010denje merilnih elektrod s kora\u010dnim motorjem<\/li>\n<li class=\"p1\">Vpogled v parametre merilne celice za hitro odkrivanje vpliva mote\u010dih substanc<\/li>\n<li class=\"p1\">Modularna izvedba merilnih elektronik (enostavno servisiranje)<\/li>\n<li class=\"p1\">Alarm napake merilne celice ali reguliranja<\/li>\n<li class=\"p1\">Canbus komunikacija za enostavno povezovanje ve\u010d enot na nadzorno enoto<\/li>\n<li class=\"p1\">Pregleden grafi\u010dni prikaz vseh merjenih parametrov<\/li>\n<\/ul>\n<p class=\"p1\"><b>SPLO\u0160NO<\/b><\/p>\n<p class=\"p1\">Merilna enota M 1036 C je namenjena meritvam in kontrolnim procesom v industriji, na podro\u010djih pitne, bazenske ter odpadne vode.<\/p>\n<p class=\"p1\"><span class=\"s1\">Osnovna merjena parametra<\/span> sta <b>prosti klor <\/b>and <b>temperatura<\/b>.<\/p>\n<p class=\"p3\">Enota omogo\u010da dograditev dodatnih raz\u0161iritvenih modulov, za merjenje pH vrednosti in redox potenciala (tudi za pitne in odpadne vode).<\/p>\n<p class=\"p3\">Amperometri\u010dna merilna metoda z dvema elektrodama in dodatno tretjo referen\u010dno elektrodo<br \/>\nzagotavlja konstantno in neprekinjeno meritev.<\/p>\n<p class=\"p3\">Enoto sestavljajo slede\u010di podsklopi:<\/p>\n<ul>\n<li class=\"p4\">mehanski filter vzorca<\/li>\n<li class=\"p4\">indikator pretoka vzorca<\/li>\n<li class=\"p4\">samo\u010distilna merilna celica<\/li>\n<li class=\"p4\">merilno regulacijska elektronika<\/li>\n<li class=\"p4\">pokrov<\/li>\n<\/ul>\n<p class=\"p3\">Uporabni\u0161ki vmesnik za parametriranje in kalibracijo je izveden preko grafi\u010dnega LCD prikazovalnika.<\/p>\n<p class=\"p3\">Krmiljenje, regulacijo in nadzor dezinfekcijskih procesov, omogo\u010dajo analogni in digitalni izhodi ter canbus digitalna komunikacija. Regulacijski modul podpira priklop aktuatorjev &#8211; dozirne \u010drpalke z analognimi in digitalnimi vhodi ter elektromagnetni in elektromotorni ventili &#8211; za dvoto\u010dkovna in zvezna doziranja.<\/p>\n<p class=\"p3\">Programska zasnova regulacijskega modula vsebuje ve\u010d varovalnih mehanizmov proti predoziranju.<\/p>\n","protected":false},"excerpt":{"rendered":"<p class=\"p1\">Merilna enota M 1036 C je namenjena meritvam in kontrolnim procesom v industriji, na podro\u010djih pitne, bazenske ter odpadne vode.<\/p>\n<p class=\"p1\"><span class=\"s1\">Osnovna merjena parametra <\/span> sta <b>prosti klor <\/b>in <b>temperatura<\/b>.<\/p>\n","protected":false},"featured_media":1776,"template":"","meta":{"_acf_changed":false,"inline_featured_image":false},"product_brand":[],"product_cat":[129],"product_tag":[],"class_list":{"0":"post-3397","1":"product","2":"type-product","3":"status-publish","4":"has-post-thumbnail","6":"product_cat-meritve","8":"first","9":"instock","10":"virtual","11":"purchasable","12":"product-type-simple"},"acf":[],"yoast_head":"<!-- This site is optimized with the Yoast SEO plugin v27.5 - https:\/\/yoast.com\/product\/yoast-seo-wordpress\/ -->\n<title>Analizator prostega klora serije M 1036 C - Controlmatik ABW<\/title>\n<meta name=\"robots\" content=\"index, follow, max-snippet:-1, max-image-preview:large, max-video-preview:-1\" \/>\n<link rel=\"canonical\" href=\"https:\/\/controlmatik-abw.si\/sl\/products\/analizator-prostega-klora-serije-m-1036-c\/\" \/>\n<meta property=\"og:locale\" content=\"sl_SI\" \/>\n<meta property=\"og:type\" content=\"article\" \/>\n<meta property=\"og:title\" content=\"Analizator prostega klora serije M 1036 C - Controlmatik ABW\" \/>\n<meta property=\"og:description\" content=\"Merilna enota M 1036 C je namenjena meritvam in kontrolnim procesom v industriji, na podro\u010djih pitne, bazenske ter odpadne vode. Osnovna merjena parametra sta prosti klor in temperatura.\" \/>\n<meta property=\"og:url\" content=\"https:\/\/controlmatik-abw.si\/sl\/products\/analizator-prostega-klora-serije-m-1036-c\/\" \/>\n<meta property=\"og:site_name\" content=\"Controlmatik ABW\" \/>\n<meta property=\"article:modified_time\" content=\"2019-12-17T12:34:10+00:00\" \/>\n<meta property=\"og:image\" content=\"https:\/\/controlmatik-abw.si\/wp-content\/uploads\/2018\/10\/free-chlorine-analyser-M-1036-C.jpg\" \/>\n\t<meta property=\"og:image:width\" content=\"800\" \/>\n\t<meta property=\"og:image:height\" content=\"533\" \/>\n\t<meta property=\"og:image:type\" content=\"image\/jpeg\" \/>\n<meta name=\"twitter:card\" content=\"summary_large_image\" \/>\n<meta name=\"twitter:label1\" content=\"Est. reading time\" \/>\n\t<meta name=\"twitter:data1\" content=\"1 minuta\" \/>\n<script type=\"application\/ld+json\" class=\"yoast-schema-graph\">{\"@context\":\"https:\\\/\\\/schema.org\",\"@graph\":[{\"@type\":\"WebPage\",\"@id\":\"https:\\\/\\\/controlmatik-abw.si\\\/sl\\\/products\\\/analizator-prostega-klora-serije-m-1036-c\\\/\",\"url\":\"https:\\\/\\\/controlmatik-abw.si\\\/sl\\\/products\\\/analizator-prostega-klora-serije-m-1036-c\\\/\",\"name\":\"Analizator prostega klora serije M 1036 C - Controlmatik ABW\",\"isPartOf\":{\"@id\":\"https:\\\/\\\/controlmatik-abw.si\\\/#website\"},\"primaryImageOfPage\":{\"@id\":\"https:\\\/\\\/controlmatik-abw.si\\\/sl\\\/products\\\/analizator-prostega-klora-serije-m-1036-c\\\/#primaryimage\"},\"image\":{\"@id\":\"https:\\\/\\\/controlmatik-abw.si\\\/sl\\\/products\\\/analizator-prostega-klora-serije-m-1036-c\\\/#primaryimage\"},\"thumbnailUrl\":\"https:\\\/\\\/controlmatik-abw.si\\\/wp-content\\\/uploads\\\/2018\\\/10\\\/free-chlorine-analyser-M-1036-C.jpg\",\"datePublished\":\"2019-05-21T08:20:13+00:00\",\"dateModified\":\"2019-12-17T12:34:10+00:00\",\"breadcrumb\":{\"@id\":\"https:\\\/\\\/controlmatik-abw.si\\\/sl\\\/products\\\/analizator-prostega-klora-serije-m-1036-c\\\/#breadcrumb\"},\"inLanguage\":\"sl-SI\",\"potentialAction\":[{\"@type\":\"ReadAction\",\"target\":[\"https:\\\/\\\/controlmatik-abw.si\\\/sl\\\/products\\\/analizator-prostega-klora-serije-m-1036-c\\\/\"]}]},{\"@type\":\"ImageObject\",\"inLanguage\":\"sl-SI\",\"@id\":\"https:\\\/\\\/controlmatik-abw.si\\\/sl\\\/products\\\/analizator-prostega-klora-serije-m-1036-c\\\/#primaryimage\",\"url\":\"https:\\\/\\\/controlmatik-abw.si\\\/wp-content\\\/uploads\\\/2018\\\/10\\\/free-chlorine-analyser-M-1036-C.jpg\",\"contentUrl\":\"https:\\\/\\\/controlmatik-abw.si\\\/wp-content\\\/uploads\\\/2018\\\/10\\\/free-chlorine-analyser-M-1036-C.jpg\",\"width\":800,\"height\":533},{\"@type\":\"BreadcrumbList\",\"@id\":\"https:\\\/\\\/controlmatik-abw.si\\\/sl\\\/products\\\/analizator-prostega-klora-serije-m-1036-c\\\/#breadcrumb\",\"itemListElement\":[{\"@type\":\"ListItem\",\"position\":1,\"name\":\"Home\",\"item\":\"https:\\\/\\\/controlmatik-abw.si\\\/sl\\\/\"},{\"@type\":\"ListItem\",\"position\":2,\"name\":\"Trgovina\",\"item\":\"https:\\\/\\\/controlmatik-abw.si\\\/sl\\\/trgovina\\\/\"},{\"@type\":\"ListItem\",\"position\":3,\"name\":\"Analizator prostega klora serije M 1036 C\"}]},{\"@type\":\"WebSite\",\"@id\":\"https:\\\/\\\/controlmatik-abw.si\\\/#website\",\"url\":\"https:\\\/\\\/controlmatik-abw.si\\\/\",\"name\":\"Controlmatik ABW\",\"description\":\"\",\"potentialAction\":[{\"@type\":\"SearchAction\",\"target\":{\"@type\":\"EntryPoint\",\"urlTemplate\":\"https:\\\/\\\/controlmatik-abw.si\\\/?s={search_term_string}\"},\"query-input\":{\"@type\":\"PropertyValueSpecification\",\"valueRequired\":true,\"valueName\":\"search_term_string\"}}],\"inLanguage\":\"sl-SI\"}]}<\/script>\n<!-- \/ Yoast SEO plugin. -->","yoast_head_json":{"title":"Analizator prostega klora serije M 1036 C - Controlmatik ABW","robots":{"index":"index","follow":"follow","max-snippet":"max-snippet:-1","max-image-preview":"max-image-preview:large","max-video-preview":"max-video-preview:-1"},"canonical":"https:\/\/controlmatik-abw.si\/sl\/products\/analizator-prostega-klora-serije-m-1036-c\/","og_locale":"sl_SI","og_type":"article","og_title":"Analizator prostega klora serije M 1036 C - Controlmatik ABW","og_description":"Merilna enota M 1036 C je namenjena meritvam in kontrolnim procesom v industriji, na podro\u010djih pitne, bazenske ter odpadne vode. Osnovna merjena parametra sta prosti klor in temperatura.","og_url":"https:\/\/controlmatik-abw.si\/sl\/products\/analizator-prostega-klora-serije-m-1036-c\/","og_site_name":"Controlmatik ABW","article_modified_time":"2019-12-17T12:34:10+00:00","og_image":[{"width":800,"height":533,"url":"https:\/\/controlmatik-abw.si\/wp-content\/uploads\/2018\/10\/free-chlorine-analyser-M-1036-C.jpg","type":"image\/jpeg"}],"twitter_card":"summary_large_image","twitter_misc":{"Est. reading time":"1 minuta"},"schema":{"@context":"https:\/\/schema.org","@graph":[{"@type":"WebPage","@id":"https:\/\/controlmatik-abw.si\/sl\/products\/analizator-prostega-klora-serije-m-1036-c\/","url":"https:\/\/controlmatik-abw.si\/sl\/products\/analizator-prostega-klora-serije-m-1036-c\/","name":"Analizator prostega klora serije M 1036 C - Controlmatik ABW","isPartOf":{"@id":"https:\/\/controlmatik-abw.si\/#website"},"primaryImageOfPage":{"@id":"https:\/\/controlmatik-abw.si\/sl\/products\/analizator-prostega-klora-serije-m-1036-c\/#primaryimage"},"image":{"@id":"https:\/\/controlmatik-abw.si\/sl\/products\/analizator-prostega-klora-serije-m-1036-c\/#primaryimage"},"thumbnailUrl":"https:\/\/controlmatik-abw.si\/wp-content\/uploads\/2018\/10\/free-chlorine-analyser-M-1036-C.jpg","datePublished":"2019-05-21T08:20:13+00:00","dateModified":"2019-12-17T12:34:10+00:00","breadcrumb":{"@id":"https:\/\/controlmatik-abw.si\/sl\/products\/analizator-prostega-klora-serije-m-1036-c\/#breadcrumb"},"inLanguage":"sl-SI","potentialAction":[{"@type":"ReadAction","target":["https:\/\/controlmatik-abw.si\/sl\/products\/analizator-prostega-klora-serije-m-1036-c\/"]}]},{"@type":"ImageObject","inLanguage":"sl-SI","@id":"https:\/\/controlmatik-abw.si\/sl\/products\/analizator-prostega-klora-serije-m-1036-c\/#primaryimage","url":"https:\/\/controlmatik-abw.si\/wp-content\/uploads\/2018\/10\/free-chlorine-analyser-M-1036-C.jpg","contentUrl":"https:\/\/controlmatik-abw.si\/wp-content\/uploads\/2018\/10\/free-chlorine-analyser-M-1036-C.jpg","width":800,"height":533},{"@type":"BreadcrumbList","@id":"https:\/\/controlmatik-abw.si\/sl\/products\/analizator-prostega-klora-serije-m-1036-c\/#breadcrumb","itemListElement":[{"@type":"ListItem","position":1,"name":"Home","item":"https:\/\/controlmatik-abw.si\/sl\/"},{"@type":"ListItem","position":2,"name":"Trgovina","item":"https:\/\/controlmatik-abw.si\/sl\/trgovina\/"},{"@type":"ListItem","position":3,"name":"Analizator prostega klora serije M 1036 C"}]},{"@type":"WebSite","@id":"https:\/\/controlmatik-abw.si\/#website","url":"https:\/\/controlmatik-abw.si\/","name":"Controlmatik ABW","description":"","potentialAction":[{"@type":"SearchAction","target":{"@type":"EntryPoint","urlTemplate":"https:\/\/controlmatik-abw.si\/?s={search_term_string}"},"query-input":{"@type":"PropertyValueSpecification","valueRequired":true,"valueName":"search_term_string"}}],"inLanguage":"sl-SI"}]}},"_links":{"self":[{"href":"https:\/\/controlmatik-abw.si\/sl\/wp-json\/wp\/v2\/product\/3397","targetHints":{"allow":["GET"]}}],"collection":[{"href":"https:\/\/controlmatik-abw.si\/sl\/wp-json\/wp\/v2\/product"}],"about":[{"href":"https:\/\/controlmatik-abw.si\/sl\/wp-json\/wp\/v2\/types\/product"}],"wp:featuredmedia":[{"embeddable":true,"href":"https:\/\/controlmatik-abw.si\/sl\/wp-json\/wp\/v2\/media\/1776"}],"wp:attachment":[{"href":"https:\/\/controlmatik-abw.si\/sl\/wp-json\/wp\/v2\/media?parent=3397"}],"wp:term":[{"taxonomy":"product_brand","embeddable":true,"href":"https:\/\/controlmatik-abw.si\/sl\/wp-json\/wp\/v2\/product_brand?post=3397"},{"taxonomy":"product_cat","embeddable":true,"href":"https:\/\/controlmatik-abw.si\/sl\/wp-json\/wp\/v2\/product_cat?post=3397"},{"taxonomy":"product_tag","embeddable":true,"href":"https:\/\/controlmatik-abw.si\/sl\/wp-json\/wp\/v2\/product_tag?post=3397"}],"curies":[{"name":"wp","href":"https:\/\/api.w.org\/{rel}","templated":true}]}}