{"id":3375,"date":"2019-05-21T08:19:18","date_gmt":"2019-05-21T08:19:18","guid":{"rendered":"http:\/\/controlmatic.com.dev.cj.si\/products\/import-placeholder-for-1596\/"},"modified":"2019-12-17T12:55:21","modified_gmt":"2019-12-17T12:55:21","slug":"sistem-za-doziranje-klora-serije-m-20-rc","status":"publish","type":"product","link":"https:\/\/controlmatik-abw.si\/sl\/products\/sistem-za-doziranje-klora-serije-m-20-rc\/","title":{"rendered":"Sistem za doziranje klora serije M 20 RC"},"content":{"rendered":"<p class=\"p1\">Kapaciteta do 15kg\/h<\/p>\n<p class=\"p1\">Vakuumski princip<\/p>\n<p class=\"p1\"><b>SPLO\u0160NO<\/b><\/p>\n<p class=\"p1\">Sistem vakuumskih regulatorjev serije M 20 so naprave namenjene samostojnemu doziranju plinskega klora, z manj\u0161imi spremembami pa tudi drugih plinov. Deluje na podlagi indirektnega vakuumskega principa.<\/p>\n<p class=\"p1\"><b>Sistem M 20 RC<\/b>sestavljajo:<\/p>\n<ul>\n<li class=\"p2\">vakuumski regulator serije <b>M 20 C<span class=\"Apple-converted-space\">\u00a0 <\/span><\/b><\/li>\n<li class=\"p2\">ejektor serije <b>M 300 C <\/b><\/li>\n<\/ul>\n<p class=\"p1\">Doziranje nastavimo ro\u010dno z dozirnim ventilom na regulatorju, pri\u010dne oziroma ustavi pa se z vklopom in izklopom \u010drpalke za pogon ejektorja.<\/p>\n<p class=\"p4\"><b>MONTA\u017dA<\/b><\/p>\n<p class=\"p1\">Monta\u017ea vakuumskih regulatorjev je enostavna, vendar pa morajo projektiranje in postavitev naprav opraviti za to usposobljeni strokovnjaki. Upo\u0161tevati je potrebno svetovne, evropske ter slovenske standarde, kajti le tako lahko zagotovimo varno in brezhibno delovanje. Enkrat letno je potreben preventivni servisni pregled s strani poobla\u0161\u010denega servisa.<\/p>\n<p class=\"p1\">V primeru avtomatskega doziranja plinskega klora se na regulatorju dozirni ventil zamenja s \u010depom. Vgradi se avtomatski dozirni ventil, ki ga krmili mikroprocesorska enota. Regulator nam tako slu\u017ei le za vmesnik med tla\u010dno in vakuumsko stranjo sistema.<\/p>\n","protected":false},"excerpt":{"rendered":"<p class=\"p1\">Sistem vakuumskih regulatorjev serije M 20 so naprave namenjene samostojnemu doziranju plinskega klora, z manj\u0161imi spremembami pa tudi drugih plinov. Deluje na podlagi indirektnega vakuumskega principa.<\/p>\n","protected":false},"featured_media":1992,"template":"","meta":{"_acf_changed":false,"inline_featured_image":false},"product_brand":[],"product_cat":[109,118],"product_tag":[],"class_list":{"0":"post-3375","1":"product","2":"type-product","3":"status-publish","4":"has-post-thumbnail","6":"product_cat-doziranje-plinov","7":"product_cat-sistemi-za-doziranje-klora-vakuumski","9":"first","10":"instock","11":"shipping-taxable","12":"purchasable","13":"product-type-simple"},"acf":[],"yoast_head":"<!-- This site is optimized with the Yoast SEO plugin v27.5 - https:\/\/yoast.com\/product\/yoast-seo-wordpress\/ -->\n<title>Sistem za doziranje klora serije M 20 RC - Controlmatik ABW<\/title>\n<meta name=\"robots\" content=\"index, follow, max-snippet:-1, max-image-preview:large, max-video-preview:-1\" \/>\n<link rel=\"canonical\" href=\"https:\/\/controlmatik-abw.si\/sl\/products\/sistem-za-doziranje-klora-serije-m-20-rc\/\" \/>\n<meta property=\"og:locale\" content=\"sl_SI\" \/>\n<meta property=\"og:type\" content=\"article\" \/>\n<meta property=\"og:title\" content=\"Sistem za doziranje klora serije M 20 RC - Controlmatik ABW\" \/>\n<meta property=\"og:description\" content=\"Sistem vakuumskih regulatorjev serije M 20 so naprave namenjene samostojnemu doziranju plinskega klora, z manj\u0161imi spremembami pa tudi drugih plinov. Deluje na podlagi indirektnega vakuumskega principa.\" \/>\n<meta property=\"og:url\" content=\"https:\/\/controlmatik-abw.si\/sl\/products\/sistem-za-doziranje-klora-serije-m-20-rc\/\" \/>\n<meta property=\"og:site_name\" content=\"Controlmatik ABW\" \/>\n<meta property=\"article:modified_time\" content=\"2019-12-17T12:55:21+00:00\" \/>\n<meta property=\"og:image\" content=\"https:\/\/controlmatik-abw.si\/wp-content\/uploads\/2018\/10\/chlorinator-system-M-20-RC-15-kg.jpg\" \/>\n\t<meta property=\"og:image:width\" content=\"800\" \/>\n\t<meta property=\"og:image:height\" content=\"533\" \/>\n\t<meta property=\"og:image:type\" content=\"image\/jpeg\" \/>\n<meta name=\"twitter:card\" content=\"summary_large_image\" \/>\n<meta name=\"twitter:label1\" content=\"Est. reading time\" \/>\n\t<meta name=\"twitter:data1\" content=\"1 minuta\" \/>\n<script type=\"application\/ld+json\" class=\"yoast-schema-graph\">{\"@context\":\"https:\\\/\\\/schema.org\",\"@graph\":[{\"@type\":\"WebPage\",\"@id\":\"https:\\\/\\\/controlmatik-abw.si\\\/sl\\\/products\\\/sistem-za-doziranje-klora-serije-m-20-rc\\\/\",\"url\":\"https:\\\/\\\/controlmatik-abw.si\\\/sl\\\/products\\\/sistem-za-doziranje-klora-serije-m-20-rc\\\/\",\"name\":\"Sistem za doziranje klora serije M 20 RC - Controlmatik ABW\",\"isPartOf\":{\"@id\":\"https:\\\/\\\/controlmatik-abw.si\\\/#website\"},\"primaryImageOfPage\":{\"@id\":\"https:\\\/\\\/controlmatik-abw.si\\\/sl\\\/products\\\/sistem-za-doziranje-klora-serije-m-20-rc\\\/#primaryimage\"},\"image\":{\"@id\":\"https:\\\/\\\/controlmatik-abw.si\\\/sl\\\/products\\\/sistem-za-doziranje-klora-serije-m-20-rc\\\/#primaryimage\"},\"thumbnailUrl\":\"https:\\\/\\\/controlmatik-abw.si\\\/wp-content\\\/uploads\\\/2018\\\/10\\\/chlorinator-system-M-20-RC-15-kg.jpg\",\"datePublished\":\"2019-05-21T08:19:18+00:00\",\"dateModified\":\"2019-12-17T12:55:21+00:00\",\"breadcrumb\":{\"@id\":\"https:\\\/\\\/controlmatik-abw.si\\\/sl\\\/products\\\/sistem-za-doziranje-klora-serije-m-20-rc\\\/#breadcrumb\"},\"inLanguage\":\"sl-SI\",\"potentialAction\":[{\"@type\":\"ReadAction\",\"target\":[\"https:\\\/\\\/controlmatik-abw.si\\\/sl\\\/products\\\/sistem-za-doziranje-klora-serije-m-20-rc\\\/\"]}]},{\"@type\":\"ImageObject\",\"inLanguage\":\"sl-SI\",\"@id\":\"https:\\\/\\\/controlmatik-abw.si\\\/sl\\\/products\\\/sistem-za-doziranje-klora-serije-m-20-rc\\\/#primaryimage\",\"url\":\"https:\\\/\\\/controlmatik-abw.si\\\/wp-content\\\/uploads\\\/2018\\\/10\\\/chlorinator-system-M-20-RC-15-kg.jpg\",\"contentUrl\":\"https:\\\/\\\/controlmatik-abw.si\\\/wp-content\\\/uploads\\\/2018\\\/10\\\/chlorinator-system-M-20-RC-15-kg.jpg\",\"width\":800,\"height\":533},{\"@type\":\"BreadcrumbList\",\"@id\":\"https:\\\/\\\/controlmatik-abw.si\\\/sl\\\/products\\\/sistem-za-doziranje-klora-serije-m-20-rc\\\/#breadcrumb\",\"itemListElement\":[{\"@type\":\"ListItem\",\"position\":1,\"name\":\"Home\",\"item\":\"https:\\\/\\\/controlmatik-abw.si\\\/sl\\\/\"},{\"@type\":\"ListItem\",\"position\":2,\"name\":\"Trgovina\",\"item\":\"https:\\\/\\\/controlmatik-abw.si\\\/sl\\\/trgovina\\\/\"},{\"@type\":\"ListItem\",\"position\":3,\"name\":\"Sistem za doziranje klora serije M 20 RC\"}]},{\"@type\":\"WebSite\",\"@id\":\"https:\\\/\\\/controlmatik-abw.si\\\/#website\",\"url\":\"https:\\\/\\\/controlmatik-abw.si\\\/\",\"name\":\"Controlmatik ABW\",\"description\":\"\",\"potentialAction\":[{\"@type\":\"SearchAction\",\"target\":{\"@type\":\"EntryPoint\",\"urlTemplate\":\"https:\\\/\\\/controlmatik-abw.si\\\/?s={search_term_string}\"},\"query-input\":{\"@type\":\"PropertyValueSpecification\",\"valueRequired\":true,\"valueName\":\"search_term_string\"}}],\"inLanguage\":\"sl-SI\"}]}<\/script>\n<!-- \/ Yoast SEO plugin. -->","yoast_head_json":{"title":"Sistem za doziranje klora serije M 20 RC - Controlmatik ABW","robots":{"index":"index","follow":"follow","max-snippet":"max-snippet:-1","max-image-preview":"max-image-preview:large","max-video-preview":"max-video-preview:-1"},"canonical":"https:\/\/controlmatik-abw.si\/sl\/products\/sistem-za-doziranje-klora-serije-m-20-rc\/","og_locale":"sl_SI","og_type":"article","og_title":"Sistem za doziranje klora serije M 20 RC - Controlmatik ABW","og_description":"Sistem vakuumskih regulatorjev serije M 20 so naprave namenjene samostojnemu doziranju plinskega klora, z manj\u0161imi spremembami pa tudi drugih plinov. Deluje na podlagi indirektnega vakuumskega principa.","og_url":"https:\/\/controlmatik-abw.si\/sl\/products\/sistem-za-doziranje-klora-serije-m-20-rc\/","og_site_name":"Controlmatik ABW","article_modified_time":"2019-12-17T12:55:21+00:00","og_image":[{"width":800,"height":533,"url":"https:\/\/controlmatik-abw.si\/wp-content\/uploads\/2018\/10\/chlorinator-system-M-20-RC-15-kg.jpg","type":"image\/jpeg"}],"twitter_card":"summary_large_image","twitter_misc":{"Est. reading time":"1 minuta"},"schema":{"@context":"https:\/\/schema.org","@graph":[{"@type":"WebPage","@id":"https:\/\/controlmatik-abw.si\/sl\/products\/sistem-za-doziranje-klora-serije-m-20-rc\/","url":"https:\/\/controlmatik-abw.si\/sl\/products\/sistem-za-doziranje-klora-serije-m-20-rc\/","name":"Sistem za doziranje klora serije M 20 RC - Controlmatik ABW","isPartOf":{"@id":"https:\/\/controlmatik-abw.si\/#website"},"primaryImageOfPage":{"@id":"https:\/\/controlmatik-abw.si\/sl\/products\/sistem-za-doziranje-klora-serije-m-20-rc\/#primaryimage"},"image":{"@id":"https:\/\/controlmatik-abw.si\/sl\/products\/sistem-za-doziranje-klora-serije-m-20-rc\/#primaryimage"},"thumbnailUrl":"https:\/\/controlmatik-abw.si\/wp-content\/uploads\/2018\/10\/chlorinator-system-M-20-RC-15-kg.jpg","datePublished":"2019-05-21T08:19:18+00:00","dateModified":"2019-12-17T12:55:21+00:00","breadcrumb":{"@id":"https:\/\/controlmatik-abw.si\/sl\/products\/sistem-za-doziranje-klora-serije-m-20-rc\/#breadcrumb"},"inLanguage":"sl-SI","potentialAction":[{"@type":"ReadAction","target":["https:\/\/controlmatik-abw.si\/sl\/products\/sistem-za-doziranje-klora-serije-m-20-rc\/"]}]},{"@type":"ImageObject","inLanguage":"sl-SI","@id":"https:\/\/controlmatik-abw.si\/sl\/products\/sistem-za-doziranje-klora-serije-m-20-rc\/#primaryimage","url":"https:\/\/controlmatik-abw.si\/wp-content\/uploads\/2018\/10\/chlorinator-system-M-20-RC-15-kg.jpg","contentUrl":"https:\/\/controlmatik-abw.si\/wp-content\/uploads\/2018\/10\/chlorinator-system-M-20-RC-15-kg.jpg","width":800,"height":533},{"@type":"BreadcrumbList","@id":"https:\/\/controlmatik-abw.si\/sl\/products\/sistem-za-doziranje-klora-serije-m-20-rc\/#breadcrumb","itemListElement":[{"@type":"ListItem","position":1,"name":"Home","item":"https:\/\/controlmatik-abw.si\/sl\/"},{"@type":"ListItem","position":2,"name":"Trgovina","item":"https:\/\/controlmatik-abw.si\/sl\/trgovina\/"},{"@type":"ListItem","position":3,"name":"Sistem za doziranje klora serije M 20 RC"}]},{"@type":"WebSite","@id":"https:\/\/controlmatik-abw.si\/#website","url":"https:\/\/controlmatik-abw.si\/","name":"Controlmatik ABW","description":"","potentialAction":[{"@type":"SearchAction","target":{"@type":"EntryPoint","urlTemplate":"https:\/\/controlmatik-abw.si\/?s={search_term_string}"},"query-input":{"@type":"PropertyValueSpecification","valueRequired":true,"valueName":"search_term_string"}}],"inLanguage":"sl-SI"}]}},"_links":{"self":[{"href":"https:\/\/controlmatik-abw.si\/sl\/wp-json\/wp\/v2\/product\/3375","targetHints":{"allow":["GET"]}}],"collection":[{"href":"https:\/\/controlmatik-abw.si\/sl\/wp-json\/wp\/v2\/product"}],"about":[{"href":"https:\/\/controlmatik-abw.si\/sl\/wp-json\/wp\/v2\/types\/product"}],"wp:featuredmedia":[{"embeddable":true,"href":"https:\/\/controlmatik-abw.si\/sl\/wp-json\/wp\/v2\/media\/1992"}],"wp:attachment":[{"href":"https:\/\/controlmatik-abw.si\/sl\/wp-json\/wp\/v2\/media?parent=3375"}],"wp:term":[{"taxonomy":"product_brand","embeddable":true,"href":"https:\/\/controlmatik-abw.si\/sl\/wp-json\/wp\/v2\/product_brand?post=3375"},{"taxonomy":"product_cat","embeddable":true,"href":"https:\/\/controlmatik-abw.si\/sl\/wp-json\/wp\/v2\/product_cat?post=3375"},{"taxonomy":"product_tag","embeddable":true,"href":"https:\/\/controlmatik-abw.si\/sl\/wp-json\/wp\/v2\/product_tag?post=3375"}],"curies":[{"name":"wp","href":"https:\/\/api.w.org\/{rel}","templated":true}]}}