{"id":3369,"date":"2019-05-21T08:18:52","date_gmt":"2019-05-21T08:18:52","guid":{"rendered":"http:\/\/controlmatic.com.dev.cj.si\/products\/import-placeholder-for-1590\/"},"modified":"2022-10-11T10:41:59","modified_gmt":"2022-10-11T10:41:59","slug":"vakuumski-preklopnik-serije-m-400-m-440","status":"publish","type":"product","link":"https:\/\/controlmatik-abw.si\/sl\/products\/vakuumski-preklopnik-serije-m-400-m-440\/","title":{"rendered":"Vakuumski preklopnik serije M 400 &#038; M 440"},"content":{"rendered":"<p class=\"p1\"><b>SPLO\u0160NO<\/b><\/p>\n<p class=\"p2\">Vakuumski preklopnik deluje povsem mehansko, na principu vakuuma. Je naprava, ki pri doziranju klora samodejno preklopi iz praznega na polni vir klora. Ro\u010dna ponastavitev pri tem ni potrebna, saj naprava ne bo preklopila nazaj na nov vir, dokler se ne iz\u010drpa tisti v uporabi. Lahko je opremljen tudi z elektri\u010dnim signalom, ki ka\u017ee, kateri vir je v uporabi. Stikalo je mehansko, zato ne potrebujemo dodatnega vira energije. Prehod iz praznega na poln vir klora zagotavlja nemoteno doziranje.<\/p>\n<p class=\"p1\"><b>DELOVANJE<\/b><\/p>\n<p class=\"p1\">V napravi je membrana, ki v trenutku, ko vakuum naraste na 0,3 bara, preklopi na stran, kjer je vakuum 0 bara.<\/p>\n","protected":false},"excerpt":{"rendered":"<p>SPLO\u0160NO Vakuumski preklopnik deluje povsem mehansko, na principu vakuuma. Je<\/p>\n","protected":false},"featured_media":1921,"template":"","meta":{"_acf_changed":false,"inline_featured_image":false},"product_brand":[],"product_cat":[109,116],"product_tag":[],"class_list":{"0":"post-3369","1":"product","2":"type-product","3":"status-publish","4":"has-post-thumbnail","6":"product_cat-doziranje-plinov","7":"product_cat-vakuumski-preklopniki","9":"first","10":"instock","11":"shipping-taxable","12":"purchasable","13":"product-type-simple"},"acf":[],"yoast_head":"<!-- This site is optimized with the Yoast SEO plugin v27.5 - https:\/\/yoast.com\/product\/yoast-seo-wordpress\/ -->\n<title>Vakuumski preklopnik serije M 400 &amp; M 440 - Controlmatik ABW<\/title>\n<meta name=\"robots\" content=\"index, follow, max-snippet:-1, max-image-preview:large, max-video-preview:-1\" \/>\n<link rel=\"canonical\" href=\"https:\/\/controlmatik-abw.si\/sl\/products\/vakuumski-preklopnik-serije-m-400-m-440\/\" \/>\n<meta property=\"og:locale\" content=\"sl_SI\" \/>\n<meta property=\"og:type\" content=\"article\" \/>\n<meta property=\"og:title\" content=\"Vakuumski preklopnik serije M 400 &amp; M 440 - Controlmatik ABW\" \/>\n<meta property=\"og:description\" content=\"SPLO\u0160NO Vakuumski preklopnik deluje povsem mehansko, na principu vakuuma. Je\" \/>\n<meta property=\"og:url\" content=\"https:\/\/controlmatik-abw.si\/sl\/products\/vakuumski-preklopnik-serije-m-400-m-440\/\" \/>\n<meta property=\"og:site_name\" content=\"Controlmatik ABW\" \/>\n<meta property=\"article:modified_time\" content=\"2022-10-11T10:41:59+00:00\" \/>\n<meta property=\"og:image\" content=\"https:\/\/controlmatik-abw.si\/wp-content\/uploads\/2018\/10\/vacuum-switchover-M-400-C.jpg\" \/>\n\t<meta property=\"og:image:width\" content=\"800\" \/>\n\t<meta property=\"og:image:height\" content=\"533\" \/>\n\t<meta property=\"og:image:type\" content=\"image\/jpeg\" \/>\n<meta name=\"twitter:card\" content=\"summary_large_image\" \/>\n<meta name=\"twitter:label1\" content=\"Est. reading time\" \/>\n\t<meta name=\"twitter:data1\" content=\"1 minuta\" \/>\n<script type=\"application\/ld+json\" class=\"yoast-schema-graph\">{\"@context\":\"https:\\\/\\\/schema.org\",\"@graph\":[{\"@type\":\"WebPage\",\"@id\":\"https:\\\/\\\/controlmatik-abw.si\\\/sl\\\/products\\\/vakuumski-preklopnik-serije-m-400-m-440\\\/\",\"url\":\"https:\\\/\\\/controlmatik-abw.si\\\/sl\\\/products\\\/vakuumski-preklopnik-serije-m-400-m-440\\\/\",\"name\":\"Vakuumski preklopnik serije M 400 & M 440 - Controlmatik ABW\",\"isPartOf\":{\"@id\":\"https:\\\/\\\/controlmatik-abw.si\\\/#website\"},\"primaryImageOfPage\":{\"@id\":\"https:\\\/\\\/controlmatik-abw.si\\\/sl\\\/products\\\/vakuumski-preklopnik-serije-m-400-m-440\\\/#primaryimage\"},\"image\":{\"@id\":\"https:\\\/\\\/controlmatik-abw.si\\\/sl\\\/products\\\/vakuumski-preklopnik-serije-m-400-m-440\\\/#primaryimage\"},\"thumbnailUrl\":\"https:\\\/\\\/controlmatik-abw.si\\\/wp-content\\\/uploads\\\/2018\\\/10\\\/vacuum-switchover-M-400-C.jpg\",\"datePublished\":\"2019-05-21T08:18:52+00:00\",\"dateModified\":\"2022-10-11T10:41:59+00:00\",\"breadcrumb\":{\"@id\":\"https:\\\/\\\/controlmatik-abw.si\\\/sl\\\/products\\\/vakuumski-preklopnik-serije-m-400-m-440\\\/#breadcrumb\"},\"inLanguage\":\"sl-SI\",\"potentialAction\":[{\"@type\":\"ReadAction\",\"target\":[\"https:\\\/\\\/controlmatik-abw.si\\\/sl\\\/products\\\/vakuumski-preklopnik-serije-m-400-m-440\\\/\"]}]},{\"@type\":\"ImageObject\",\"inLanguage\":\"sl-SI\",\"@id\":\"https:\\\/\\\/controlmatik-abw.si\\\/sl\\\/products\\\/vakuumski-preklopnik-serije-m-400-m-440\\\/#primaryimage\",\"url\":\"https:\\\/\\\/controlmatik-abw.si\\\/wp-content\\\/uploads\\\/2018\\\/10\\\/vacuum-switchover-M-400-C.jpg\",\"contentUrl\":\"https:\\\/\\\/controlmatik-abw.si\\\/wp-content\\\/uploads\\\/2018\\\/10\\\/vacuum-switchover-M-400-C.jpg\",\"width\":800,\"height\":533},{\"@type\":\"BreadcrumbList\",\"@id\":\"https:\\\/\\\/controlmatik-abw.si\\\/sl\\\/products\\\/vakuumski-preklopnik-serije-m-400-m-440\\\/#breadcrumb\",\"itemListElement\":[{\"@type\":\"ListItem\",\"position\":1,\"name\":\"Home\",\"item\":\"https:\\\/\\\/controlmatik-abw.si\\\/sl\\\/\"},{\"@type\":\"ListItem\",\"position\":2,\"name\":\"Trgovina\",\"item\":\"https:\\\/\\\/controlmatik-abw.si\\\/sl\\\/trgovina\\\/\"},{\"@type\":\"ListItem\",\"position\":3,\"name\":\"Vakuumski preklopnik serije M 400 &#038; M 440\"}]},{\"@type\":\"WebSite\",\"@id\":\"https:\\\/\\\/controlmatik-abw.si\\\/#website\",\"url\":\"https:\\\/\\\/controlmatik-abw.si\\\/\",\"name\":\"Controlmatik ABW\",\"description\":\"\",\"potentialAction\":[{\"@type\":\"SearchAction\",\"target\":{\"@type\":\"EntryPoint\",\"urlTemplate\":\"https:\\\/\\\/controlmatik-abw.si\\\/?s={search_term_string}\"},\"query-input\":{\"@type\":\"PropertyValueSpecification\",\"valueRequired\":true,\"valueName\":\"search_term_string\"}}],\"inLanguage\":\"sl-SI\"}]}<\/script>\n<!-- \/ Yoast SEO plugin. -->","yoast_head_json":{"title":"Vakuumski preklopnik serije M 400 & M 440 - Controlmatik ABW","robots":{"index":"index","follow":"follow","max-snippet":"max-snippet:-1","max-image-preview":"max-image-preview:large","max-video-preview":"max-video-preview:-1"},"canonical":"https:\/\/controlmatik-abw.si\/sl\/products\/vakuumski-preklopnik-serije-m-400-m-440\/","og_locale":"sl_SI","og_type":"article","og_title":"Vakuumski preklopnik serije M 400 & M 440 - Controlmatik ABW","og_description":"SPLO\u0160NO Vakuumski preklopnik deluje povsem mehansko, na principu vakuuma. Je","og_url":"https:\/\/controlmatik-abw.si\/sl\/products\/vakuumski-preklopnik-serije-m-400-m-440\/","og_site_name":"Controlmatik ABW","article_modified_time":"2022-10-11T10:41:59+00:00","og_image":[{"width":800,"height":533,"url":"https:\/\/controlmatik-abw.si\/wp-content\/uploads\/2018\/10\/vacuum-switchover-M-400-C.jpg","type":"image\/jpeg"}],"twitter_card":"summary_large_image","twitter_misc":{"Est. reading time":"1 minuta"},"schema":{"@context":"https:\/\/schema.org","@graph":[{"@type":"WebPage","@id":"https:\/\/controlmatik-abw.si\/sl\/products\/vakuumski-preklopnik-serije-m-400-m-440\/","url":"https:\/\/controlmatik-abw.si\/sl\/products\/vakuumski-preklopnik-serije-m-400-m-440\/","name":"Vakuumski preklopnik serije M 400 & M 440 - Controlmatik ABW","isPartOf":{"@id":"https:\/\/controlmatik-abw.si\/#website"},"primaryImageOfPage":{"@id":"https:\/\/controlmatik-abw.si\/sl\/products\/vakuumski-preklopnik-serije-m-400-m-440\/#primaryimage"},"image":{"@id":"https:\/\/controlmatik-abw.si\/sl\/products\/vakuumski-preklopnik-serije-m-400-m-440\/#primaryimage"},"thumbnailUrl":"https:\/\/controlmatik-abw.si\/wp-content\/uploads\/2018\/10\/vacuum-switchover-M-400-C.jpg","datePublished":"2019-05-21T08:18:52+00:00","dateModified":"2022-10-11T10:41:59+00:00","breadcrumb":{"@id":"https:\/\/controlmatik-abw.si\/sl\/products\/vakuumski-preklopnik-serije-m-400-m-440\/#breadcrumb"},"inLanguage":"sl-SI","potentialAction":[{"@type":"ReadAction","target":["https:\/\/controlmatik-abw.si\/sl\/products\/vakuumski-preklopnik-serije-m-400-m-440\/"]}]},{"@type":"ImageObject","inLanguage":"sl-SI","@id":"https:\/\/controlmatik-abw.si\/sl\/products\/vakuumski-preklopnik-serije-m-400-m-440\/#primaryimage","url":"https:\/\/controlmatik-abw.si\/wp-content\/uploads\/2018\/10\/vacuum-switchover-M-400-C.jpg","contentUrl":"https:\/\/controlmatik-abw.si\/wp-content\/uploads\/2018\/10\/vacuum-switchover-M-400-C.jpg","width":800,"height":533},{"@type":"BreadcrumbList","@id":"https:\/\/controlmatik-abw.si\/sl\/products\/vakuumski-preklopnik-serije-m-400-m-440\/#breadcrumb","itemListElement":[{"@type":"ListItem","position":1,"name":"Home","item":"https:\/\/controlmatik-abw.si\/sl\/"},{"@type":"ListItem","position":2,"name":"Trgovina","item":"https:\/\/controlmatik-abw.si\/sl\/trgovina\/"},{"@type":"ListItem","position":3,"name":"Vakuumski preklopnik serije M 400 &#038; M 440"}]},{"@type":"WebSite","@id":"https:\/\/controlmatik-abw.si\/#website","url":"https:\/\/controlmatik-abw.si\/","name":"Controlmatik ABW","description":"","potentialAction":[{"@type":"SearchAction","target":{"@type":"EntryPoint","urlTemplate":"https:\/\/controlmatik-abw.si\/?s={search_term_string}"},"query-input":{"@type":"PropertyValueSpecification","valueRequired":true,"valueName":"search_term_string"}}],"inLanguage":"sl-SI"}]}},"_links":{"self":[{"href":"https:\/\/controlmatik-abw.si\/sl\/wp-json\/wp\/v2\/product\/3369","targetHints":{"allow":["GET"]}}],"collection":[{"href":"https:\/\/controlmatik-abw.si\/sl\/wp-json\/wp\/v2\/product"}],"about":[{"href":"https:\/\/controlmatik-abw.si\/sl\/wp-json\/wp\/v2\/types\/product"}],"wp:featuredmedia":[{"embeddable":true,"href":"https:\/\/controlmatik-abw.si\/sl\/wp-json\/wp\/v2\/media\/1921"}],"wp:attachment":[{"href":"https:\/\/controlmatik-abw.si\/sl\/wp-json\/wp\/v2\/media?parent=3369"}],"wp:term":[{"taxonomy":"product_brand","embeddable":true,"href":"https:\/\/controlmatik-abw.si\/sl\/wp-json\/wp\/v2\/product_brand?post=3369"},{"taxonomy":"product_cat","embeddable":true,"href":"https:\/\/controlmatik-abw.si\/sl\/wp-json\/wp\/v2\/product_cat?post=3369"},{"taxonomy":"product_tag","embeddable":true,"href":"https:\/\/controlmatik-abw.si\/sl\/wp-json\/wp\/v2\/product_tag?post=3369"}],"curies":[{"name":"wp","href":"https:\/\/api.w.org\/{rel}","templated":true}]}}