{"id":3367,"date":"2019-05-21T08:18:51","date_gmt":"2019-05-21T08:18:51","guid":{"rendered":"http:\/\/controlmatic.com.dev.cj.si\/products\/import-placeholder-for-1078\/"},"modified":"2019-12-18T12:47:36","modified_gmt":"2019-12-18T12:47:36","slug":"motorni-dozirni-ventil-serije-m-3531-c","status":"publish","type":"product","link":"https:\/\/controlmatik-abw.si\/sl\/products\/motorni-dozirni-ventil-serije-m-3531-c\/","title":{"rendered":"Motorni dozirni ventil serije M 3531 C"},"content":{"rendered":"<h3>SPLO\u0160NO<\/h3>\n<p>Elektronski krmiljen motorni dozirni ventil serije M 3531 je namenjen doziranju tehni\u010dnih plinov v podtlaku.<\/p>\n<p>Sestavljen je iz materialov ,ki zdr\u017eijo visoke koncentracije plinov. Vgrajena tesnila so iz flouriranih ogljikovodikov (FKM, PTFE), materialov odpornih na agresivne pline.<\/p>\n<p>Upravljanje je ro\u010dno, preko uporabni\u0161kega vmesnika ali avtomatsko preko tokovnega ali napetostnega vhoda ter preko digitalne komunikacije.<\/p>\n<p>Signalizacija napake je vidna preko uporabni\u0161kega vmesnika ali preko digitalnega izhoda.<\/p>\n<p>Nelinearnost ventila se lahko popravi programsko v petih to\u010dkah.<\/p>\n<p>Vgrajena je varnostna funkcija, ki omogo\u010da zapiranje ali odpiranje ventila ob izgubi napajanja. Omogo\u010da tudi popolnoma mehansko upravljanje v primeru izgube napajanja.<\/p>\n","protected":false},"excerpt":{"rendered":"<h3>Kapaciteta\u00a0od 12 gCl2\/h <span class=\"Apple-converted-space\">\u00a0 <\/span>do 15 kg Cl2\/h<\/h3>\n<ul>\n<li>Enostavno krmiljenje, vhod (4 \u201320 mA)<\/li>\n<li>Dozirni ventil tipa V-notch<\/li>\n<li>Modbus komunikacija<\/li>\n<li>Visoko kakovostni Kora\u010dni motor<\/li>\n<li>5-to\u010dkovna kalibracija dozirnega ventila<\/li>\n<li>Led indikacija o poziciji dozirnega ventila<\/li>\n<li>Ro\u010dni ali avtomatski nadzor<\/li>\n<\/ul>\n","protected":false},"featured_media":954,"template":"","meta":{"_acf_changed":false,"inline_featured_image":false},"product_brand":[],"product_cat":[109,115],"product_tag":[],"class_list":{"0":"post-3367","1":"product","2":"type-product","3":"status-publish","4":"has-post-thumbnail","6":"product_cat-doziranje-plinov","7":"product_cat-motorni-dozirni-ventili","9":"first","10":"instock","11":"virtual","12":"purchasable","13":"product-type-simple"},"acf":[],"yoast_head":"<!-- This site is optimized with the Yoast SEO plugin v27.5 - https:\/\/yoast.com\/product\/yoast-seo-wordpress\/ -->\n<title>Motorni dozirni ventil serije M 3531 C - Controlmatik ABW<\/title>\n<meta name=\"robots\" content=\"index, follow, max-snippet:-1, max-image-preview:large, max-video-preview:-1\" \/>\n<link rel=\"canonical\" href=\"https:\/\/controlmatik-abw.si\/sl\/products\/motorni-dozirni-ventil-serije-m-3531-c\/\" \/>\n<meta property=\"og:locale\" content=\"sl_SI\" \/>\n<meta property=\"og:type\" content=\"article\" \/>\n<meta property=\"og:title\" content=\"Motorni dozirni ventil serije M 3531 C - Controlmatik ABW\" \/>\n<meta property=\"og:description\" content=\"Kapaciteta\u00a0od 12 gCl2\/h \u00a0 do 15 kg Cl2\/h   Enostavno krmiljenje, vhod (4 \u201320 mA)  Dozirni ventil tipa V-notch  Modbus komunikacija  Visoko kakovostni Kora\u010dni motor  5-to\u010dkovna kalibracija dozirnega ventila  Led indikacija o poziciji dozirnega ventila  Ro\u010dni ali avtomatski nadzor\" \/>\n<meta property=\"og:url\" content=\"https:\/\/controlmatik-abw.si\/sl\/products\/motorni-dozirni-ventil-serije-m-3531-c\/\" \/>\n<meta property=\"og:site_name\" content=\"Controlmatik ABW\" \/>\n<meta property=\"article:modified_time\" content=\"2019-12-18T12:47:36+00:00\" \/>\n<meta property=\"og:image\" content=\"https:\/\/controlmatik-abw.si\/wp-content\/uploads\/2018\/09\/motor-dosing-valve-M-3531-C-1.png\" \/>\n\t<meta property=\"og:image:width\" content=\"800\" \/>\n\t<meta property=\"og:image:height\" content=\"533\" \/>\n\t<meta property=\"og:image:type\" content=\"image\/png\" \/>\n<meta name=\"twitter:card\" content=\"summary_large_image\" \/>\n<meta name=\"twitter:label1\" content=\"Est. reading time\" \/>\n\t<meta name=\"twitter:data1\" content=\"1 minuta\" \/>\n<script type=\"application\/ld+json\" class=\"yoast-schema-graph\">{\"@context\":\"https:\\\/\\\/schema.org\",\"@graph\":[{\"@type\":\"WebPage\",\"@id\":\"https:\\\/\\\/controlmatik-abw.si\\\/sl\\\/products\\\/motorni-dozirni-ventil-serije-m-3531-c\\\/\",\"url\":\"https:\\\/\\\/controlmatik-abw.si\\\/sl\\\/products\\\/motorni-dozirni-ventil-serije-m-3531-c\\\/\",\"name\":\"Motorni dozirni ventil serije M 3531 C - Controlmatik ABW\",\"isPartOf\":{\"@id\":\"https:\\\/\\\/controlmatik-abw.si\\\/#website\"},\"primaryImageOfPage\":{\"@id\":\"https:\\\/\\\/controlmatik-abw.si\\\/sl\\\/products\\\/motorni-dozirni-ventil-serije-m-3531-c\\\/#primaryimage\"},\"image\":{\"@id\":\"https:\\\/\\\/controlmatik-abw.si\\\/sl\\\/products\\\/motorni-dozirni-ventil-serije-m-3531-c\\\/#primaryimage\"},\"thumbnailUrl\":\"https:\\\/\\\/controlmatik-abw.si\\\/wp-content\\\/uploads\\\/2018\\\/09\\\/motor-dosing-valve-M-3531-C-1.png\",\"datePublished\":\"2019-05-21T08:18:51+00:00\",\"dateModified\":\"2019-12-18T12:47:36+00:00\",\"breadcrumb\":{\"@id\":\"https:\\\/\\\/controlmatik-abw.si\\\/sl\\\/products\\\/motorni-dozirni-ventil-serije-m-3531-c\\\/#breadcrumb\"},\"inLanguage\":\"sl-SI\",\"potentialAction\":[{\"@type\":\"ReadAction\",\"target\":[\"https:\\\/\\\/controlmatik-abw.si\\\/sl\\\/products\\\/motorni-dozirni-ventil-serije-m-3531-c\\\/\"]}]},{\"@type\":\"ImageObject\",\"inLanguage\":\"sl-SI\",\"@id\":\"https:\\\/\\\/controlmatik-abw.si\\\/sl\\\/products\\\/motorni-dozirni-ventil-serije-m-3531-c\\\/#primaryimage\",\"url\":\"https:\\\/\\\/controlmatik-abw.si\\\/wp-content\\\/uploads\\\/2018\\\/09\\\/motor-dosing-valve-M-3531-C-1.png\",\"contentUrl\":\"https:\\\/\\\/controlmatik-abw.si\\\/wp-content\\\/uploads\\\/2018\\\/09\\\/motor-dosing-valve-M-3531-C-1.png\",\"width\":800,\"height\":533},{\"@type\":\"BreadcrumbList\",\"@id\":\"https:\\\/\\\/controlmatik-abw.si\\\/sl\\\/products\\\/motorni-dozirni-ventil-serije-m-3531-c\\\/#breadcrumb\",\"itemListElement\":[{\"@type\":\"ListItem\",\"position\":1,\"name\":\"Home\",\"item\":\"https:\\\/\\\/controlmatik-abw.si\\\/sl\\\/\"},{\"@type\":\"ListItem\",\"position\":2,\"name\":\"Trgovina\",\"item\":\"https:\\\/\\\/controlmatik-abw.si\\\/sl\\\/trgovina\\\/\"},{\"@type\":\"ListItem\",\"position\":3,\"name\":\"Motorni dozirni ventil serije M 3531 C\"}]},{\"@type\":\"WebSite\",\"@id\":\"https:\\\/\\\/controlmatik-abw.si\\\/#website\",\"url\":\"https:\\\/\\\/controlmatik-abw.si\\\/\",\"name\":\"Controlmatik ABW\",\"description\":\"\",\"potentialAction\":[{\"@type\":\"SearchAction\",\"target\":{\"@type\":\"EntryPoint\",\"urlTemplate\":\"https:\\\/\\\/controlmatik-abw.si\\\/?s={search_term_string}\"},\"query-input\":{\"@type\":\"PropertyValueSpecification\",\"valueRequired\":true,\"valueName\":\"search_term_string\"}}],\"inLanguage\":\"sl-SI\"}]}<\/script>\n<!-- \/ Yoast SEO plugin. -->","yoast_head_json":{"title":"Motorni dozirni ventil serije M 3531 C - Controlmatik ABW","robots":{"index":"index","follow":"follow","max-snippet":"max-snippet:-1","max-image-preview":"max-image-preview:large","max-video-preview":"max-video-preview:-1"},"canonical":"https:\/\/controlmatik-abw.si\/sl\/products\/motorni-dozirni-ventil-serije-m-3531-c\/","og_locale":"sl_SI","og_type":"article","og_title":"Motorni dozirni ventil serije M 3531 C - Controlmatik ABW","og_description":"Kapaciteta\u00a0od 12 gCl2\/h \u00a0 do 15 kg Cl2\/h   Enostavno krmiljenje, vhod (4 \u201320 mA)  Dozirni ventil tipa V-notch  Modbus komunikacija  Visoko kakovostni Kora\u010dni motor  5-to\u010dkovna kalibracija dozirnega ventila  Led indikacija o poziciji dozirnega ventila  Ro\u010dni ali avtomatski nadzor","og_url":"https:\/\/controlmatik-abw.si\/sl\/products\/motorni-dozirni-ventil-serije-m-3531-c\/","og_site_name":"Controlmatik ABW","article_modified_time":"2019-12-18T12:47:36+00:00","og_image":[{"width":800,"height":533,"url":"https:\/\/controlmatik-abw.si\/wp-content\/uploads\/2018\/09\/motor-dosing-valve-M-3531-C-1.png","type":"image\/png"}],"twitter_card":"summary_large_image","twitter_misc":{"Est. reading time":"1 minuta"},"schema":{"@context":"https:\/\/schema.org","@graph":[{"@type":"WebPage","@id":"https:\/\/controlmatik-abw.si\/sl\/products\/motorni-dozirni-ventil-serije-m-3531-c\/","url":"https:\/\/controlmatik-abw.si\/sl\/products\/motorni-dozirni-ventil-serije-m-3531-c\/","name":"Motorni dozirni ventil serije M 3531 C - Controlmatik ABW","isPartOf":{"@id":"https:\/\/controlmatik-abw.si\/#website"},"primaryImageOfPage":{"@id":"https:\/\/controlmatik-abw.si\/sl\/products\/motorni-dozirni-ventil-serije-m-3531-c\/#primaryimage"},"image":{"@id":"https:\/\/controlmatik-abw.si\/sl\/products\/motorni-dozirni-ventil-serije-m-3531-c\/#primaryimage"},"thumbnailUrl":"https:\/\/controlmatik-abw.si\/wp-content\/uploads\/2018\/09\/motor-dosing-valve-M-3531-C-1.png","datePublished":"2019-05-21T08:18:51+00:00","dateModified":"2019-12-18T12:47:36+00:00","breadcrumb":{"@id":"https:\/\/controlmatik-abw.si\/sl\/products\/motorni-dozirni-ventil-serije-m-3531-c\/#breadcrumb"},"inLanguage":"sl-SI","potentialAction":[{"@type":"ReadAction","target":["https:\/\/controlmatik-abw.si\/sl\/products\/motorni-dozirni-ventil-serije-m-3531-c\/"]}]},{"@type":"ImageObject","inLanguage":"sl-SI","@id":"https:\/\/controlmatik-abw.si\/sl\/products\/motorni-dozirni-ventil-serije-m-3531-c\/#primaryimage","url":"https:\/\/controlmatik-abw.si\/wp-content\/uploads\/2018\/09\/motor-dosing-valve-M-3531-C-1.png","contentUrl":"https:\/\/controlmatik-abw.si\/wp-content\/uploads\/2018\/09\/motor-dosing-valve-M-3531-C-1.png","width":800,"height":533},{"@type":"BreadcrumbList","@id":"https:\/\/controlmatik-abw.si\/sl\/products\/motorni-dozirni-ventil-serije-m-3531-c\/#breadcrumb","itemListElement":[{"@type":"ListItem","position":1,"name":"Home","item":"https:\/\/controlmatik-abw.si\/sl\/"},{"@type":"ListItem","position":2,"name":"Trgovina","item":"https:\/\/controlmatik-abw.si\/sl\/trgovina\/"},{"@type":"ListItem","position":3,"name":"Motorni dozirni ventil serije M 3531 C"}]},{"@type":"WebSite","@id":"https:\/\/controlmatik-abw.si\/#website","url":"https:\/\/controlmatik-abw.si\/","name":"Controlmatik ABW","description":"","potentialAction":[{"@type":"SearchAction","target":{"@type":"EntryPoint","urlTemplate":"https:\/\/controlmatik-abw.si\/?s={search_term_string}"},"query-input":{"@type":"PropertyValueSpecification","valueRequired":true,"valueName":"search_term_string"}}],"inLanguage":"sl-SI"}]}},"_links":{"self":[{"href":"https:\/\/controlmatik-abw.si\/sl\/wp-json\/wp\/v2\/product\/3367","targetHints":{"allow":["GET"]}}],"collection":[{"href":"https:\/\/controlmatik-abw.si\/sl\/wp-json\/wp\/v2\/product"}],"about":[{"href":"https:\/\/controlmatik-abw.si\/sl\/wp-json\/wp\/v2\/types\/product"}],"wp:featuredmedia":[{"embeddable":true,"href":"https:\/\/controlmatik-abw.si\/sl\/wp-json\/wp\/v2\/media\/954"}],"wp:attachment":[{"href":"https:\/\/controlmatik-abw.si\/sl\/wp-json\/wp\/v2\/media?parent=3367"}],"wp:term":[{"taxonomy":"product_brand","embeddable":true,"href":"https:\/\/controlmatik-abw.si\/sl\/wp-json\/wp\/v2\/product_brand?post=3367"},{"taxonomy":"product_cat","embeddable":true,"href":"https:\/\/controlmatik-abw.si\/sl\/wp-json\/wp\/v2\/product_cat?post=3367"},{"taxonomy":"product_tag","embeddable":true,"href":"https:\/\/controlmatik-abw.si\/sl\/wp-json\/wp\/v2\/product_tag?post=3367"}],"curies":[{"name":"wp","href":"https:\/\/api.w.org\/{rel}","templated":true}]}}