{"id":3363,"date":"2019-05-21T08:18:49","date_gmt":"2019-05-21T08:18:49","guid":{"rendered":"http:\/\/controlmatic.com.dev.cj.si\/products\/import-placeholder-for-1005\/"},"modified":"2019-12-18T12:42:20","modified_gmt":"2019-12-18T12:42:20","slug":"detektor-klora-v-zraku-serije-m-4510-c","status":"publish","type":"product","link":"https:\/\/controlmatik-abw.si\/sl\/products\/detektor-klora-v-zraku-serije-m-4510-c\/","title":{"rendered":"Detektor klora v zraku serije  M 4510 C"},"content":{"rendered":"<h3>SPLO\u0160NO<\/h3>\n<p>M 4510 sestavljajo enota z zaslonom za sprejem signala, omejitvena enota z dvema nastavljivima (prilagodljivima) alarmoma ter alarmom napake, enota elektri\u010dnega napajanja in lo\u010deno \u0161e merilna celica \u2013 sonda.<\/p>\n<p>&nbsp;<\/p>\n<p>Sonda je name\u0161\u010dena v ohi\u0161ju IP65 z izhodnim signalom 4 &#8211; 20 mA, ki je povezan z enoto za sprejem signala. Na signala nastavljivih (prilagodljivih) alarmov lahko za primer uhajanja plinastega Cl2 uporabimo naslednje naprave:<\/p>\n<ul>\n<li>Zvo\u010dni alarm (hupa)<\/li>\n<li>Rotacijska lu\u010d<\/li>\n<li>Sistem prezra\u010devanja<\/li>\n<li>Nevtralizacija<\/li>\n<\/ul>\n<p>Glej produktno informacijo za <a href=\"http:\/\/controlmatik.com\/products\/chlorine-gas-detection-sensor-m-2103-c\/\">Sonda za detekcijo klora v zraku M 2103 C<\/a>.<\/p>\n<div class=\"green-box\">\n<div class=\"row\">\n<div class=\"col-md-5\"><\/div>\n<\/div>\n<\/div>\n","protected":false},"excerpt":{"rendered":"<p><strong>Measuring range: 0 &#8211; 20 PPM<\/strong><\/p>\n<ul>\n<li>2 merilni to\u010dki<span class=\"Apple-converted-space\">\u00a0<\/span><\/li>\n<li>6 relejskih izhodov<\/li>\n<li>Prikaz napak<\/li>\n<li>Enostavna nastavitev<\/li>\n<li>Ro\u010dno testiranje alarmov<\/li>\n<\/ul>\n","protected":false},"featured_media":1016,"template":"","meta":{"_acf_changed":false,"inline_featured_image":false},"product_brand":[],"product_cat":[137],"product_tag":[],"class_list":{"0":"post-3363","1":"product","2":"type-product","3":"status-publish","4":"has-post-thumbnail","6":"product_cat-varnost","8":"first","9":"instock","10":"virtual","11":"purchasable","12":"product-type-simple"},"acf":[],"yoast_head":"<!-- This site is optimized with the Yoast SEO plugin v27.5 - https:\/\/yoast.com\/product\/yoast-seo-wordpress\/ -->\n<title>Detektor klora v zraku serije M 4510 C - Controlmatik ABW<\/title>\n<meta name=\"robots\" content=\"index, follow, max-snippet:-1, max-image-preview:large, max-video-preview:-1\" \/>\n<link rel=\"canonical\" href=\"https:\/\/controlmatik-abw.si\/sl\/products\/detektor-klora-v-zraku-serije-m-4510-c\/\" \/>\n<meta property=\"og:locale\" content=\"sl_SI\" \/>\n<meta property=\"og:type\" content=\"article\" \/>\n<meta property=\"og:title\" content=\"Detektor klora v zraku serije M 4510 C - Controlmatik ABW\" \/>\n<meta property=\"og:description\" content=\"Measuring range: 0 - 20 PPM   2 merilni to\u010dki\u00a0  6 relejskih izhodov  Prikaz napak  Enostavna nastavitev  Ro\u010dno testiranje alarmov\" \/>\n<meta property=\"og:url\" content=\"https:\/\/controlmatik-abw.si\/sl\/products\/detektor-klora-v-zraku-serije-m-4510-c\/\" \/>\n<meta property=\"og:site_name\" content=\"Controlmatik ABW\" \/>\n<meta property=\"article:modified_time\" content=\"2019-12-18T12:42:20+00:00\" \/>\n<meta property=\"og:image\" content=\"https:\/\/controlmatik-abw.si\/wp-content\/uploads\/2018\/09\/chlorine-gas-leak-detector-M-4510-C.png\" \/>\n\t<meta property=\"og:image:width\" content=\"800\" \/>\n\t<meta property=\"og:image:height\" content=\"533\" \/>\n\t<meta property=\"og:image:type\" content=\"image\/png\" \/>\n<meta name=\"twitter:card\" content=\"summary_large_image\" \/>\n<script type=\"application\/ld+json\" class=\"yoast-schema-graph\">{\"@context\":\"https:\\\/\\\/schema.org\",\"@graph\":[{\"@type\":\"WebPage\",\"@id\":\"https:\\\/\\\/controlmatik-abw.si\\\/sl\\\/products\\\/detektor-klora-v-zraku-serije-m-4510-c\\\/\",\"url\":\"https:\\\/\\\/controlmatik-abw.si\\\/sl\\\/products\\\/detektor-klora-v-zraku-serije-m-4510-c\\\/\",\"name\":\"Detektor klora v zraku serije M 4510 C - Controlmatik ABW\",\"isPartOf\":{\"@id\":\"https:\\\/\\\/controlmatik-abw.si\\\/#website\"},\"primaryImageOfPage\":{\"@id\":\"https:\\\/\\\/controlmatik-abw.si\\\/sl\\\/products\\\/detektor-klora-v-zraku-serije-m-4510-c\\\/#primaryimage\"},\"image\":{\"@id\":\"https:\\\/\\\/controlmatik-abw.si\\\/sl\\\/products\\\/detektor-klora-v-zraku-serije-m-4510-c\\\/#primaryimage\"},\"thumbnailUrl\":\"https:\\\/\\\/controlmatik-abw.si\\\/wp-content\\\/uploads\\\/2018\\\/09\\\/chlorine-gas-leak-detector-M-4510-C.png\",\"datePublished\":\"2019-05-21T08:18:49+00:00\",\"dateModified\":\"2019-12-18T12:42:20+00:00\",\"breadcrumb\":{\"@id\":\"https:\\\/\\\/controlmatik-abw.si\\\/sl\\\/products\\\/detektor-klora-v-zraku-serije-m-4510-c\\\/#breadcrumb\"},\"inLanguage\":\"sl-SI\",\"potentialAction\":[{\"@type\":\"ReadAction\",\"target\":[\"https:\\\/\\\/controlmatik-abw.si\\\/sl\\\/products\\\/detektor-klora-v-zraku-serije-m-4510-c\\\/\"]}]},{\"@type\":\"ImageObject\",\"inLanguage\":\"sl-SI\",\"@id\":\"https:\\\/\\\/controlmatik-abw.si\\\/sl\\\/products\\\/detektor-klora-v-zraku-serije-m-4510-c\\\/#primaryimage\",\"url\":\"https:\\\/\\\/controlmatik-abw.si\\\/wp-content\\\/uploads\\\/2018\\\/09\\\/chlorine-gas-leak-detector-M-4510-C.png\",\"contentUrl\":\"https:\\\/\\\/controlmatik-abw.si\\\/wp-content\\\/uploads\\\/2018\\\/09\\\/chlorine-gas-leak-detector-M-4510-C.png\",\"width\":800,\"height\":533},{\"@type\":\"BreadcrumbList\",\"@id\":\"https:\\\/\\\/controlmatik-abw.si\\\/sl\\\/products\\\/detektor-klora-v-zraku-serije-m-4510-c\\\/#breadcrumb\",\"itemListElement\":[{\"@type\":\"ListItem\",\"position\":1,\"name\":\"Home\",\"item\":\"https:\\\/\\\/controlmatik-abw.si\\\/sl\\\/\"},{\"@type\":\"ListItem\",\"position\":2,\"name\":\"Trgovina\",\"item\":\"https:\\\/\\\/controlmatik-abw.si\\\/sl\\\/trgovina\\\/\"},{\"@type\":\"ListItem\",\"position\":3,\"name\":\"Detektor klora v zraku serije M 4510 C\"}]},{\"@type\":\"WebSite\",\"@id\":\"https:\\\/\\\/controlmatik-abw.si\\\/#website\",\"url\":\"https:\\\/\\\/controlmatik-abw.si\\\/\",\"name\":\"Controlmatik ABW\",\"description\":\"\",\"potentialAction\":[{\"@type\":\"SearchAction\",\"target\":{\"@type\":\"EntryPoint\",\"urlTemplate\":\"https:\\\/\\\/controlmatik-abw.si\\\/?s={search_term_string}\"},\"query-input\":{\"@type\":\"PropertyValueSpecification\",\"valueRequired\":true,\"valueName\":\"search_term_string\"}}],\"inLanguage\":\"sl-SI\"}]}<\/script>\n<!-- \/ Yoast SEO plugin. -->","yoast_head_json":{"title":"Detektor klora v zraku serije M 4510 C - Controlmatik ABW","robots":{"index":"index","follow":"follow","max-snippet":"max-snippet:-1","max-image-preview":"max-image-preview:large","max-video-preview":"max-video-preview:-1"},"canonical":"https:\/\/controlmatik-abw.si\/sl\/products\/detektor-klora-v-zraku-serije-m-4510-c\/","og_locale":"sl_SI","og_type":"article","og_title":"Detektor klora v zraku serije M 4510 C - Controlmatik ABW","og_description":"Measuring range: 0 - 20 PPM   2 merilni to\u010dki\u00a0  6 relejskih izhodov  Prikaz napak  Enostavna nastavitev  Ro\u010dno testiranje alarmov","og_url":"https:\/\/controlmatik-abw.si\/sl\/products\/detektor-klora-v-zraku-serije-m-4510-c\/","og_site_name":"Controlmatik ABW","article_modified_time":"2019-12-18T12:42:20+00:00","og_image":[{"width":800,"height":533,"url":"https:\/\/controlmatik-abw.si\/wp-content\/uploads\/2018\/09\/chlorine-gas-leak-detector-M-4510-C.png","type":"image\/png"}],"twitter_card":"summary_large_image","schema":{"@context":"https:\/\/schema.org","@graph":[{"@type":"WebPage","@id":"https:\/\/controlmatik-abw.si\/sl\/products\/detektor-klora-v-zraku-serije-m-4510-c\/","url":"https:\/\/controlmatik-abw.si\/sl\/products\/detektor-klora-v-zraku-serije-m-4510-c\/","name":"Detektor klora v zraku serije M 4510 C - Controlmatik ABW","isPartOf":{"@id":"https:\/\/controlmatik-abw.si\/#website"},"primaryImageOfPage":{"@id":"https:\/\/controlmatik-abw.si\/sl\/products\/detektor-klora-v-zraku-serije-m-4510-c\/#primaryimage"},"image":{"@id":"https:\/\/controlmatik-abw.si\/sl\/products\/detektor-klora-v-zraku-serije-m-4510-c\/#primaryimage"},"thumbnailUrl":"https:\/\/controlmatik-abw.si\/wp-content\/uploads\/2018\/09\/chlorine-gas-leak-detector-M-4510-C.png","datePublished":"2019-05-21T08:18:49+00:00","dateModified":"2019-12-18T12:42:20+00:00","breadcrumb":{"@id":"https:\/\/controlmatik-abw.si\/sl\/products\/detektor-klora-v-zraku-serije-m-4510-c\/#breadcrumb"},"inLanguage":"sl-SI","potentialAction":[{"@type":"ReadAction","target":["https:\/\/controlmatik-abw.si\/sl\/products\/detektor-klora-v-zraku-serije-m-4510-c\/"]}]},{"@type":"ImageObject","inLanguage":"sl-SI","@id":"https:\/\/controlmatik-abw.si\/sl\/products\/detektor-klora-v-zraku-serije-m-4510-c\/#primaryimage","url":"https:\/\/controlmatik-abw.si\/wp-content\/uploads\/2018\/09\/chlorine-gas-leak-detector-M-4510-C.png","contentUrl":"https:\/\/controlmatik-abw.si\/wp-content\/uploads\/2018\/09\/chlorine-gas-leak-detector-M-4510-C.png","width":800,"height":533},{"@type":"BreadcrumbList","@id":"https:\/\/controlmatik-abw.si\/sl\/products\/detektor-klora-v-zraku-serije-m-4510-c\/#breadcrumb","itemListElement":[{"@type":"ListItem","position":1,"name":"Home","item":"https:\/\/controlmatik-abw.si\/sl\/"},{"@type":"ListItem","position":2,"name":"Trgovina","item":"https:\/\/controlmatik-abw.si\/sl\/trgovina\/"},{"@type":"ListItem","position":3,"name":"Detektor klora v zraku serije M 4510 C"}]},{"@type":"WebSite","@id":"https:\/\/controlmatik-abw.si\/#website","url":"https:\/\/controlmatik-abw.si\/","name":"Controlmatik ABW","description":"","potentialAction":[{"@type":"SearchAction","target":{"@type":"EntryPoint","urlTemplate":"https:\/\/controlmatik-abw.si\/?s={search_term_string}"},"query-input":{"@type":"PropertyValueSpecification","valueRequired":true,"valueName":"search_term_string"}}],"inLanguage":"sl-SI"}]}},"_links":{"self":[{"href":"https:\/\/controlmatik-abw.si\/sl\/wp-json\/wp\/v2\/product\/3363","targetHints":{"allow":["GET"]}}],"collection":[{"href":"https:\/\/controlmatik-abw.si\/sl\/wp-json\/wp\/v2\/product"}],"about":[{"href":"https:\/\/controlmatik-abw.si\/sl\/wp-json\/wp\/v2\/types\/product"}],"wp:featuredmedia":[{"embeddable":true,"href":"https:\/\/controlmatik-abw.si\/sl\/wp-json\/wp\/v2\/media\/1016"}],"wp:attachment":[{"href":"https:\/\/controlmatik-abw.si\/sl\/wp-json\/wp\/v2\/media?parent=3363"}],"wp:term":[{"taxonomy":"product_brand","embeddable":true,"href":"https:\/\/controlmatik-abw.si\/sl\/wp-json\/wp\/v2\/product_brand?post=3363"},{"taxonomy":"product_cat","embeddable":true,"href":"https:\/\/controlmatik-abw.si\/sl\/wp-json\/wp\/v2\/product_cat?post=3363"},{"taxonomy":"product_tag","embeddable":true,"href":"https:\/\/controlmatik-abw.si\/sl\/wp-json\/wp\/v2\/product_tag?post=3363"}],"curies":[{"name":"wp","href":"https:\/\/api.w.org\/{rel}","templated":true}]}}