{"id":3358,"date":"2019-05-21T08:18:48","date_gmt":"2019-05-21T08:18:48","guid":{"rendered":"http:\/\/controlmatic.com.dev.cj.si\/products\/import-placeholder-for-926\/"},"modified":"2019-12-17T13:22:48","modified_gmt":"2019-12-17T13:22:48","slug":"analizator-klor-dioksida-serije-m-1056-c","status":"publish","type":"product","link":"https:\/\/controlmatik-abw.si\/sl\/products\/analizator-klor-dioksida-serije-m-1056-c\/","title":{"rendered":"Analizator klor dioksida serije M 1056 C"},"content":{"rendered":"<h3>SPLO\u0160NO<\/h3>\n<p>Merilna enota M 1056C je namenjena meritvam in kontrolnim procesom v industriji, na podro\u010djih pitne, bazenske ter odpadne vode.<span class=\"Apple-converted-space\">\u00a0<\/span><\/p>\n<p>Osnovna merjena parametra sta klor dioksid in temperatura.<\/p>\n<p>&nbsp;<\/p>\n<p>Enota omogo\u010da dograditev dodatnih raz\u0161iritvenih modulov, za merjenje pH vrednosti in redox potenciala (tudi za pitne in odpadne vode).<\/p>\n<p>Amperometri\u010dna merilna metoda z dvema elektrodama in dodatno tretjo referen\u010dno elektrodo zagotavlja konstantno in neprekinjeno meritev.<\/p>\n<p>Enoto sestavljajo slede\u010di podsklopi:<\/p>\n<p>\u00b7\u00a0mehanski filter vzorca<\/p>\n<p>\u00b7\u00a0indikator pretoka vzorca<\/p>\n<p>\u00b7\u00a0samo\u010distilna merilna celica<\/p>\n<p>\u00b7\u00a0merilno regulacijska elektronika<\/p>\n<p>\u00b7\u00a0pokrov<\/p>\n<p>Uporabni\u0161ki vmesnik za parametriranje in kalibracijo je izveden preko grafi\u010dnega LCD prikazovalnika.<\/p>\n<p>Krmiljenje, regulacijo in nadzor dezinfekcijskih procesov omogo\u010dajo analogni in digitalni izhodi ter canbus digitalna komunikacija. Regulacijski modul podpira priklop aktuatorjev &#8211; dozirne \u010drpalke z analognimi in digitalnimi vhodi ter elektromagnetni in elektromotorni ventili &#8211; za dvoto\u010dkovna in zvezna doziranja.<\/p>\n<p>Programska zasnova regulacijskega modula vsebuje ve\u010d varovalnih mehanizmov proti predoziranju.<\/p>\n","protected":false},"excerpt":{"rendered":"<h3>Merilno obmo\u010dje 0 &#8211; 1 mg\/l<\/h3>\n<ul class=\"dot\">\n<li>3 merilne elektrode: platina\/platina + referen\u010dna elektroda<\/li>\n<li>Kontinuirana meritev: klor dioksid<\/li>\n<li>Merilno obmo\u010dje za koncentracije do 500 ug\/l<\/li>\n<li>Stabilna meritev\u2014 odprta preto\u010dna merilna celica s konstantnim pretokom<\/li>\n<li>Kontinuirano \u010di\u0161\u010denje merilnih elektrod s kora\u010dnim motorjem<\/li>\n<li>Vpogled v parametre merilne celice za hitro odkrivanje vpliva mote\u010dih elementov<\/li>\n<li>Modularna izvedba merilnih elektronik (enostavno servisiranje)<\/li>\n<li>Alarm napake merilne celice ali reguliranja<\/li>\n<li>Canbus komunikacija za enostavno povezovanje ve\u010d enot na nadzorno enoto<\/li>\n<li>Pregleden grafi\u010dni prikaz vseh merjenih parametrov<\/li>\n<\/ul>\n","protected":false},"featured_media":933,"template":"","meta":{"_acf_changed":false,"inline_featured_image":false},"product_brand":[],"product_cat":[129],"product_tag":[],"class_list":{"0":"post-3358","1":"product","2":"type-product","3":"status-publish","4":"has-post-thumbnail","6":"product_cat-meritve","8":"first","9":"instock","10":"virtual","11":"purchasable","12":"product-type-simple"},"acf":[],"yoast_head":"<!-- This site is optimized with the Yoast SEO plugin v27.3 - https:\/\/yoast.com\/product\/yoast-seo-wordpress\/ -->\n<title>Analizator klor dioksida serije M 1056 C - Controlmatik ABW<\/title>\n<meta name=\"robots\" content=\"index, follow, max-snippet:-1, max-image-preview:large, max-video-preview:-1\" \/>\n<link rel=\"canonical\" href=\"https:\/\/controlmatik-abw.si\/sl\/products\/analizator-klor-dioksida-serije-m-1056-c\/\" \/>\n<meta property=\"og:locale\" content=\"sl_SI\" \/>\n<meta property=\"og:type\" content=\"article\" \/>\n<meta property=\"og:title\" content=\"Analizator klor dioksida serije M 1056 C - Controlmatik ABW\" \/>\n<meta property=\"og:description\" content=\"Merilno obmo\u010dje 0 - 1 mg\/l   3 merilne elektrode: platina\/platina + referen\u010dna elektroda  Kontinuirana meritev: klor dioksid  Merilno obmo\u010dje za koncentracije do 500 ug\/l  Stabilna meritev\u2014 odprta preto\u010dna merilna celica s konstantnim pretokom  Kontinuirano \u010di\u0161\u010denje merilnih elektrod s kora\u010dnim motorjem  Vpogled v parametre merilne celice za hitro odkrivanje vpliva mote\u010dih elementov  Modularna izvedba merilnih elektronik (enostavno servisiranje)  Alarm napake merilne celice ali reguliranja  Canbus komunikacija za enostavno povezovanje ve\u010d enot na nadzorno enoto  Pregleden grafi\u010dni prikaz vseh merjenih parametrov\" \/>\n<meta property=\"og:url\" content=\"https:\/\/controlmatik-abw.si\/sl\/products\/analizator-klor-dioksida-serije-m-1056-c\/\" \/>\n<meta property=\"og:site_name\" content=\"Controlmatik ABW\" \/>\n<meta property=\"article:modified_time\" content=\"2019-12-17T13:22:48+00:00\" \/>\n<meta property=\"og:image\" content=\"https:\/\/controlmatik-abw.si\/wp-content\/uploads\/2018\/09\/chlorine-dioxide-analyser-M-1056-C.jpg\" \/>\n\t<meta property=\"og:image:width\" content=\"800\" \/>\n\t<meta property=\"og:image:height\" content=\"533\" \/>\n\t<meta property=\"og:image:type\" content=\"image\/jpeg\" \/>\n<meta name=\"twitter:card\" content=\"summary_large_image\" \/>\n<meta name=\"twitter:label1\" content=\"Est. reading time\" \/>\n\t<meta name=\"twitter:data1\" content=\"1 minuta\" \/>\n<script type=\"application\/ld+json\" class=\"yoast-schema-graph\">{\"@context\":\"https:\\\/\\\/schema.org\",\"@graph\":[{\"@type\":\"WebPage\",\"@id\":\"https:\\\/\\\/controlmatik-abw.si\\\/sl\\\/products\\\/analizator-klor-dioksida-serije-m-1056-c\\\/\",\"url\":\"https:\\\/\\\/controlmatik-abw.si\\\/sl\\\/products\\\/analizator-klor-dioksida-serije-m-1056-c\\\/\",\"name\":\"Analizator klor dioksida serije M 1056 C - Controlmatik ABW\",\"isPartOf\":{\"@id\":\"https:\\\/\\\/controlmatik-abw.si\\\/#website\"},\"primaryImageOfPage\":{\"@id\":\"https:\\\/\\\/controlmatik-abw.si\\\/sl\\\/products\\\/analizator-klor-dioksida-serije-m-1056-c\\\/#primaryimage\"},\"image\":{\"@id\":\"https:\\\/\\\/controlmatik-abw.si\\\/sl\\\/products\\\/analizator-klor-dioksida-serije-m-1056-c\\\/#primaryimage\"},\"thumbnailUrl\":\"https:\\\/\\\/controlmatik-abw.si\\\/wp-content\\\/uploads\\\/2018\\\/09\\\/chlorine-dioxide-analyser-M-1056-C.jpg\",\"datePublished\":\"2019-05-21T08:18:48+00:00\",\"dateModified\":\"2019-12-17T13:22:48+00:00\",\"breadcrumb\":{\"@id\":\"https:\\\/\\\/controlmatik-abw.si\\\/sl\\\/products\\\/analizator-klor-dioksida-serije-m-1056-c\\\/#breadcrumb\"},\"inLanguage\":\"sl-SI\",\"potentialAction\":[{\"@type\":\"ReadAction\",\"target\":[\"https:\\\/\\\/controlmatik-abw.si\\\/sl\\\/products\\\/analizator-klor-dioksida-serije-m-1056-c\\\/\"]}]},{\"@type\":\"ImageObject\",\"inLanguage\":\"sl-SI\",\"@id\":\"https:\\\/\\\/controlmatik-abw.si\\\/sl\\\/products\\\/analizator-klor-dioksida-serije-m-1056-c\\\/#primaryimage\",\"url\":\"https:\\\/\\\/controlmatik-abw.si\\\/wp-content\\\/uploads\\\/2018\\\/09\\\/chlorine-dioxide-analyser-M-1056-C.jpg\",\"contentUrl\":\"https:\\\/\\\/controlmatik-abw.si\\\/wp-content\\\/uploads\\\/2018\\\/09\\\/chlorine-dioxide-analyser-M-1056-C.jpg\",\"width\":800,\"height\":533},{\"@type\":\"BreadcrumbList\",\"@id\":\"https:\\\/\\\/controlmatik-abw.si\\\/sl\\\/products\\\/analizator-klor-dioksida-serije-m-1056-c\\\/#breadcrumb\",\"itemListElement\":[{\"@type\":\"ListItem\",\"position\":1,\"name\":\"Home\",\"item\":\"https:\\\/\\\/controlmatik-abw.si\\\/sl\\\/\"},{\"@type\":\"ListItem\",\"position\":2,\"name\":\"Trgovina\",\"item\":\"https:\\\/\\\/controlmatik-abw.si\\\/sl\\\/trgovina\\\/\"},{\"@type\":\"ListItem\",\"position\":3,\"name\":\"Analizator klor dioksida serije M 1056 C\"}]},{\"@type\":\"WebSite\",\"@id\":\"https:\\\/\\\/controlmatik-abw.si\\\/#website\",\"url\":\"https:\\\/\\\/controlmatik-abw.si\\\/\",\"name\":\"Controlmatik ABW\",\"description\":\"\",\"potentialAction\":[{\"@type\":\"SearchAction\",\"target\":{\"@type\":\"EntryPoint\",\"urlTemplate\":\"https:\\\/\\\/controlmatik-abw.si\\\/?s={search_term_string}\"},\"query-input\":{\"@type\":\"PropertyValueSpecification\",\"valueRequired\":true,\"valueName\":\"search_term_string\"}}],\"inLanguage\":\"sl-SI\"}]}<\/script>\n<!-- \/ Yoast SEO plugin. -->","yoast_head_json":{"title":"Analizator klor dioksida serije M 1056 C - Controlmatik ABW","robots":{"index":"index","follow":"follow","max-snippet":"max-snippet:-1","max-image-preview":"max-image-preview:large","max-video-preview":"max-video-preview:-1"},"canonical":"https:\/\/controlmatik-abw.si\/sl\/products\/analizator-klor-dioksida-serije-m-1056-c\/","og_locale":"sl_SI","og_type":"article","og_title":"Analizator klor dioksida serije M 1056 C - Controlmatik ABW","og_description":"Merilno obmo\u010dje 0 - 1 mg\/l   3 merilne elektrode: platina\/platina + referen\u010dna elektroda  Kontinuirana meritev: klor dioksid  Merilno obmo\u010dje za koncentracije do 500 ug\/l  Stabilna meritev\u2014 odprta preto\u010dna merilna celica s konstantnim pretokom  Kontinuirano \u010di\u0161\u010denje merilnih elektrod s kora\u010dnim motorjem  Vpogled v parametre merilne celice za hitro odkrivanje vpliva mote\u010dih elementov  Modularna izvedba merilnih elektronik (enostavno servisiranje)  Alarm napake merilne celice ali reguliranja  Canbus komunikacija za enostavno povezovanje ve\u010d enot na nadzorno enoto  Pregleden grafi\u010dni prikaz vseh merjenih parametrov","og_url":"https:\/\/controlmatik-abw.si\/sl\/products\/analizator-klor-dioksida-serije-m-1056-c\/","og_site_name":"Controlmatik ABW","article_modified_time":"2019-12-17T13:22:48+00:00","og_image":[{"width":800,"height":533,"url":"https:\/\/controlmatik-abw.si\/wp-content\/uploads\/2018\/09\/chlorine-dioxide-analyser-M-1056-C.jpg","type":"image\/jpeg"}],"twitter_card":"summary_large_image","twitter_misc":{"Est. reading time":"1 minuta"},"schema":{"@context":"https:\/\/schema.org","@graph":[{"@type":"WebPage","@id":"https:\/\/controlmatik-abw.si\/sl\/products\/analizator-klor-dioksida-serije-m-1056-c\/","url":"https:\/\/controlmatik-abw.si\/sl\/products\/analizator-klor-dioksida-serije-m-1056-c\/","name":"Analizator klor dioksida serije M 1056 C - Controlmatik ABW","isPartOf":{"@id":"https:\/\/controlmatik-abw.si\/#website"},"primaryImageOfPage":{"@id":"https:\/\/controlmatik-abw.si\/sl\/products\/analizator-klor-dioksida-serije-m-1056-c\/#primaryimage"},"image":{"@id":"https:\/\/controlmatik-abw.si\/sl\/products\/analizator-klor-dioksida-serije-m-1056-c\/#primaryimage"},"thumbnailUrl":"https:\/\/controlmatik-abw.si\/wp-content\/uploads\/2018\/09\/chlorine-dioxide-analyser-M-1056-C.jpg","datePublished":"2019-05-21T08:18:48+00:00","dateModified":"2019-12-17T13:22:48+00:00","breadcrumb":{"@id":"https:\/\/controlmatik-abw.si\/sl\/products\/analizator-klor-dioksida-serije-m-1056-c\/#breadcrumb"},"inLanguage":"sl-SI","potentialAction":[{"@type":"ReadAction","target":["https:\/\/controlmatik-abw.si\/sl\/products\/analizator-klor-dioksida-serije-m-1056-c\/"]}]},{"@type":"ImageObject","inLanguage":"sl-SI","@id":"https:\/\/controlmatik-abw.si\/sl\/products\/analizator-klor-dioksida-serije-m-1056-c\/#primaryimage","url":"https:\/\/controlmatik-abw.si\/wp-content\/uploads\/2018\/09\/chlorine-dioxide-analyser-M-1056-C.jpg","contentUrl":"https:\/\/controlmatik-abw.si\/wp-content\/uploads\/2018\/09\/chlorine-dioxide-analyser-M-1056-C.jpg","width":800,"height":533},{"@type":"BreadcrumbList","@id":"https:\/\/controlmatik-abw.si\/sl\/products\/analizator-klor-dioksida-serije-m-1056-c\/#breadcrumb","itemListElement":[{"@type":"ListItem","position":1,"name":"Home","item":"https:\/\/controlmatik-abw.si\/sl\/"},{"@type":"ListItem","position":2,"name":"Trgovina","item":"https:\/\/controlmatik-abw.si\/sl\/trgovina\/"},{"@type":"ListItem","position":3,"name":"Analizator klor dioksida serije M 1056 C"}]},{"@type":"WebSite","@id":"https:\/\/controlmatik-abw.si\/#website","url":"https:\/\/controlmatik-abw.si\/","name":"Controlmatik ABW","description":"","potentialAction":[{"@type":"SearchAction","target":{"@type":"EntryPoint","urlTemplate":"https:\/\/controlmatik-abw.si\/?s={search_term_string}"},"query-input":{"@type":"PropertyValueSpecification","valueRequired":true,"valueName":"search_term_string"}}],"inLanguage":"sl-SI"}]}},"_links":{"self":[{"href":"https:\/\/controlmatik-abw.si\/sl\/wp-json\/wp\/v2\/product\/3358","targetHints":{"allow":["GET"]}}],"collection":[{"href":"https:\/\/controlmatik-abw.si\/sl\/wp-json\/wp\/v2\/product"}],"about":[{"href":"https:\/\/controlmatik-abw.si\/sl\/wp-json\/wp\/v2\/types\/product"}],"wp:featuredmedia":[{"embeddable":true,"href":"https:\/\/controlmatik-abw.si\/sl\/wp-json\/wp\/v2\/media\/933"}],"wp:attachment":[{"href":"https:\/\/controlmatik-abw.si\/sl\/wp-json\/wp\/v2\/media?parent=3358"}],"wp:term":[{"taxonomy":"product_brand","embeddable":true,"href":"https:\/\/controlmatik-abw.si\/sl\/wp-json\/wp\/v2\/product_brand?post=3358"},{"taxonomy":"product_cat","embeddable":true,"href":"https:\/\/controlmatik-abw.si\/sl\/wp-json\/wp\/v2\/product_cat?post=3358"},{"taxonomy":"product_tag","embeddable":true,"href":"https:\/\/controlmatik-abw.si\/sl\/wp-json\/wp\/v2\/product_tag?post=3358"}],"curies":[{"name":"wp","href":"https:\/\/api.w.org\/{rel}","templated":true}]}}