{"id":3343,"date":"2019-05-21T08:18:41","date_gmt":"2019-05-21T08:18:41","guid":{"rendered":"http:\/\/controlmatic.com.dev.cj.si\/products\/import-placeholder-for-38\/"},"modified":"2019-12-17T13:31:10","modified_gmt":"2019-12-17T13:31:10","slug":"vakuumski-regulatorji-serije-m-20-c","status":"publish","type":"product","link":"https:\/\/controlmatik-abw.si\/sl\/products\/vakuumski-regulatorji-serije-m-20-c\/","title":{"rendered":"Vakuumski regulatorji serije M 20 C"},"content":{"rendered":"<h3>SPLO\u0160NO<\/h3>\n<p>Vakuumski regulatorji serije M 20 so naprave namenjene doziranju plinskega klora, z manj\u0161imi spremembami pa tudi drugih plinov (CO2, SO2, NH3). Delujejo na podlagi indirektnega vakuumskega principa. Izdelani so iz najbolj\u0161ih materialov odpornih na agresivne pline. Vzmeti so narejene iz tantalovih legur, dozirni ventili iz tehni\u010dno \u010distega srebra, ohi\u0161je iz masivnega odlitka zmesi kav\u010duka in plastike, membrane in tesnila iz kakovostnih materialov kot so ECTFE, FPM\/FKM, PTFE, PVDF, kar zagotavlja delovanje naprav brez okvar pri visokih mehanskih in temperaturnih obremenitvah.<\/p>\n<h3>DELOVANJE<\/h3>\n<p>Tlak plina (Cl2) se vzpostavi samo na zadnjem, masivno zgrajenem delu regulatorja. Vstopni ventil prepre\u010duje nekontroliran vstop plina v sistem. Ko ejektor ustvari dovolj vakuuma, da premaga silo vzmeti zapornega ventila, potuje plinski klor po vakuumski liniji skozi merilec pretoka preko dozirnega ventila do injektorja, kjer se v komori intenzivno me\u0161a z vodo.<br \/>\nDozirno koli\u010dino nastavljamo na preciznem dozirnem iglastem ventilu. Na ohi\u0161ju regulatorja je opti\u010dno kazalo, ki signalizira, da je jeklenka s Cl2 prazna. Dodatno se lahko naro\u010di \u0161e manometer in stikalo za elektri\u010dni signal, ki javlja kdaj se jeklenka izprazni.<\/p>\n<div class=\"green-box\">\n<div class=\"row\">\n<div class=\"col-md-5\">\n<p><a class=\"button\" href=\"#\">Oglej si sistem v delovanju<\/a><\/p>\n<\/div>\n<div class=\"col-md-7\"><img decoding=\"async\" src=\"\/wp-content\/uploads\/2018\/08\/full-system.jpg\" \/><\/div>\n<\/div>\n<\/div>\n","protected":false},"excerpt":{"rendered":"<h3>Kapaciteta do 15 kg\/h<\/h3>\n<p>Vakuumski regulatorji serije M 20 so naprave namenjene doziranju plinskega klora, z manj\u0161imi spremembami pa tudi drugih plinov (CO2, SO2, NH3). Delujejo na podlagi indirektnega vakuumskega principa.<\/p>\n","protected":false},"featured_media":440,"template":"","meta":{"_acf_changed":false,"inline_featured_image":false},"product_brand":[],"product_cat":[109,110],"product_tag":[],"class_list":{"0":"post-3343","1":"product","2":"type-product","3":"status-publish","4":"has-post-thumbnail","6":"product_cat-doziranje-plinov","7":"product_cat-vakuumski-regulatorji","9":"first","10":"instock","11":"virtual","12":"purchasable","13":"product-type-simple"},"acf":[],"yoast_head":"<!-- This site is optimized with the Yoast SEO plugin v27.5 - https:\/\/yoast.com\/product\/yoast-seo-wordpress\/ -->\n<title>Vakuumski regulatorji serije M 20 C - Controlmatik ABW<\/title>\n<meta name=\"robots\" content=\"index, follow, max-snippet:-1, max-image-preview:large, max-video-preview:-1\" \/>\n<link rel=\"canonical\" href=\"https:\/\/controlmatik-abw.si\/sl\/products\/vakuumski-regulatorji-serije-m-20-c\/\" \/>\n<meta property=\"og:locale\" content=\"sl_SI\" \/>\n<meta property=\"og:type\" content=\"article\" \/>\n<meta property=\"og:title\" content=\"Vakuumski regulatorji serije M 20 C - Controlmatik ABW\" \/>\n<meta property=\"og:description\" content=\"Kapaciteta do 15 kg\/h Vakuumski regulatorji serije M 20 so naprave namenjene doziranju plinskega klora, z manj\u0161imi spremembami pa tudi drugih plinov (CO2, SO2, NH3). Delujejo na podlagi indirektnega vakuumskega principa.\" \/>\n<meta property=\"og:url\" content=\"https:\/\/controlmatik-abw.si\/sl\/products\/vakuumski-regulatorji-serije-m-20-c\/\" \/>\n<meta property=\"og:site_name\" content=\"Controlmatik ABW\" \/>\n<meta property=\"article:modified_time\" content=\"2019-12-17T13:31:10+00:00\" \/>\n<meta property=\"og:image\" content=\"https:\/\/controlmatik-abw.si\/wp-content\/uploads\/2018\/08\/vacuum-regulator-M-20-C_13.jpg\" \/>\n\t<meta property=\"og:image:width\" content=\"800\" \/>\n\t<meta property=\"og:image:height\" content=\"533\" \/>\n\t<meta property=\"og:image:type\" content=\"image\/jpeg\" \/>\n<meta name=\"twitter:card\" content=\"summary_large_image\" \/>\n<meta name=\"twitter:label1\" content=\"Est. reading time\" \/>\n\t<meta name=\"twitter:data1\" content=\"1 minuta\" \/>\n<script type=\"application\/ld+json\" class=\"yoast-schema-graph\">{\"@context\":\"https:\\\/\\\/schema.org\",\"@graph\":[{\"@type\":\"WebPage\",\"@id\":\"https:\\\/\\\/controlmatik-abw.si\\\/sl\\\/products\\\/vakuumski-regulatorji-serije-m-20-c\\\/\",\"url\":\"https:\\\/\\\/controlmatik-abw.si\\\/sl\\\/products\\\/vakuumski-regulatorji-serije-m-20-c\\\/\",\"name\":\"Vakuumski regulatorji serije M 20 C - Controlmatik ABW\",\"isPartOf\":{\"@id\":\"https:\\\/\\\/controlmatik-abw.si\\\/#website\"},\"primaryImageOfPage\":{\"@id\":\"https:\\\/\\\/controlmatik-abw.si\\\/sl\\\/products\\\/vakuumski-regulatorji-serije-m-20-c\\\/#primaryimage\"},\"image\":{\"@id\":\"https:\\\/\\\/controlmatik-abw.si\\\/sl\\\/products\\\/vakuumski-regulatorji-serije-m-20-c\\\/#primaryimage\"},\"thumbnailUrl\":\"https:\\\/\\\/controlmatik-abw.si\\\/wp-content\\\/uploads\\\/2018\\\/08\\\/vacuum-regulator-M-20-C_13.jpg\",\"datePublished\":\"2019-05-21T08:18:41+00:00\",\"dateModified\":\"2019-12-17T13:31:10+00:00\",\"breadcrumb\":{\"@id\":\"https:\\\/\\\/controlmatik-abw.si\\\/sl\\\/products\\\/vakuumski-regulatorji-serije-m-20-c\\\/#breadcrumb\"},\"inLanguage\":\"sl-SI\",\"potentialAction\":[{\"@type\":\"ReadAction\",\"target\":[\"https:\\\/\\\/controlmatik-abw.si\\\/sl\\\/products\\\/vakuumski-regulatorji-serije-m-20-c\\\/\"]}]},{\"@type\":\"ImageObject\",\"inLanguage\":\"sl-SI\",\"@id\":\"https:\\\/\\\/controlmatik-abw.si\\\/sl\\\/products\\\/vakuumski-regulatorji-serije-m-20-c\\\/#primaryimage\",\"url\":\"https:\\\/\\\/controlmatik-abw.si\\\/wp-content\\\/uploads\\\/2018\\\/08\\\/vacuum-regulator-M-20-C_13.jpg\",\"contentUrl\":\"https:\\\/\\\/controlmatik-abw.si\\\/wp-content\\\/uploads\\\/2018\\\/08\\\/vacuum-regulator-M-20-C_13.jpg\",\"width\":800,\"height\":533},{\"@type\":\"BreadcrumbList\",\"@id\":\"https:\\\/\\\/controlmatik-abw.si\\\/sl\\\/products\\\/vakuumski-regulatorji-serije-m-20-c\\\/#breadcrumb\",\"itemListElement\":[{\"@type\":\"ListItem\",\"position\":1,\"name\":\"Home\",\"item\":\"https:\\\/\\\/controlmatik-abw.si\\\/sl\\\/\"},{\"@type\":\"ListItem\",\"position\":2,\"name\":\"Trgovina\",\"item\":\"https:\\\/\\\/controlmatik-abw.si\\\/sl\\\/trgovina\\\/\"},{\"@type\":\"ListItem\",\"position\":3,\"name\":\"Vakuumski regulatorji serije M 20 C\"}]},{\"@type\":\"WebSite\",\"@id\":\"https:\\\/\\\/controlmatik-abw.si\\\/#website\",\"url\":\"https:\\\/\\\/controlmatik-abw.si\\\/\",\"name\":\"Controlmatik ABW\",\"description\":\"\",\"potentialAction\":[{\"@type\":\"SearchAction\",\"target\":{\"@type\":\"EntryPoint\",\"urlTemplate\":\"https:\\\/\\\/controlmatik-abw.si\\\/?s={search_term_string}\"},\"query-input\":{\"@type\":\"PropertyValueSpecification\",\"valueRequired\":true,\"valueName\":\"search_term_string\"}}],\"inLanguage\":\"sl-SI\"}]}<\/script>\n<!-- \/ Yoast SEO plugin. -->","yoast_head_json":{"title":"Vakuumski regulatorji serije M 20 C - Controlmatik ABW","robots":{"index":"index","follow":"follow","max-snippet":"max-snippet:-1","max-image-preview":"max-image-preview:large","max-video-preview":"max-video-preview:-1"},"canonical":"https:\/\/controlmatik-abw.si\/sl\/products\/vakuumski-regulatorji-serije-m-20-c\/","og_locale":"sl_SI","og_type":"article","og_title":"Vakuumski regulatorji serije M 20 C - Controlmatik ABW","og_description":"Kapaciteta do 15 kg\/h Vakuumski regulatorji serije M 20 so naprave namenjene doziranju plinskega klora, z manj\u0161imi spremembami pa tudi drugih plinov (CO2, SO2, NH3). Delujejo na podlagi indirektnega vakuumskega principa.","og_url":"https:\/\/controlmatik-abw.si\/sl\/products\/vakuumski-regulatorji-serije-m-20-c\/","og_site_name":"Controlmatik ABW","article_modified_time":"2019-12-17T13:31:10+00:00","og_image":[{"width":800,"height":533,"url":"https:\/\/controlmatik-abw.si\/wp-content\/uploads\/2018\/08\/vacuum-regulator-M-20-C_13.jpg","type":"image\/jpeg"}],"twitter_card":"summary_large_image","twitter_misc":{"Est. reading time":"1 minuta"},"schema":{"@context":"https:\/\/schema.org","@graph":[{"@type":"WebPage","@id":"https:\/\/controlmatik-abw.si\/sl\/products\/vakuumski-regulatorji-serije-m-20-c\/","url":"https:\/\/controlmatik-abw.si\/sl\/products\/vakuumski-regulatorji-serije-m-20-c\/","name":"Vakuumski regulatorji serije M 20 C - Controlmatik ABW","isPartOf":{"@id":"https:\/\/controlmatik-abw.si\/#website"},"primaryImageOfPage":{"@id":"https:\/\/controlmatik-abw.si\/sl\/products\/vakuumski-regulatorji-serije-m-20-c\/#primaryimage"},"image":{"@id":"https:\/\/controlmatik-abw.si\/sl\/products\/vakuumski-regulatorji-serije-m-20-c\/#primaryimage"},"thumbnailUrl":"https:\/\/controlmatik-abw.si\/wp-content\/uploads\/2018\/08\/vacuum-regulator-M-20-C_13.jpg","datePublished":"2019-05-21T08:18:41+00:00","dateModified":"2019-12-17T13:31:10+00:00","breadcrumb":{"@id":"https:\/\/controlmatik-abw.si\/sl\/products\/vakuumski-regulatorji-serije-m-20-c\/#breadcrumb"},"inLanguage":"sl-SI","potentialAction":[{"@type":"ReadAction","target":["https:\/\/controlmatik-abw.si\/sl\/products\/vakuumski-regulatorji-serije-m-20-c\/"]}]},{"@type":"ImageObject","inLanguage":"sl-SI","@id":"https:\/\/controlmatik-abw.si\/sl\/products\/vakuumski-regulatorji-serije-m-20-c\/#primaryimage","url":"https:\/\/controlmatik-abw.si\/wp-content\/uploads\/2018\/08\/vacuum-regulator-M-20-C_13.jpg","contentUrl":"https:\/\/controlmatik-abw.si\/wp-content\/uploads\/2018\/08\/vacuum-regulator-M-20-C_13.jpg","width":800,"height":533},{"@type":"BreadcrumbList","@id":"https:\/\/controlmatik-abw.si\/sl\/products\/vakuumski-regulatorji-serije-m-20-c\/#breadcrumb","itemListElement":[{"@type":"ListItem","position":1,"name":"Home","item":"https:\/\/controlmatik-abw.si\/sl\/"},{"@type":"ListItem","position":2,"name":"Trgovina","item":"https:\/\/controlmatik-abw.si\/sl\/trgovina\/"},{"@type":"ListItem","position":3,"name":"Vakuumski regulatorji serije M 20 C"}]},{"@type":"WebSite","@id":"https:\/\/controlmatik-abw.si\/#website","url":"https:\/\/controlmatik-abw.si\/","name":"Controlmatik ABW","description":"","potentialAction":[{"@type":"SearchAction","target":{"@type":"EntryPoint","urlTemplate":"https:\/\/controlmatik-abw.si\/?s={search_term_string}"},"query-input":{"@type":"PropertyValueSpecification","valueRequired":true,"valueName":"search_term_string"}}],"inLanguage":"sl-SI"}]}},"_links":{"self":[{"href":"https:\/\/controlmatik-abw.si\/sl\/wp-json\/wp\/v2\/product\/3343","targetHints":{"allow":["GET"]}}],"collection":[{"href":"https:\/\/controlmatik-abw.si\/sl\/wp-json\/wp\/v2\/product"}],"about":[{"href":"https:\/\/controlmatik-abw.si\/sl\/wp-json\/wp\/v2\/types\/product"}],"wp:featuredmedia":[{"embeddable":true,"href":"https:\/\/controlmatik-abw.si\/sl\/wp-json\/wp\/v2\/media\/440"}],"wp:attachment":[{"href":"https:\/\/controlmatik-abw.si\/sl\/wp-json\/wp\/v2\/media?parent=3343"}],"wp:term":[{"taxonomy":"product_brand","embeddable":true,"href":"https:\/\/controlmatik-abw.si\/sl\/wp-json\/wp\/v2\/product_brand?post=3343"},{"taxonomy":"product_cat","embeddable":true,"href":"https:\/\/controlmatik-abw.si\/sl\/wp-json\/wp\/v2\/product_cat?post=3343"},{"taxonomy":"product_tag","embeddable":true,"href":"https:\/\/controlmatik-abw.si\/sl\/wp-json\/wp\/v2\/product_tag?post=3343"}],"curies":[{"name":"wp","href":"https:\/\/api.w.org\/{rel}","templated":true}]}}