{"id":3164,"date":"2018-09-10T13:45:01","date_gmt":"2018-09-10T13:45:01","guid":{"rendered":"http:\/\/controlmatic.com.dev.cj.si\/projekti-sofinancirani-s-strani-rs-in-eu\/"},"modified":"2023-08-03T20:16:48","modified_gmt":"2023-08-03T20:16:48","slug":"projekti-sofinancirani-s-strani-rs-in-eu","status":"publish","type":"page","link":"https:\/\/controlmatik-abw.si\/sl\/projekti-sofinancirani-s-strani-rs-in-eu\/","title":{"rendered":"Projekti sofinancirani s strani RS in EU"},"content":{"rendered":"<h2><\/h2>\n<h2><a href=\"https:\/\/next-generation-eu.europa.eu\/index_sl\"><img loading=\"lazy\" decoding=\"async\" class=\"wp-image-4895 alignnone\" src=\"https:\/\/controlmatik-abw.si\/wp-content\/uploads\/2023\/03\/1-1024x272.png\" alt=\"\" width=\"257\" height=\"68\" srcset=\"https:\/\/controlmatik-abw.si\/wp-content\/uploads\/2023\/03\/1-1024x272.png 1024w, https:\/\/controlmatik-abw.si\/wp-content\/uploads\/2023\/03\/1-300x80.png 300w, https:\/\/controlmatik-abw.si\/wp-content\/uploads\/2023\/03\/1-768x204.png 768w, https:\/\/controlmatik-abw.si\/wp-content\/uploads\/2023\/03\/1-1536x407.png 1536w, https:\/\/controlmatik-abw.si\/wp-content\/uploads\/2023\/03\/1-2048x543.png 2048w, https:\/\/controlmatik-abw.si\/wp-content\/uploads\/2023\/03\/1-600x159.png 600w\" sizes=\"auto, (max-width: 257px) 100vw, 257px\" \/><\/a>\u00a0<a href=\"https:\/\/www.gov.si\/drzavni-organi\/ministrstva\/ministrstvo-za-gospodarstvo-turizem-in-sport\/\"><img loading=\"lazy\" decoding=\"async\" class=\" wp-image-4920 alignnone\" src=\"https:\/\/controlmatik-abw.si\/wp-content\/uploads\/2023\/08\/logo-mgts.png\" alt=\"\" width=\"335\" height=\"72\" srcset=\"https:\/\/controlmatik-abw.si\/wp-content\/uploads\/2023\/08\/logo-mgts.png 482w, https:\/\/controlmatik-abw.si\/wp-content\/uploads\/2023\/08\/logo-mgts-300x65.png 300w\" sizes=\"auto, (max-width: 335px) 100vw, 335px\" \/><\/a>\u00a0 \u00a0<a href=\"https:\/\/www.gov.si\/zbirke\/projekti-in-programi\/nacrt-za-okrevanje-in-odpornost\/\"><img loading=\"lazy\" decoding=\"async\" class=\"wp-image-4924 alignnone\" src=\"https:\/\/controlmatik-abw.si\/wp-content\/uploads\/2023\/08\/NOO_Logo_RGB_sekundarni_SI_gradient-1024x450.png\" alt=\"\" width=\"141\" height=\"62\" srcset=\"https:\/\/controlmatik-abw.si\/wp-content\/uploads\/2023\/08\/NOO_Logo_RGB_sekundarni_SI_gradient-1024x450.png 1024w, https:\/\/controlmatik-abw.si\/wp-content\/uploads\/2023\/08\/NOO_Logo_RGB_sekundarni_SI_gradient-300x132.png 300w, https:\/\/controlmatik-abw.si\/wp-content\/uploads\/2023\/08\/NOO_Logo_RGB_sekundarni_SI_gradient-768x337.png 768w, https:\/\/controlmatik-abw.si\/wp-content\/uploads\/2023\/08\/NOO_Logo_RGB_sekundarni_SI_gradient-600x264.png 600w, https:\/\/controlmatik-abw.si\/wp-content\/uploads\/2023\/08\/NOO_Logo_RGB_sekundarni_SI_gradient.png 1106w\" sizes=\"auto, (max-width: 141px) 100vw, 141px\" \/><\/a><\/h2>\n<h2>Projekt &#8220;HidroSmart&#8221; je prejel sofinanciranje evropske unije<\/h2>\n<p>Preko projekta HidroSmart bomo razvili produkt, s katerim bo mo\u010d na inovativen na\u010din v realnem \u010dasu in na heterogenih kmetijskih zemlji\u0161\u010dih izvajati tar\u010den sistem zalivanja z optimalno koli\u010dino vode, ki bo prilagojen razli\u010dnim tipom rastlin in razli\u010dnim fazam rasti.<\/p>\n<p>Produkt predstavlja radikalen preboj na podro\u010dju upravljanja z vodami na kmetijskih povr\u0161inah. S trenutnimi re\u0161itvami porabimo do 70 % preve\u010d vode in hkrati do 30 % ve\u010d gnojil (zaradi izpiranja). Neoptimalno zalivanje prispeva tudi k ve\u010djemu onesna\u017eevanju podtalnih voda, zato bo na\u0161a re\u0161itev s tehnolo\u0161kimi inovacijami in inovativnim procesom izvajanja storitev mo\u010dno pripomogla pri prehodu na kro\u017eno gospodarstvo, vklju\u010dno s prepre\u010devanjem in nadzorovanjem onesna\u017eevanja in pri spopadanju s posledicami podnebnih sprememb.<\/p>\n<p>&nbsp;<\/p>\n<p>Skupna vrednost projekta zna\u0161a 497.000,00 Eur.<\/p>\n<p>Projekt je financiran iz mehanizma\u00a0<a href=\"https:\/\/www.gov.si\/zbirke\/projekti-in-programi\/nacrt-za-okrevanje-in-odpornost\">NextGenerationEU<\/a>\u00a0(<a href=\"http:\/\/evropskasredstva.si\/\">http:\/\/evropskasredstva.si\/<\/a>).<\/p>\n<p>Vi\u0161ina financiranja zna\u0161a 298.246,00 Eur<\/p>\n<h2><\/h2>\n<h2>Projekt &#8220;Nadgradnja elektronskega poslovanja&#8221; je prejel sofinanciranje evropske unije<\/h2>\n<p>Cilj nalo\u017ebe je vzpostavitev oz. nadgradnja elektronskega poslovanja, kar bo izbolj\u0161alo poslovanje in konkuren\u010dnost podjetja na tujih trgih.\u00a0<br clear=\"both\" \/><br clear=\"both\" \/>Nalo\u017ebo sofinancirata Republika Slovenija in Evropska unija iz Evropskega sklada za regionalni razvoj.\u00a0<br clear=\"both\" \/>Finan\u010dna podpora: 29.995,00 Eur<br clear=\"both\" \/><br clear=\"both\" \/>Ve\u010d informacij o kohezijski politiki v Sloveniji:\u00a0<a href=\"http:\/\/www.euskladi.si\/\" target=\"_blank\" rel=\"noopener\">www.euskladi.si<\/a>.<\/p>\n<p>&nbsp;<\/p>\n<h2>Projekt &#8220;Izbolj\u0161anje procesov in prehod v industrijo 4.0&#8221; je prejel sofinanciranje evropske unije<\/h2>\n<p>Cilj nalo\u017ebe je\u00a0izbolj\u0161anje konkuren\u010dnosti podjetja preko procesnih izbolj\u0161av.<\/p>\n<p><img loading=\"lazy\" decoding=\"async\" class=\"aligncenter wp-image-1088 size-large\" src=\"https:\/\/controlmatik-abw.si\/wp-content\/uploads\/2018\/09\/20180906_135739-1-1024x498.jpg\" alt=\"\" width=\"1024\" height=\"498\" srcset=\"https:\/\/controlmatik-abw.si\/wp-content\/uploads\/2018\/09\/20180906_135739-1-1024x498.jpg 1024w, https:\/\/controlmatik-abw.si\/wp-content\/uploads\/2018\/09\/20180906_135739-1-300x146.jpg 300w, https:\/\/controlmatik-abw.si\/wp-content\/uploads\/2018\/09\/20180906_135739-1-768x373.jpg 768w, https:\/\/controlmatik-abw.si\/wp-content\/uploads\/2018\/09\/20180906_135739-1-600x292.jpg 600w\" sizes=\"auto, (max-width: 1024px) 100vw, 1024px\" \/><br clear=\"both\" \/><br clear=\"both\" \/>Nalo\u017ebo sofinancirata\u00a0Republika Slovenija in Evropska unija iz Evropskega sklada za regionalni razvoj.<br clear=\"both\" \/>Finan\u010dna podpora: 19.500,00 eur<br clear=\"both\" \/><br clear=\"both\" \/>Ve\u010d informacij o kohezijski politiki v Sloveniji:\u00a0<a href=\"http:\/\/www.euskladi.si\/\">www.euskladi.si<\/a>.<\/p>\n<p><img loading=\"lazy\" decoding=\"async\" class=\"alignnone size-medium wp-image-1082\" src=\"https:\/\/controlmatik-abw.si\/wp-content\/uploads\/2018\/09\/logo-european-union-european-regional-development-investing-SLO-300x125.jpg\" alt=\"\" width=\"300\" height=\"125\" srcset=\"https:\/\/controlmatik-abw.si\/wp-content\/uploads\/2018\/09\/logo-european-union-european-regional-development-investing-SLO-300x125.jpg 300w, https:\/\/controlmatik-abw.si\/wp-content\/uploads\/2018\/09\/logo-european-union-european-regional-development-investing-SLO-600x250.jpg 600w, https:\/\/controlmatik-abw.si\/wp-content\/uploads\/2018\/09\/logo-european-union-european-regional-development-investing-SLO.jpg 605w\" sizes=\"auto, (max-width: 300px) 100vw, 300px\" \/><\/p>\n","protected":false},"excerpt":{"rendered":"<p>\u00a0\u00a0 \u00a0 Projekt &#8220;HidroSmart&#8221; je prejel sofinanciranje evropske unije Preko<\/p>\n","protected":false},"author":1,"featured_media":1082,"parent":0,"menu_order":0,"comment_status":"closed","ping_status":"closed","template":"page-static.php","meta":{"_acf_changed":false,"inline_featured_image":false,"footnotes":""},"class_list":["post-3164","page","type-page","status-publish","has-post-thumbnail","hentry"],"acf":[],"yoast_head":"<!-- This site is optimized with the Yoast SEO plugin v27.3 - https:\/\/yoast.com\/product\/yoast-seo-wordpress\/ -->\n<title>Projekti sofinancirani s strani RS in EU - Controlmatik ABW<\/title>\n<meta name=\"robots\" content=\"index, follow, max-snippet:-1, max-image-preview:large, max-video-preview:-1\" \/>\n<link rel=\"canonical\" href=\"https:\/\/controlmatik-abw.si\/sl\/projekti-sofinancirani-s-strani-rs-in-eu\/\" \/>\n<meta property=\"og:locale\" content=\"sl_SI\" \/>\n<meta property=\"og:type\" content=\"article\" \/>\n<meta property=\"og:title\" content=\"Projekti sofinancirani s strani RS in EU - Controlmatik ABW\" \/>\n<meta property=\"og:description\" content=\"\u00a0\u00a0 \u00a0 Projekt &#8220;HidroSmart&#8221; je prejel sofinanciranje evropske unije Preko\" \/>\n<meta property=\"og:url\" content=\"https:\/\/controlmatik-abw.si\/sl\/projekti-sofinancirani-s-strani-rs-in-eu\/\" \/>\n<meta property=\"og:site_name\" content=\"Controlmatik ABW\" \/>\n<meta property=\"article:modified_time\" content=\"2023-08-03T20:16:48+00:00\" \/>\n<meta property=\"og:image\" content=\"https:\/\/controlmatik-abw.si\/wp-content\/uploads\/2018\/09\/logo-european-union-european-regional-development-investing-SLO.jpg\" \/>\n\t<meta property=\"og:image:width\" content=\"605\" \/>\n\t<meta property=\"og:image:height\" content=\"252\" \/>\n\t<meta property=\"og:image:type\" content=\"image\/jpeg\" \/>\n<meta name=\"twitter:card\" content=\"summary_large_image\" \/>\n<meta name=\"twitter:label1\" content=\"Est. reading time\" \/>\n\t<meta name=\"twitter:data1\" content=\"3 minute\" \/>\n<script type=\"application\/ld+json\" class=\"yoast-schema-graph\">{\"@context\":\"https:\\\/\\\/schema.org\",\"@graph\":[{\"@type\":\"WebPage\",\"@id\":\"https:\\\/\\\/controlmatik-abw.si\\\/sl\\\/projekti-sofinancirani-s-strani-rs-in-eu\\\/\",\"url\":\"https:\\\/\\\/controlmatik-abw.si\\\/sl\\\/projekti-sofinancirani-s-strani-rs-in-eu\\\/\",\"name\":\"Projekti sofinancirani s strani RS in EU - Controlmatik ABW\",\"isPartOf\":{\"@id\":\"https:\\\/\\\/controlmatik-abw.si\\\/#website\"},\"primaryImageOfPage\":{\"@id\":\"https:\\\/\\\/controlmatik-abw.si\\\/sl\\\/projekti-sofinancirani-s-strani-rs-in-eu\\\/#primaryimage\"},\"image\":{\"@id\":\"https:\\\/\\\/controlmatik-abw.si\\\/sl\\\/projekti-sofinancirani-s-strani-rs-in-eu\\\/#primaryimage\"},\"thumbnailUrl\":\"https:\\\/\\\/controlmatik-abw.si\\\/wp-content\\\/uploads\\\/2018\\\/09\\\/logo-european-union-european-regional-development-investing-SLO.jpg\",\"datePublished\":\"2018-09-10T13:45:01+00:00\",\"dateModified\":\"2023-08-03T20:16:48+00:00\",\"breadcrumb\":{\"@id\":\"https:\\\/\\\/controlmatik-abw.si\\\/sl\\\/projekti-sofinancirani-s-strani-rs-in-eu\\\/#breadcrumb\"},\"inLanguage\":\"sl-SI\",\"potentialAction\":[{\"@type\":\"ReadAction\",\"target\":[\"https:\\\/\\\/controlmatik-abw.si\\\/sl\\\/projekti-sofinancirani-s-strani-rs-in-eu\\\/\"]}]},{\"@type\":\"ImageObject\",\"inLanguage\":\"sl-SI\",\"@id\":\"https:\\\/\\\/controlmatik-abw.si\\\/sl\\\/projekti-sofinancirani-s-strani-rs-in-eu\\\/#primaryimage\",\"url\":\"https:\\\/\\\/controlmatik-abw.si\\\/wp-content\\\/uploads\\\/2018\\\/09\\\/logo-european-union-european-regional-development-investing-SLO.jpg\",\"contentUrl\":\"https:\\\/\\\/controlmatik-abw.si\\\/wp-content\\\/uploads\\\/2018\\\/09\\\/logo-european-union-european-regional-development-investing-SLO.jpg\",\"width\":605,\"height\":252},{\"@type\":\"BreadcrumbList\",\"@id\":\"https:\\\/\\\/controlmatik-abw.si\\\/sl\\\/projekti-sofinancirani-s-strani-rs-in-eu\\\/#breadcrumb\",\"itemListElement\":[{\"@type\":\"ListItem\",\"position\":1,\"name\":\"Home\",\"item\":\"https:\\\/\\\/controlmatik-abw.si\\\/sl\\\/\"},{\"@type\":\"ListItem\",\"position\":2,\"name\":\"Projekti sofinancirani s strani RS in EU\"}]},{\"@type\":\"WebSite\",\"@id\":\"https:\\\/\\\/controlmatik-abw.si\\\/#website\",\"url\":\"https:\\\/\\\/controlmatik-abw.si\\\/\",\"name\":\"Controlmatik ABW\",\"description\":\"\",\"potentialAction\":[{\"@type\":\"SearchAction\",\"target\":{\"@type\":\"EntryPoint\",\"urlTemplate\":\"https:\\\/\\\/controlmatik-abw.si\\\/?s={search_term_string}\"},\"query-input\":{\"@type\":\"PropertyValueSpecification\",\"valueRequired\":true,\"valueName\":\"search_term_string\"}}],\"inLanguage\":\"sl-SI\"}]}<\/script>\n<!-- \/ Yoast SEO plugin. -->","yoast_head_json":{"title":"Projekti sofinancirani s strani RS in EU - Controlmatik ABW","robots":{"index":"index","follow":"follow","max-snippet":"max-snippet:-1","max-image-preview":"max-image-preview:large","max-video-preview":"max-video-preview:-1"},"canonical":"https:\/\/controlmatik-abw.si\/sl\/projekti-sofinancirani-s-strani-rs-in-eu\/","og_locale":"sl_SI","og_type":"article","og_title":"Projekti sofinancirani s strani RS in EU - Controlmatik ABW","og_description":"\u00a0\u00a0 \u00a0 Projekt &#8220;HidroSmart&#8221; je prejel sofinanciranje evropske unije Preko","og_url":"https:\/\/controlmatik-abw.si\/sl\/projekti-sofinancirani-s-strani-rs-in-eu\/","og_site_name":"Controlmatik ABW","article_modified_time":"2023-08-03T20:16:48+00:00","og_image":[{"width":605,"height":252,"url":"https:\/\/controlmatik-abw.si\/wp-content\/uploads\/2018\/09\/logo-european-union-european-regional-development-investing-SLO.jpg","type":"image\/jpeg"}],"twitter_card":"summary_large_image","twitter_misc":{"Est. reading time":"3 minute"},"schema":{"@context":"https:\/\/schema.org","@graph":[{"@type":"WebPage","@id":"https:\/\/controlmatik-abw.si\/sl\/projekti-sofinancirani-s-strani-rs-in-eu\/","url":"https:\/\/controlmatik-abw.si\/sl\/projekti-sofinancirani-s-strani-rs-in-eu\/","name":"Projekti sofinancirani s strani RS in EU - Controlmatik ABW","isPartOf":{"@id":"https:\/\/controlmatik-abw.si\/#website"},"primaryImageOfPage":{"@id":"https:\/\/controlmatik-abw.si\/sl\/projekti-sofinancirani-s-strani-rs-in-eu\/#primaryimage"},"image":{"@id":"https:\/\/controlmatik-abw.si\/sl\/projekti-sofinancirani-s-strani-rs-in-eu\/#primaryimage"},"thumbnailUrl":"https:\/\/controlmatik-abw.si\/wp-content\/uploads\/2018\/09\/logo-european-union-european-regional-development-investing-SLO.jpg","datePublished":"2018-09-10T13:45:01+00:00","dateModified":"2023-08-03T20:16:48+00:00","breadcrumb":{"@id":"https:\/\/controlmatik-abw.si\/sl\/projekti-sofinancirani-s-strani-rs-in-eu\/#breadcrumb"},"inLanguage":"sl-SI","potentialAction":[{"@type":"ReadAction","target":["https:\/\/controlmatik-abw.si\/sl\/projekti-sofinancirani-s-strani-rs-in-eu\/"]}]},{"@type":"ImageObject","inLanguage":"sl-SI","@id":"https:\/\/controlmatik-abw.si\/sl\/projekti-sofinancirani-s-strani-rs-in-eu\/#primaryimage","url":"https:\/\/controlmatik-abw.si\/wp-content\/uploads\/2018\/09\/logo-european-union-european-regional-development-investing-SLO.jpg","contentUrl":"https:\/\/controlmatik-abw.si\/wp-content\/uploads\/2018\/09\/logo-european-union-european-regional-development-investing-SLO.jpg","width":605,"height":252},{"@type":"BreadcrumbList","@id":"https:\/\/controlmatik-abw.si\/sl\/projekti-sofinancirani-s-strani-rs-in-eu\/#breadcrumb","itemListElement":[{"@type":"ListItem","position":1,"name":"Home","item":"https:\/\/controlmatik-abw.si\/sl\/"},{"@type":"ListItem","position":2,"name":"Projekti sofinancirani s strani RS in EU"}]},{"@type":"WebSite","@id":"https:\/\/controlmatik-abw.si\/#website","url":"https:\/\/controlmatik-abw.si\/","name":"Controlmatik ABW","description":"","potentialAction":[{"@type":"SearchAction","target":{"@type":"EntryPoint","urlTemplate":"https:\/\/controlmatik-abw.si\/?s={search_term_string}"},"query-input":{"@type":"PropertyValueSpecification","valueRequired":true,"valueName":"search_term_string"}}],"inLanguage":"sl-SI"}]}},"_links":{"self":[{"href":"https:\/\/controlmatik-abw.si\/sl\/wp-json\/wp\/v2\/pages\/3164","targetHints":{"allow":["GET"]}}],"collection":[{"href":"https:\/\/controlmatik-abw.si\/sl\/wp-json\/wp\/v2\/pages"}],"about":[{"href":"https:\/\/controlmatik-abw.si\/sl\/wp-json\/wp\/v2\/types\/page"}],"author":[{"embeddable":true,"href":"https:\/\/controlmatik-abw.si\/sl\/wp-json\/wp\/v2\/users\/1"}],"replies":[{"embeddable":true,"href":"https:\/\/controlmatik-abw.si\/sl\/wp-json\/wp\/v2\/comments?post=3164"}],"version-history":[{"count":6,"href":"https:\/\/controlmatik-abw.si\/sl\/wp-json\/wp\/v2\/pages\/3164\/revisions"}],"predecessor-version":[{"id":4933,"href":"https:\/\/controlmatik-abw.si\/sl\/wp-json\/wp\/v2\/pages\/3164\/revisions\/4933"}],"wp:featuredmedia":[{"embeddable":true,"href":"https:\/\/controlmatik-abw.si\/sl\/wp-json\/wp\/v2\/media\/1082"}],"wp:attachment":[{"href":"https:\/\/controlmatik-abw.si\/sl\/wp-json\/wp\/v2\/media?parent=3164"}],"curies":[{"name":"wp","href":"https:\/\/api.w.org\/{rel}","templated":true}]}}