{"id":3163,"date":"2018-09-01T13:42:59","date_gmt":"2018-09-01T13:42:59","guid":{"rendered":"http:\/\/controlmatic.com.dev.cj.si\/privacy-policy\/"},"modified":"2021-07-07T07:17:36","modified_gmt":"2021-07-07T07:17:36","slug":"pravilnik-o-zasebnosti","status":"publish","type":"page","link":"https:\/\/controlmatik-abw.si\/sl\/pravilnik-o-zasebnosti\/","title":{"rendered":"Politika varstva osebnih podatkov"},"content":{"rendered":"<h1>Politika varstva\u00a0osebnih podatkov<\/h1>\n<h2>1.\u00a0\u00a0\u00a0 Upravljavec<\/h2>\n<p>Uradno ime podjetja:\u00a0 <strong>Controlmatik ABW d.o.o.<\/strong><br \/>\nSede\u017e podjetja: <strong>Fajfarjeva 15, 1230 Dom\u017eale, Slovenija<\/strong><br \/>\nOdgovorna oseba v podjetju (zakoniti zastopnik ali predstavnik): <strong>An\u017ee Boben<\/strong><\/p>\n<p>Kontakt:<\/p>\n<p>Controlmatik ABW d.o.o., Fajfarjeva 15, 1230 Dom\u017eale, Slovenija, tel.: +386 1 7213552, e-po\u0161ta: info@controlmatik.eu<\/p>\n<h2>2.\u00a0\u00a0\u00a0 Uporaba, obseg in namen hranjenja in obdelave<\/h2>\n<p>Osebne podatke hranimo in obdelujemo za namene ohranjevanja stika s strankami, tr\u017enega obve\u0161\u010danja prek elektronske po\u0161te, profiliranja strank s ciljem prilagojene ponudbe vsebin in izdelkov strankam v elektronski po\u0161ti in na spletni strani. Ob poslanih elektronskih sporo\u010dilih si zabele\u017eimo prikaze na strani posameznikov prejetih sporo\u010dil in klike na povezave v prejetih sporo\u010dilih. Za bolj\u0161o in bolj usmerjeno ponudbo ter prilagajanje nadaljnjih sporo\u010dil zabele\u017eene podatke avtomatsko obdelamo, analiziramo, profiliramo ter ocenjujemo zainteresiranost na\u0161ih strank za poslana sporo\u010dila. Na osnovi zabele\u017eenih podatkov in ustvarjenih profilov ne izvajamo avtomatiziranega sprejemanja odlo\u010ditev.<\/p>\n<p>Za namen obve\u0161\u010danja z elektronsko po\u0161to hranimo<\/p>\n<ul>\n<li>naslov elektronske po\u0161te<\/li>\n<li>ime<\/li>\n<li>priimek<\/li>\n<\/ul>\n<p>Osebne podatke zbiramo z izrecno privolitvijo oz. soglasjem posameznikov. Soglasja hranimo skupaj z njihovo vsebino in vsebino obrazca, s katerim so bila dobljena.<\/p>\n<p>Osebne podatke uporabljajo na\u0161i naslednji oddelki:<\/p>\n<ul>\n<li>Prodaja<\/li>\n<li>Marketing<\/li>\n<li>Podpora strankam<strong>\u00a0<\/strong><\/li>\n<\/ul>\n<h2>3.\u00a0\u00a0\u00a0 Kdo obdeluje osebne podatke<\/h2>\n<p>Upravljavec va\u0161ih osebnih podatkov je Controlmatik ABW d.o.o., Fajfarjeva 15, 1230 Dom\u017eale.<\/p>\n<h2>4.\u00a0\u00a0\u00a0 Obdobje hrambe<\/h2>\n<p>Osebne podatke posameznika hranimo do preklica soglasja za hranjenje in obdelavo podatkov posameznika. Po preklicu soglasja posameznika njegove osebne podatke nemudoma u\u010dinkovito in trajno izbri\u0161emo.<\/p>\n<p>V kolikor bi v na\u0161em podjetju prenehali zgoraj opisani nameni, zaradi katerih hranimo in obdelujemo osebne podatke, bomo zbirke podatkov, katerih namen je prenehal, nemudoma u\u010dinkovito in trajno izbrisali.<\/p>\n<h2>5.\u00a0\u00a0\u00a0 Pravice posameznika (osebe)<\/h2>\n<p>Vsak posameznik lahko za svoje podatke kadarkoli zahteva<\/p>\n<ul>\n<li>vpogled,<\/li>\n<li>popravek,<\/li>\n<li>popoln izbris,<\/li>\n<li>prekinitev obdelave in hranjenja oz. preklic soglasja za obdelavo in hranjenje, ne da bi to vplivalo na zakonitost obdelave, ki se je na podlagi privolitve oz. soglasja izvajala do njegovega preklica.<\/li>\n<li>Izbris osebnih podatkov iz na\u0161ih evidenc lahko zahtevate kadarkoli na naslov info@controlmatik.eu<\/li>\n<\/ul>\n<p>V primeru, da bi v na\u0161em podjetju \u017eeleli nadalje obdelovati osebne podatke za namen, ki ni namen, za katerega so bili osebni podatki zbrani, bomo posamezniku pred tako nadaljnjo obdelavo podatkov zagotovili informacije o tem drugem namenu in vse nadaljnje relevantne informacije, kot so podane v temu dokumentu.<\/p>\n<p>Vsak posameznik lahko v primeru, da meni, da so mu z na\u0161e strani kakorkoli kr\u0161ene pravice z naslova varstva njegovih osebnih podatkov, kadarkoli poda prito\u017ebo pri nadzornemu organu &#8211; Informacijskemu poobla\u0161\u010dencu v Republiki Sloveniji:<\/p>\n<p>Republika Slovenija, Informacijski poobla\u0161\u010denec, Zalo\u0161ka 59, 1000 Ljubljana, <a href=\"https:\/\/www.ip-rs.si\/\">https:\/\/www.ip-rs.si<\/a><\/p>\n<p>Storili bomo vse, kar je v na\u0161i mo\u010di, da posamezniku pomagamo pri uveljavljanju svojih pravic.<\/p>\n<h2 id=\"gdpr-soglasje\">6. GDPR soglasje<\/h2>\n<p>Va\u0161e podatke bomo uporabili le za po\u0161iljanje vsebin, za ketere menimo, da so vam v interesu: predstavitev na\u0161ih izdelkov in storitev, informacije o izobra\u017eevanjih in udele\u017ebah na sejmih.<\/p>\n","protected":false},"excerpt":{"rendered":"<p>Politika varstva\u00a0osebnih podatkov 1.\u00a0\u00a0\u00a0 Upravljavec Uradno ime podjetja:\u00a0 Controlmatik ABW<\/p>\n","protected":false},"author":1,"featured_media":0,"parent":0,"menu_order":0,"comment_status":"closed","ping_status":"closed","template":"","meta":{"_acf_changed":false,"inline_featured_image":false,"footnotes":""},"class_list":["post-3163","page","type-page","status-publish","hentry"],"acf":[],"yoast_head":"<!-- This site is optimized with the Yoast SEO plugin v27.5 - https:\/\/yoast.com\/product\/yoast-seo-wordpress\/ -->\n<title>Politika varstva osebnih podatkov - Controlmatik ABW<\/title>\n<meta name=\"robots\" content=\"index, follow, max-snippet:-1, max-image-preview:large, max-video-preview:-1\" \/>\n<link rel=\"canonical\" href=\"https:\/\/controlmatik-abw.si\/sl\/pravilnik-o-zasebnosti\/\" \/>\n<meta property=\"og:locale\" content=\"sl_SI\" \/>\n<meta property=\"og:type\" content=\"article\" \/>\n<meta property=\"og:title\" content=\"Politika varstva osebnih podatkov - Controlmatik ABW\" \/>\n<meta property=\"og:description\" content=\"Politika varstva\u00a0osebnih podatkov 1.\u00a0\u00a0\u00a0 Upravljavec Uradno ime podjetja:\u00a0 Controlmatik ABW\" \/>\n<meta property=\"og:url\" content=\"https:\/\/controlmatik-abw.si\/sl\/pravilnik-o-zasebnosti\/\" \/>\n<meta property=\"og:site_name\" content=\"Controlmatik ABW\" \/>\n<meta property=\"article:modified_time\" content=\"2021-07-07T07:17:36+00:00\" \/>\n<meta name=\"twitter:card\" content=\"summary_large_image\" \/>\n<meta name=\"twitter:label1\" content=\"Est. reading time\" \/>\n\t<meta name=\"twitter:data1\" content=\"2 minuti\" \/>\n<script type=\"application\/ld+json\" class=\"yoast-schema-graph\">{\"@context\":\"https:\\\/\\\/schema.org\",\"@graph\":[{\"@type\":\"WebPage\",\"@id\":\"https:\\\/\\\/controlmatik-abw.si\\\/sl\\\/pravilnik-o-zasebnosti\\\/\",\"url\":\"https:\\\/\\\/controlmatik-abw.si\\\/sl\\\/pravilnik-o-zasebnosti\\\/\",\"name\":\"Politika varstva osebnih podatkov - Controlmatik ABW\",\"isPartOf\":{\"@id\":\"https:\\\/\\\/controlmatik-abw.si\\\/#website\"},\"datePublished\":\"2018-09-01T13:42:59+00:00\",\"dateModified\":\"2021-07-07T07:17:36+00:00\",\"breadcrumb\":{\"@id\":\"https:\\\/\\\/controlmatik-abw.si\\\/sl\\\/pravilnik-o-zasebnosti\\\/#breadcrumb\"},\"inLanguage\":\"sl-SI\",\"potentialAction\":[{\"@type\":\"ReadAction\",\"target\":[\"https:\\\/\\\/controlmatik-abw.si\\\/sl\\\/pravilnik-o-zasebnosti\\\/\"]}]},{\"@type\":\"BreadcrumbList\",\"@id\":\"https:\\\/\\\/controlmatik-abw.si\\\/sl\\\/pravilnik-o-zasebnosti\\\/#breadcrumb\",\"itemListElement\":[{\"@type\":\"ListItem\",\"position\":1,\"name\":\"Home\",\"item\":\"https:\\\/\\\/controlmatik-abw.si\\\/sl\\\/\"},{\"@type\":\"ListItem\",\"position\":2,\"name\":\"Politika varstva osebnih podatkov\"}]},{\"@type\":\"WebSite\",\"@id\":\"https:\\\/\\\/controlmatik-abw.si\\\/#website\",\"url\":\"https:\\\/\\\/controlmatik-abw.si\\\/\",\"name\":\"Controlmatik ABW\",\"description\":\"\",\"potentialAction\":[{\"@type\":\"SearchAction\",\"target\":{\"@type\":\"EntryPoint\",\"urlTemplate\":\"https:\\\/\\\/controlmatik-abw.si\\\/?s={search_term_string}\"},\"query-input\":{\"@type\":\"PropertyValueSpecification\",\"valueRequired\":true,\"valueName\":\"search_term_string\"}}],\"inLanguage\":\"sl-SI\"}]}<\/script>\n<!-- \/ Yoast SEO plugin. -->","yoast_head_json":{"title":"Politika varstva osebnih podatkov - Controlmatik ABW","robots":{"index":"index","follow":"follow","max-snippet":"max-snippet:-1","max-image-preview":"max-image-preview:large","max-video-preview":"max-video-preview:-1"},"canonical":"https:\/\/controlmatik-abw.si\/sl\/pravilnik-o-zasebnosti\/","og_locale":"sl_SI","og_type":"article","og_title":"Politika varstva osebnih podatkov - Controlmatik ABW","og_description":"Politika varstva\u00a0osebnih podatkov 1.\u00a0\u00a0\u00a0 Upravljavec Uradno ime podjetja:\u00a0 Controlmatik ABW","og_url":"https:\/\/controlmatik-abw.si\/sl\/pravilnik-o-zasebnosti\/","og_site_name":"Controlmatik ABW","article_modified_time":"2021-07-07T07:17:36+00:00","twitter_card":"summary_large_image","twitter_misc":{"Est. reading time":"2 minuti"},"schema":{"@context":"https:\/\/schema.org","@graph":[{"@type":"WebPage","@id":"https:\/\/controlmatik-abw.si\/sl\/pravilnik-o-zasebnosti\/","url":"https:\/\/controlmatik-abw.si\/sl\/pravilnik-o-zasebnosti\/","name":"Politika varstva osebnih podatkov - Controlmatik ABW","isPartOf":{"@id":"https:\/\/controlmatik-abw.si\/#website"},"datePublished":"2018-09-01T13:42:59+00:00","dateModified":"2021-07-07T07:17:36+00:00","breadcrumb":{"@id":"https:\/\/controlmatik-abw.si\/sl\/pravilnik-o-zasebnosti\/#breadcrumb"},"inLanguage":"sl-SI","potentialAction":[{"@type":"ReadAction","target":["https:\/\/controlmatik-abw.si\/sl\/pravilnik-o-zasebnosti\/"]}]},{"@type":"BreadcrumbList","@id":"https:\/\/controlmatik-abw.si\/sl\/pravilnik-o-zasebnosti\/#breadcrumb","itemListElement":[{"@type":"ListItem","position":1,"name":"Home","item":"https:\/\/controlmatik-abw.si\/sl\/"},{"@type":"ListItem","position":2,"name":"Politika varstva osebnih podatkov"}]},{"@type":"WebSite","@id":"https:\/\/controlmatik-abw.si\/#website","url":"https:\/\/controlmatik-abw.si\/","name":"Controlmatik ABW","description":"","potentialAction":[{"@type":"SearchAction","target":{"@type":"EntryPoint","urlTemplate":"https:\/\/controlmatik-abw.si\/?s={search_term_string}"},"query-input":{"@type":"PropertyValueSpecification","valueRequired":true,"valueName":"search_term_string"}}],"inLanguage":"sl-SI"}]}},"_links":{"self":[{"href":"https:\/\/controlmatik-abw.si\/sl\/wp-json\/wp\/v2\/pages\/3163","targetHints":{"allow":["GET"]}}],"collection":[{"href":"https:\/\/controlmatik-abw.si\/sl\/wp-json\/wp\/v2\/pages"}],"about":[{"href":"https:\/\/controlmatik-abw.si\/sl\/wp-json\/wp\/v2\/types\/page"}],"author":[{"embeddable":true,"href":"https:\/\/controlmatik-abw.si\/sl\/wp-json\/wp\/v2\/users\/1"}],"replies":[{"embeddable":true,"href":"https:\/\/controlmatik-abw.si\/sl\/wp-json\/wp\/v2\/comments?post=3163"}],"version-history":[{"count":5,"href":"https:\/\/controlmatik-abw.si\/sl\/wp-json\/wp\/v2\/pages\/3163\/revisions"}],"predecessor-version":[{"id":4657,"href":"https:\/\/controlmatik-abw.si\/sl\/wp-json\/wp\/v2\/pages\/3163\/revisions\/4657"}],"wp:attachment":[{"href":"https:\/\/controlmatik-abw.si\/sl\/wp-json\/wp\/v2\/media?parent=3163"}],"curies":[{"name":"wp","href":"https:\/\/api.w.org\/{rel}","templated":true}]}}