{"id":2476,"date":"2018-10-09T16:30:57","date_gmt":"2018-10-09T16:30:57","guid":{"rendered":"http:\/\/controlmatic.com.dev.cj.si\/about-us\/"},"modified":"2024-05-28T17:00:36","modified_gmt":"2024-05-28T17:00:36","slug":"o-nas","status":"publish","type":"page","link":"https:\/\/controlmatik-abw.si\/sl\/o-nas\/","title":{"rendered":"O nas"},"content":{"rendered":"<p>Podjetje Controlmatik ABW dela na podro\u010dju vodne industrije \u017ee ve\u010d kot 30 let. Za\u010deli smo kot majhno podjetje v Sloveniji in v nekaj letih postali vodilno podjetje na trgu nekdanje Jugoslavije. Danes sodelujemo s strankami in poslovnimi partnerji v ve\u010d kot 40 dr\u017eavah po vsem svetu.<\/p>\n<p>Izdelujemo dozirno opremo za dezinfekcijo vode s kloriranjem, naprave za meritve, regulacijo in nadzor raznih parametrov v vodi ter varnostno opremo za zaznavanje in nevtralizacijo strupenih plinov v zraku, prav tako pa izvajamo re\u0161itve za pitno vodo, bazene in industrijskih tehnolo\u0161kih voda.<\/p>\n","protected":false},"excerpt":{"rendered":"<p>Podjetje Controlmatik ABW dela na podro\u010dju vodne industrije \u017ee ve\u010d<\/p>\n","protected":false},"author":1,"featured_media":0,"parent":0,"menu_order":0,"comment_status":"closed","ping_status":"closed","template":"page-default-v2.php","meta":{"_acf_changed":false,"inline_featured_image":false,"footnotes":""},"class_list":["post-2476","page","type-page","status-publish","hentry"],"acf":[],"yoast_head":"<!-- This site is optimized with the Yoast SEO plugin v27.5 - https:\/\/yoast.com\/product\/yoast-seo-wordpress\/ -->\n<title>O nas - Controlmatik ABW<\/title>\n<meta name=\"robots\" content=\"index, follow, max-snippet:-1, max-image-preview:large, max-video-preview:-1\" \/>\n<link rel=\"canonical\" href=\"https:\/\/controlmatik-abw.si\/sl\/o-nas\/\" \/>\n<meta property=\"og:locale\" content=\"sl_SI\" \/>\n<meta property=\"og:type\" content=\"article\" \/>\n<meta property=\"og:title\" content=\"O nas - Controlmatik ABW\" \/>\n<meta property=\"og:description\" content=\"Podjetje Controlmatik ABW dela na podro\u010dju vodne industrije \u017ee ve\u010d\" \/>\n<meta property=\"og:url\" content=\"https:\/\/controlmatik-abw.si\/sl\/o-nas\/\" \/>\n<meta property=\"og:site_name\" content=\"Controlmatik ABW\" \/>\n<meta property=\"article:modified_time\" content=\"2024-05-28T17:00:36+00:00\" \/>\n<meta name=\"twitter:card\" content=\"summary_large_image\" \/>\n<meta name=\"twitter:label1\" content=\"Est. reading time\" \/>\n\t<meta name=\"twitter:data1\" content=\"1 minuta\" \/>\n<script type=\"application\/ld+json\" class=\"yoast-schema-graph\">{\"@context\":\"https:\\\/\\\/schema.org\",\"@graph\":[{\"@type\":\"WebPage\",\"@id\":\"https:\\\/\\\/controlmatik-abw.si\\\/sl\\\/o-nas\\\/\",\"url\":\"https:\\\/\\\/controlmatik-abw.si\\\/sl\\\/o-nas\\\/\",\"name\":\"O nas - Controlmatik ABW\",\"isPartOf\":{\"@id\":\"https:\\\/\\\/controlmatik-abw.si\\\/#website\"},\"datePublished\":\"2018-10-09T16:30:57+00:00\",\"dateModified\":\"2024-05-28T17:00:36+00:00\",\"breadcrumb\":{\"@id\":\"https:\\\/\\\/controlmatik-abw.si\\\/sl\\\/o-nas\\\/#breadcrumb\"},\"inLanguage\":\"sl-SI\",\"potentialAction\":[{\"@type\":\"ReadAction\",\"target\":[\"https:\\\/\\\/controlmatik-abw.si\\\/sl\\\/o-nas\\\/\"]}]},{\"@type\":\"BreadcrumbList\",\"@id\":\"https:\\\/\\\/controlmatik-abw.si\\\/sl\\\/o-nas\\\/#breadcrumb\",\"itemListElement\":[{\"@type\":\"ListItem\",\"position\":1,\"name\":\"Home\",\"item\":\"https:\\\/\\\/controlmatik-abw.si\\\/sl\\\/\"},{\"@type\":\"ListItem\",\"position\":2,\"name\":\"O nas\"}]},{\"@type\":\"WebSite\",\"@id\":\"https:\\\/\\\/controlmatik-abw.si\\\/#website\",\"url\":\"https:\\\/\\\/controlmatik-abw.si\\\/\",\"name\":\"Controlmatik ABW\",\"description\":\"\",\"potentialAction\":[{\"@type\":\"SearchAction\",\"target\":{\"@type\":\"EntryPoint\",\"urlTemplate\":\"https:\\\/\\\/controlmatik-abw.si\\\/?s={search_term_string}\"},\"query-input\":{\"@type\":\"PropertyValueSpecification\",\"valueRequired\":true,\"valueName\":\"search_term_string\"}}],\"inLanguage\":\"sl-SI\"}]}<\/script>\n<!-- \/ Yoast SEO plugin. -->","yoast_head_json":{"title":"O nas - Controlmatik ABW","robots":{"index":"index","follow":"follow","max-snippet":"max-snippet:-1","max-image-preview":"max-image-preview:large","max-video-preview":"max-video-preview:-1"},"canonical":"https:\/\/controlmatik-abw.si\/sl\/o-nas\/","og_locale":"sl_SI","og_type":"article","og_title":"O nas - Controlmatik ABW","og_description":"Podjetje Controlmatik ABW dela na podro\u010dju vodne industrije \u017ee ve\u010d","og_url":"https:\/\/controlmatik-abw.si\/sl\/o-nas\/","og_site_name":"Controlmatik ABW","article_modified_time":"2024-05-28T17:00:36+00:00","twitter_card":"summary_large_image","twitter_misc":{"Est. reading time":"1 minuta"},"schema":{"@context":"https:\/\/schema.org","@graph":[{"@type":"WebPage","@id":"https:\/\/controlmatik-abw.si\/sl\/o-nas\/","url":"https:\/\/controlmatik-abw.si\/sl\/o-nas\/","name":"O nas - Controlmatik ABW","isPartOf":{"@id":"https:\/\/controlmatik-abw.si\/#website"},"datePublished":"2018-10-09T16:30:57+00:00","dateModified":"2024-05-28T17:00:36+00:00","breadcrumb":{"@id":"https:\/\/controlmatik-abw.si\/sl\/o-nas\/#breadcrumb"},"inLanguage":"sl-SI","potentialAction":[{"@type":"ReadAction","target":["https:\/\/controlmatik-abw.si\/sl\/o-nas\/"]}]},{"@type":"BreadcrumbList","@id":"https:\/\/controlmatik-abw.si\/sl\/o-nas\/#breadcrumb","itemListElement":[{"@type":"ListItem","position":1,"name":"Home","item":"https:\/\/controlmatik-abw.si\/sl\/"},{"@type":"ListItem","position":2,"name":"O nas"}]},{"@type":"WebSite","@id":"https:\/\/controlmatik-abw.si\/#website","url":"https:\/\/controlmatik-abw.si\/","name":"Controlmatik ABW","description":"","potentialAction":[{"@type":"SearchAction","target":{"@type":"EntryPoint","urlTemplate":"https:\/\/controlmatik-abw.si\/?s={search_term_string}"},"query-input":{"@type":"PropertyValueSpecification","valueRequired":true,"valueName":"search_term_string"}}],"inLanguage":"sl-SI"}]}},"_links":{"self":[{"href":"https:\/\/controlmatik-abw.si\/sl\/wp-json\/wp\/v2\/pages\/2476","targetHints":{"allow":["GET"]}}],"collection":[{"href":"https:\/\/controlmatik-abw.si\/sl\/wp-json\/wp\/v2\/pages"}],"about":[{"href":"https:\/\/controlmatik-abw.si\/sl\/wp-json\/wp\/v2\/types\/page"}],"author":[{"embeddable":true,"href":"https:\/\/controlmatik-abw.si\/sl\/wp-json\/wp\/v2\/users\/1"}],"replies":[{"embeddable":true,"href":"https:\/\/controlmatik-abw.si\/sl\/wp-json\/wp\/v2\/comments?post=2476"}],"version-history":[{"count":6,"href":"https:\/\/controlmatik-abw.si\/sl\/wp-json\/wp\/v2\/pages\/2476\/revisions"}],"predecessor-version":[{"id":4986,"href":"https:\/\/controlmatik-abw.si\/sl\/wp-json\/wp\/v2\/pages\/2476\/revisions\/4986"}],"wp:attachment":[{"href":"https:\/\/controlmatik-abw.si\/sl\/wp-json\/wp\/v2\/media?parent=2476"}],"curies":[{"name":"wp","href":"https:\/\/api.w.org\/{rel}","templated":true}]}}